{"id":3376,"date":"2023-08-08T09:37:05","date_gmt":"2023-08-08T09:37:05","guid":{"rendered":"https:\/\/pinkfrogs.kifadesign.it\/v02\/organisation\/"},"modified":"2024-05-03T12:50:04","modified_gmt":"2024-05-03T12:50:04","slug":"organisation","status":"publish","type":"page","link":"https:\/\/pinkfrogs.it\/fr\/organisation\/","title":{"rendered":"Organisation"},"content":{"rendered":"<section class=\"l-section wpb_row height_large color_primary with_img parallax_ver\"><div class=\"l-section-img\" role=\"img\" data-img-width=\"2400\" data-img-height=\"800\" style=\"background-image: url(https:\/\/pinkfrogs.it\/wp-content\/uploads\/2023\/10\/AZIENDA-Organizzazione.jpg);background-repeat: no-repeat;\"><\/div><div class=\"l-section-overlay\" style=\"background:linear-gradient(0deg,rgba(235,124,162,0.45),rgba(56,56,56,0.3))\"><\/div><div class=\"l-section-h i-cf\"><div class=\"g-cols vc_row via_grid cols_1 laptops-cols_inherit tablets-cols_inherit mobiles-cols_1 valign_middle type_default stacking_default\"><div class=\"wpb_column vc_column_container\"><div class=\"vc_column-inner\"><h1 class=\"w-text us_custom_06a2e8f9\"><span class=\"w-text-h\"><span class=\"w-text-value\">Organisation<\/span><\/span><\/h1><div class=\"w-separator size_small\"><\/div><\/div><\/div><\/div><\/div><\/section><section class=\"l-section wpb_row us_custom_f5ed9809 height_medium\"><div class=\"l-section-h i-cf\"><div class=\"g-cols vc_row via_grid cols_1 laptops-cols_inherit tablets-cols_inherit mobiles-cols_1 valign_middle type_default stacking_default\"><div class=\"wpb_column vc_column_container\"><div class=\"vc_column-inner\"><div class=\"wpb_text_column\"><div class=\"wpb_wrapper\"><p>Gr\u00e2ce \u00e0 une structure organisationnelle compl\u00e8te et int\u00e9gr\u00e9e, nous pouvons <strong>offrir un service complet <\/strong>d&rsquo;identification et de positionnement des produits cosm\u00e9tiques sur les march\u00e9s cibles, en aidant nos clients \u00e0 r\u00e9ussir.<br \/>\nNous disposons d&rsquo;une \u00e9quipe d&rsquo;experts qui travaillent en synergie afin d&rsquo;<strong>apporter un soutien<\/strong> complet <strong>aux entreprises clientes<\/strong>. Aujourd&rsquo;hui, la production de cosm\u00e9tiques \u00e0 fa\u00e7on ne consiste pas seulement \u00e0 r\u00e9pondre aux exigences d&rsquo;un client, mais \u00e0 \u00e9tablir un <strong>v\u00e9ritable partenariat<\/strong>, en vue d&rsquo;un soutien continu. <strong>Nous sommes un partenaire<\/strong>, pas seulement un fournisseur.<\/p>\n<\/div><\/div><\/div><\/div><\/div><\/div><\/section><section class=\"l-section wpb_row height_medium\"><div class=\"l-section-h i-cf\"><div class=\"g-cols vc_row via_grid cols_1-2 laptops-cols_inherit tablets-cols_inherit mobiles-cols_1 valign_top type_default stacking_default\"><div class=\"wpb_column vc_column_container\"><div class=\"vc_column-inner\"><div class=\"w-image us_custom_70cfe74d has_ratio align_none\"><div class=\"w-image-h\"><div style=\"padding-bottom:75%\"><\/div><img loading=\"lazy\" decoding=\"async\" width=\"800\" height=\"800\" src=\"https:\/\/pinkfrogs.it\/wp-content\/uploads\/2023\/10\/ORGANIZZAZIONE-RicercaSviluppo.jpg\" class=\"attachment-full size-full\" alt=\"\" srcset=\"https:\/\/pinkfrogs.it\/wp-content\/uploads\/2023\/10\/ORGANIZZAZIONE-RicercaSviluppo.jpg 800w, https:\/\/pinkfrogs.it\/wp-content\/uploads\/2023\/10\/ORGANIZZAZIONE-RicercaSviluppo-300x300.jpg 300w, https:\/\/pinkfrogs.it\/wp-content\/uploads\/2023\/10\/ORGANIZZAZIONE-RicercaSviluppo-150x150.jpg 150w\" sizes=\"auto, (max-width: 800px) 100vw, 800px\" \/><\/div><\/div><\/div><\/div><div class=\"wpb_column vc_column_container\"><div class=\"vc_column-inner\"><h2 class=\"w-text us_custom_1f257949\"><span class=\"w-text-h\"><span class=\"w-text-value\">Recherche et d\u00e9veloppement<\/span><\/span><\/h2><div class=\"wpb_text_column\"><div class=\"wpb_wrapper\"><p>Nous pouvons compter sur une \u00e9quipe de <strong>formulateurs et de techniciens de laboratoire<\/strong> qui, chaque jour, cr\u00e9ent et mettent au point des <strong>textures innovantes<\/strong> et avant-gardistes qui r\u00e9pondent aux crit\u00e8res de modernit\u00e9, de beaut\u00e9 propre, de sensorialit\u00e9 et de naturalit\u00e9.<br \/>\nL&rsquo;innovation est le leitmotiv qui nous distingue : nous sommes sp\u00e9cialis\u00e9s dans la cr\u00e9ation et la <strong>fabrication en sous-traitance de formules<\/strong> \u00ab\u00a0wow effect\u00a0\u00bb, captivantes et s\u00e9duisantes, fruit d&rsquo;une expertise intersectorielle dans les traitements pour le visage, le corps, les cheveux, les parfums et les produits pharmaceutiques.<br \/>\nD\u00e8s la phase de d\u00e9veloppement et de conception de la formule, nous <strong>testons<\/strong> ses <strong>performances<\/strong> \u00e0 l&rsquo;aide de d\u00e9tecteurs instrumentaux qui nous permettent de mesurer en permanence son efficacit\u00e9 en termes d&rsquo;<strong>hydratation<\/strong>, de r\u00e9gulation du <strong>s\u00e9bum<\/strong>, de <strong>dyschromie cutan\u00e9e<\/strong> et d&rsquo;<strong>\u00e9lasticit\u00e9<\/strong>.<\/p>\n<\/div><\/div><\/div><\/div><\/div><\/div><\/section><section class=\"l-section wpb_row height_medium\"><div class=\"l-section-h i-cf\"><div class=\"g-cols vc_row via_grid cols_2-1 laptops-cols_inherit tablets-cols_inherit mobiles-cols_1 valign_top type_default stacking_default\"><div class=\"wpb_column vc_column_container\"><div class=\"vc_column-inner\"><h2 class=\"w-text us_custom_1f257949\"><span class=\"w-text-h\"><span class=\"w-text-value\">Marketing<\/span><\/span><\/h2><div class=\"wpb_text_column\"><div class=\"wpb_wrapper\"><p>Combinaison parfaite d&rsquo;expertise et d&rsquo;innovation, la division Marketing est ici un \u00e9l\u00e9ment cl\u00e9 pour combiner ce que veut le client avec la meilleure offre de produits.<br \/>\nElle anticipe les tendances, identifie les produits les plus performants, les transforme en id\u00e9es innovantes et les personnalise en cr\u00e9ant une <strong>identit\u00e9 <\/strong>de marque <strong>sur mesure<\/strong>.<br \/>\nLe suivi permanent du march\u00e9, des tendances et des lancements mondiaux nous permet d&rsquo;offrir un service et un <strong>soutien<\/strong> comp\u00e9tents en termes de <strong>formule<\/strong> et d&rsquo;<strong>emballage<\/strong>.<\/p>\n<\/div><\/div><\/div><\/div><div class=\"wpb_column vc_column_container\"><div class=\"vc_column-inner\"><div class=\"w-image us_custom_70cfe74d has_ratio align_none\"><div class=\"w-image-h\"><div style=\"padding-bottom:75%\"><\/div><img loading=\"lazy\" decoding=\"async\" width=\"800\" height=\"800\" src=\"https:\/\/pinkfrogs.it\/wp-content\/uploads\/2023\/10\/ORGANIZZAZIONE-Marketing.jpg\" class=\"attachment-full size-full\" alt=\"\" srcset=\"https:\/\/pinkfrogs.it\/wp-content\/uploads\/2023\/10\/ORGANIZZAZIONE-Marketing.jpg 800w, https:\/\/pinkfrogs.it\/wp-content\/uploads\/2023\/10\/ORGANIZZAZIONE-Marketing-300x300.jpg 300w, https:\/\/pinkfrogs.it\/wp-content\/uploads\/2023\/10\/ORGANIZZAZIONE-Marketing-150x150.jpg 150w\" sizes=\"auto, (max-width: 800px) 100vw, 800px\" \/><\/div><\/div><\/div><\/div><\/div><\/div><\/section><section class=\"l-section wpb_row height_medium\"><div class=\"l-section-h i-cf\"><div class=\"g-cols vc_row via_grid cols_1-2 laptops-cols_inherit tablets-cols_inherit mobiles-cols_1 valign_top type_default stacking_default\"><div class=\"wpb_column vc_column_container\"><div class=\"vc_column-inner\"><div class=\"w-image us_custom_70cfe74d has_ratio align_none\"><div class=\"w-image-h\"><div style=\"padding-bottom:75%\"><\/div><img loading=\"lazy\" decoding=\"async\" width=\"800\" height=\"800\" src=\"https:\/\/pinkfrogs.it\/wp-content\/uploads\/2023\/10\/ORGANIZZAZIONE-Sviluppo-Prodotto.jpg\" class=\"attachment-full size-full\" alt=\"\" srcset=\"https:\/\/pinkfrogs.it\/wp-content\/uploads\/2023\/10\/ORGANIZZAZIONE-Sviluppo-Prodotto.jpg 800w, https:\/\/pinkfrogs.it\/wp-content\/uploads\/2023\/10\/ORGANIZZAZIONE-Sviluppo-Prodotto-300x300.jpg 300w, https:\/\/pinkfrogs.it\/wp-content\/uploads\/2023\/10\/ORGANIZZAZIONE-Sviluppo-Prodotto-150x150.jpg 150w\" sizes=\"auto, (max-width: 800px) 100vw, 800px\" \/><\/div><\/div><\/div><\/div><div class=\"wpb_column vc_column_container\"><div class=\"vc_column-inner\"><h2 class=\"w-text us_custom_1f257949\"><span class=\"w-text-h\"><span class=\"w-text-value\">D\u00e9veloppement de produits<\/span><\/span><\/h2><div class=\"wpb_text_column\"><div class=\"wpb_wrapper\"><p class=\"cvGsUA direction-ltr align-start para-style-body\"><span class=\"OYPEnA text-decoration-none text-strikethrough-none\">Lancer un produit cosm\u00e9tique sur le march\u00e9 signifie pour nous ma\u00eetriser l&rsquo;ensemble du processus de cr\u00e9ation. La prise en charge de nos experts permet d&rsquo;assurer un<strong> service d&rsquo;excellence<\/strong> pour garantir la disponibilit\u00e9 d&rsquo;un produit ou de <strong>lignes enti\u00e8res<\/strong> dans les d\u00e9lais impartis, en <strong>supervisant chaque \u00e9tape<\/strong> de la mise en \u0153uvre et en g\u00e9rant les relations avec tous les fournisseurs concern\u00e9s.<\/span><\/p>\n<\/div><\/div><\/div><\/div><\/div><\/div><\/section><section class=\"l-section wpb_row height_medium\"><div class=\"l-section-h i-cf\"><div class=\"g-cols vc_row via_grid cols_2-1 laptops-cols_inherit tablets-cols_inherit mobiles-cols_1 valign_top type_default stacking_default\"><div class=\"wpb_column vc_column_container\"><div class=\"vc_column-inner\"><h2 class=\"w-text us_custom_1f257949\"><span class=\"w-text-h\"><span class=\"w-text-value\">Production et conditionnement<\/span><\/span><\/h2><div class=\"wpb_text_column\"><div class=\"wpb_wrapper\"><p>Nous traitons de multiples types de formules dans autant d&#8217;emballages diff\u00e9rents. Nous disposons d&rsquo;un <b>vaste espace technologique<\/b> pour la <strong>production <\/strong>d&rsquo;\u00e9mulsions, de tensiolites, de lotions, de gels, de pommades, de hot melts (b\u00e2tons, cires,&#8230;), de parfums, de miniatures. Notre entrep\u00f4t de mati\u00e8res premi\u00e8res est enti\u00e8rement \u00e9quip\u00e9 de codes-barres, ce qui rend chaque <b>production pr\u00e9cise et facilement tra\u00e7able<\/b>. Nous prenons en charge toutes les \u00e9tapes de l&#8217;emballage en interne: encartonnage manuel et automatique, \u00e9tiquetage et cellophanage.<br \/>\nEn outre, nous disposons d&rsquo;une <strong>machine<\/strong> de <strong>grande capacit\u00e9<\/strong> capable de remplir et d&#8217;emballer des <strong>mini-flacons de parfum<\/strong> (avec carton et flow pack) en une seule \u00e9tape.<\/p>\n<\/div><\/div><\/div><\/div><div class=\"wpb_column vc_column_container\"><div class=\"vc_column-inner\"><div class=\"w-image us_custom_70cfe74d has_ratio align_none\"><div class=\"w-image-h\"><div style=\"padding-bottom:75%\"><\/div><img loading=\"lazy\" decoding=\"async\" width=\"800\" height=\"800\" src=\"https:\/\/pinkfrogs.it\/wp-content\/uploads\/2023\/10\/ORGANIZZAZIONE-Reparti-Produzione-confezionamento.jpg\" class=\"attachment-full size-full\" alt=\"\" srcset=\"https:\/\/pinkfrogs.it\/wp-content\/uploads\/2023\/10\/ORGANIZZAZIONE-Reparti-Produzione-confezionamento.jpg 800w, https:\/\/pinkfrogs.it\/wp-content\/uploads\/2023\/10\/ORGANIZZAZIONE-Reparti-Produzione-confezionamento-300x300.jpg 300w, https:\/\/pinkfrogs.it\/wp-content\/uploads\/2023\/10\/ORGANIZZAZIONE-Reparti-Produzione-confezionamento-150x150.jpg 150w\" sizes=\"auto, (max-width: 800px) 100vw, 800px\" \/><\/div><\/div><\/div><\/div><\/div><\/div><\/section><section class=\"l-section wpb_row height_auto\"><div class=\"l-section-h i-cf\"><div class=\"g-cols vc_row via_grid cols_1 laptops-cols_inherit tablets-cols_inherit mobiles-cols_1 valign_top type_default stacking_default\"><div class=\"wpb_column vc_column_container\"><div class=\"vc_column-inner\"><div class=\"w-separator size_medium\"><\/div><\/div><\/div><\/div><\/div><\/section>\n","protected":false},"excerpt":{"rendered":"OrganisationGr\u00e2ce \u00e0 une structure organisationnelle compl\u00e8te et int\u00e9gr\u00e9e, nous pouvons offrir un service complet d&rsquo;identification et de positionnement des produits cosm\u00e9tiques sur les march\u00e9s cibles, en aidant nos clients \u00e0 r\u00e9ussir. Nous disposons d&rsquo;une \u00e9quipe d&rsquo;experts qui travaillent en synergie afin d&rsquo;apporter un soutien complet aux entreprises clientes. Aujourd&rsquo;hui, la production de cosm\u00e9tiques \u00e0 fa\u00e7on...","protected":false},"author":1,"featured_media":0,"parent":0,"menu_order":0,"comment_status":"closed","ping_status":"closed","template":"","meta":{"footnotes":""},"class_list":["post-3376","page","type-page","status-publish","hentry"],"acf":[],"yoast_head":"<!-- This site is optimized with the Yoast SEO plugin v21.5 - https:\/\/yoast.com\/wordpress\/plugins\/seo\/ -->\n<title>Organisation - Pink Frogs Cosmetics<\/title>\n<meta name=\"robots\" content=\"index, follow, max-snippet:-1, max-image-preview:large, max-video-preview:-1\" \/>\n<link rel=\"canonical\" href=\"https:\/\/pinkfrogs.it\/fr\/organisation\/\" \/>\n<meta property=\"og:locale\" content=\"fr_FR\" \/>\n<meta property=\"og:type\" content=\"article\" \/>\n<meta property=\"og:title\" content=\"Organisation - Pink Frogs Cosmetics\" \/>\n<meta property=\"og:url\" content=\"https:\/\/pinkfrogs.it\/fr\/organisation\/\" \/>\n<meta property=\"og:site_name\" content=\"Pink Frogs Cosmetics\" \/>\n<meta property=\"article:modified_time\" content=\"2024-05-03T12:50:04+00:00\" \/>\n<meta name=\"twitter:card\" content=\"summary_large_image\" \/>\n<meta name=\"twitter:label1\" content=\"Dur\u00e9e de lecture estim\u00e9e\" \/>\n\t<meta name=\"twitter:data1\" content=\"3 minutes\" \/>\n<script type=\"application\/ld+json\" class=\"yoast-schema-graph\">{\"@context\":\"https:\/\/schema.org\",\"@graph\":[{\"@type\":\"WebPage\",\"@id\":\"https:\/\/pinkfrogs.it\/fr\/organisation\/\",\"url\":\"https:\/\/pinkfrogs.it\/fr\/organisation\/\",\"name\":\"Organisation - Pink Frogs Cosmetics\",\"isPartOf\":{\"@id\":\"https:\/\/pinkfrogs.it\/fr\/#website\"},\"datePublished\":\"2023-08-08T09:37:05+00:00\",\"dateModified\":\"2024-05-03T12:50:04+00:00\",\"breadcrumb\":{\"@id\":\"https:\/\/pinkfrogs.it\/fr\/organisation\/#breadcrumb\"},\"inLanguage\":\"fr-FR\",\"potentialAction\":[{\"@type\":\"ReadAction\",\"target\":[\"https:\/\/pinkfrogs.it\/fr\/organisation\/\"]}]},{\"@type\":\"BreadcrumbList\",\"@id\":\"https:\/\/pinkfrogs.it\/fr\/organisation\/#breadcrumb\",\"itemListElement\":[{\"@type\":\"ListItem\",\"position\":1,\"name\":\"Home\",\"item\":\"https:\/\/pinkfrogs.it\/fr\/\"},{\"@type\":\"ListItem\",\"position\":2,\"name\":\"Organisation\"}]},{\"@type\":\"WebSite\",\"@id\":\"https:\/\/pinkfrogs.it\/fr\/#website\",\"url\":\"https:\/\/pinkfrogs.it\/fr\/\",\"name\":\"Pink Frogs Cosmetics\",\"description\":\"\",\"potentialAction\":[{\"@type\":\"SearchAction\",\"target\":{\"@type\":\"EntryPoint\",\"urlTemplate\":\"https:\/\/pinkfrogs.it\/fr\/?s={search_term_string}\"},\"query-input\":\"required name=search_term_string\"}],\"inLanguage\":\"fr-FR\"}]}<\/script>\n<!-- \/ Yoast SEO plugin. -->","yoast_head_json":{"title":"Organisation - Pink Frogs Cosmetics","robots":{"index":"index","follow":"follow","max-snippet":"max-snippet:-1","max-image-preview":"max-image-preview:large","max-video-preview":"max-video-preview:-1"},"canonical":"https:\/\/pinkfrogs.it\/fr\/organisation\/","og_locale":"fr_FR","og_type":"article","og_title":"Organisation - Pink Frogs Cosmetics","og_url":"https:\/\/pinkfrogs.it\/fr\/organisation\/","og_site_name":"Pink Frogs Cosmetics","article_modified_time":"2024-05-03T12:50:04+00:00","twitter_card":"summary_large_image","twitter_misc":{"Dur\u00e9e de lecture estim\u00e9e":"3 minutes"},"schema":{"@context":"https:\/\/schema.org","@graph":[{"@type":"WebPage","@id":"https:\/\/pinkfrogs.it\/fr\/organisation\/","url":"https:\/\/pinkfrogs.it\/fr\/organisation\/","name":"Organisation - Pink Frogs Cosmetics","isPartOf":{"@id":"https:\/\/pinkfrogs.it\/fr\/#website"},"datePublished":"2023-08-08T09:37:05+00:00","dateModified":"2024-05-03T12:50:04+00:00","breadcrumb":{"@id":"https:\/\/pinkfrogs.it\/fr\/organisation\/#breadcrumb"},"inLanguage":"fr-FR","potentialAction":[{"@type":"ReadAction","target":["https:\/\/pinkfrogs.it\/fr\/organisation\/"]}]},{"@type":"BreadcrumbList","@id":"https:\/\/pinkfrogs.it\/fr\/organisation\/#breadcrumb","itemListElement":[{"@type":"ListItem","position":1,"name":"Home","item":"https:\/\/pinkfrogs.it\/fr\/"},{"@type":"ListItem","position":2,"name":"Organisation"}]},{"@type":"WebSite","@id":"https:\/\/pinkfrogs.it\/fr\/#website","url":"https:\/\/pinkfrogs.it\/fr\/","name":"Pink Frogs Cosmetics","description":"","potentialAction":[{"@type":"SearchAction","target":{"@type":"EntryPoint","urlTemplate":"https:\/\/pinkfrogs.it\/fr\/?s={search_term_string}"},"query-input":"required name=search_term_string"}],"inLanguage":"fr-FR"}]}},"_links":{"self":[{"href":"https:\/\/pinkfrogs.it\/fr\/wp-json\/wp\/v2\/pages\/3376","targetHints":{"allow":["GET"]}}],"collection":[{"href":"https:\/\/pinkfrogs.it\/fr\/wp-json\/wp\/v2\/pages"}],"about":[{"href":"https:\/\/pinkfrogs.it\/fr\/wp-json\/wp\/v2\/types\/page"}],"author":[{"embeddable":true,"href":"https:\/\/pinkfrogs.it\/fr\/wp-json\/wp\/v2\/users\/1"}],"replies":[{"embeddable":true,"href":"https:\/\/pinkfrogs.it\/fr\/wp-json\/wp\/v2\/comments?post=3376"}],"version-history":[{"count":4,"href":"https:\/\/pinkfrogs.it\/fr\/wp-json\/wp\/v2\/pages\/3376\/revisions"}],"predecessor-version":[{"id":8440,"href":"https:\/\/pinkfrogs.it\/fr\/wp-json\/wp\/v2\/pages\/3376\/revisions\/8440"}],"wp:attachment":[{"href":"https:\/\/pinkfrogs.it\/fr\/wp-json\/wp\/v2\/media?parent=3376"}],"curies":[{"name":"wp","href":"https:\/\/api.w.org\/{rel}","templated":true}]}}