{"id":3374,"date":"2023-09-15T09:54:09","date_gmt":"2023-09-15T09:54:09","guid":{"rendered":"https:\/\/pinkfrogs.kifadesign.it\/v02\/services\/"},"modified":"2024-05-03T12:54:59","modified_gmt":"2024-05-03T12:54:59","slug":"services","status":"publish","type":"page","link":"https:\/\/pinkfrogs.it\/fr\/services\/","title":{"rendered":"Services"},"content":{"rendered":"<section class=\"l-section wpb_row height_large color_primary with_img parallax_ver\"><div class=\"l-section-img\" role=\"img\" data-img-width=\"2400\" data-img-height=\"800\" style=\"background-image: url(https:\/\/pinkfrogs.it\/wp-content\/uploads\/2023\/10\/SERVIZI-1.jpg);background-position: top center;background-repeat: no-repeat;\"><\/div><div class=\"l-section-overlay\" style=\"background:linear-gradient(0deg,rgba(235,124,162,0.45),rgba(56,56,56,0.3))\"><\/div><div class=\"l-section-h i-cf\"><div class=\"g-cols vc_row via_grid cols_1 laptops-cols_inherit tablets-cols_inherit mobiles-cols_1 valign_middle type_default stacking_default\"><div class=\"wpb_column vc_column_container\"><div class=\"vc_column-inner\"><h1 class=\"w-text us_custom_06a2e8f9\"><span class=\"w-text-h\"><span class=\"w-text-value\">Services<\/span><\/span><\/h1><div class=\"w-separator size_small\"><\/div><\/div><\/div><\/div><\/div><\/section><section class=\"l-section wpb_row us_custom_f5ed9809 height_medium\"><div class=\"l-section-h i-cf\"><div class=\"g-cols vc_row via_grid cols_1 laptops-cols_inherit tablets-cols_inherit mobiles-cols_1 valign_top type_default stacking_default\"><div class=\"wpb_column vc_column_container\"><div class=\"vc_column-inner\"><div class=\"wpb_text_column\"><div class=\"wpb_wrapper\"><p>Gr\u00e2ce \u00e0 nos nombreuses ann\u00e9es d&rsquo;exp\u00e9rience dans l&rsquo;industrie cosm\u00e9tique et \u00e0 une structure interne bien \u00e9tablie, nous ma\u00eetrisons tous les processus de <strong>production de cosm\u00e9tiques \u00e0 fa\u00e7on<\/strong> et sommes en mesure d&rsquo;offrir \u00e0 nos clients une large gamme de services pour soutenir leur strat\u00e9gie de lancement sur le march\u00e9 des cosm\u00e9tiques.<\/p>\n<\/div><\/div><\/div><\/div><\/div><\/div><\/section><section class=\"l-section wpb_row height_medium\" id=\"supportomarketing\"><div class=\"l-section-h i-cf\"><div class=\"g-cols vc_row via_grid cols_1 laptops-cols_inherit tablets-cols_inherit mobiles-cols_1 valign_top type_default stacking_default\"><div class=\"wpb_column vc_column_container\"><div class=\"vc_column-inner\"><div class=\"g-cols wpb_row via_grid cols_1-2 laptops-cols_inherit tablets-cols_inherit mobiles-cols_1 valign_top type_default stacking_default\" style=\"--gap:3rem;\"><div class=\"wpb_column vc_column_container\"><div class=\"vc_column-inner\"><div class=\"w-image us_custom_81dbcac1 align_none\"><div class=\"w-image-h\"><img loading=\"lazy\" decoding=\"async\" width=\"800\" height=\"800\" src=\"https:\/\/pinkfrogs.it\/wp-content\/uploads\/2023\/10\/supporto-marketing.jpeg\" class=\"attachment-large size-large\" alt=\"\" srcset=\"https:\/\/pinkfrogs.it\/wp-content\/uploads\/2023\/10\/supporto-marketing.jpeg 800w, https:\/\/pinkfrogs.it\/wp-content\/uploads\/2023\/10\/supporto-marketing-300x300.jpeg 300w, https:\/\/pinkfrogs.it\/wp-content\/uploads\/2023\/10\/supporto-marketing-150x150.jpeg 150w\" sizes=\"auto, (max-width: 800px) 100vw, 800px\" \/><\/div><\/div><\/div><\/div><div class=\"wpb_column vc_column_container\"><div class=\"vc_column-inner\"><h2 class=\"w-text us_custom_1f257949\"><span class=\"w-text-h\"><span class=\"w-text-value\">Soutien au marketing<\/span><\/span><\/h2><div class=\"wpb_text_column\"><div class=\"wpb_wrapper\"><p>Pouvoir exploiter les affinit\u00e9s avec des secteurs parall\u00e8les (de l&rsquo;alimentation \u00e0 la mode), s&rsquo;inspirer des contaminations d&rsquo;autres pays, exp\u00e9rimenter de nouveaux gestes et cr\u00e9er de nouveaux concepts : chez nous, le marketing voit loin pour accompagner nos clients dans un service de conseil complet qui part d&rsquo;un concept et va jusqu&rsquo;\u00e0 la formation au produit pour la force de vente.<br \/>\nNous aimons partager avec les clients les strat\u00e9gies de lancement et les nouvelles opportunit\u00e9s de march\u00e9, nous conseillons sur le choix des actifs les plus pointus et chaque projet est accompagn\u00e9 d&rsquo;outils de communication ad hoc pour promouvoir ses caract\u00e9ristiques et ses fonctionnalit\u00e9s.<\/p>\n<\/div><\/div><\/div><\/div><\/div><\/div><\/div><\/div><\/div><\/section><section class=\"l-section wpb_row us_custom_b91424ac height_huge\" id=\"proposition de recherche\"><div class=\"l-section-h i-cf\"><div class=\"g-cols vc_row via_grid cols_1 laptops-cols_inherit tablets-cols_inherit mobiles-cols_1 valign_top type_default stacking_default\"><div class=\"wpb_column vc_column_container\"><div class=\"vc_column-inner\"><div class=\"g-cols wpb_row via_grid cols_2-1 laptops-cols_inherit tablets-cols_inherit mobiles-cols_1 valign_top type_default stacking_default\" style=\"--gap:3rem;\"><div class=\"wpb_column vc_column_container\"><div class=\"vc_column-inner\"><h2 class=\"w-text us_custom_1f257949\"><span class=\"w-text-h\"><span class=\"w-text-value\">Recherche et proposition packaging<\/span><\/span><\/h2><div class=\"wpb_text_column\"><div class=\"wpb_wrapper\"><p><span class=\"OYPEnA text-decoration-none text-strikethrough-none\">Une excellente formule doit \u00eatre contenue dans un emballage appropri\u00e9 qui souligne son efficacit\u00e9 et refl\u00e8te l&rsquo;identit\u00e9 de la marque. C&rsquo;est pourquoi nous vous assistons dans la s\u00e9lection et l&rsquo;achat de l&#8217;emballage le plus appropri\u00e9 (du primaire au secondaire), en pouvant compter sur une cha\u00eene de fournisseurs s\u00e9lectionn\u00e9s et en garantissant la solution la plus adapt\u00e9e en termes de mat\u00e9riaux et de finitions.<\/span><\/p>\n<\/div><\/div><\/div><\/div><div class=\"wpb_column vc_column_container\"><div class=\"vc_column-inner\"><div class=\"w-image us_custom_81dbcac1 align_none\"><div class=\"w-image-h\"><img loading=\"lazy\" decoding=\"async\" width=\"800\" height=\"800\" src=\"https:\/\/pinkfrogs.it\/wp-content\/uploads\/2023\/10\/Ricerca-proposta-pack.jpeg\" class=\"attachment-large size-large\" alt=\"\" srcset=\"https:\/\/pinkfrogs.it\/wp-content\/uploads\/2023\/10\/Ricerca-proposta-pack.jpeg 800w, https:\/\/pinkfrogs.it\/wp-content\/uploads\/2023\/10\/Ricerca-proposta-pack-300x300.jpeg 300w, https:\/\/pinkfrogs.it\/wp-content\/uploads\/2023\/10\/Ricerca-proposta-pack-150x150.jpeg 150w\" sizes=\"auto, (max-width: 800px) 100vw, 800px\" \/><\/div><\/div><\/div><\/div><\/div><\/div><\/div><\/div><\/div><\/section><section class=\"l-section wpb_row us_custom_b91424ac height_huge\" id=\"conseil en r\u00e9glementation\"><div class=\"l-section-h i-cf\"><div class=\"g-cols vc_row via_grid cols_1 laptops-cols_inherit tablets-cols_inherit mobiles-cols_1 valign_top type_default stacking_default\"><div class=\"wpb_column vc_column_container\"><div class=\"vc_column-inner\"><div class=\"g-cols wpb_row via_grid cols_1-2 laptops-cols_inherit tablets-cols_inherit mobiles-cols_1 valign_top type_default stacking_default\" style=\"--gap:3rem;\"><div class=\"wpb_column vc_column_container\"><div class=\"vc_column-inner\"><div class=\"w-image us_custom_81dbcac1 align_none\"><div class=\"w-image-h\"><img loading=\"lazy\" decoding=\"async\" width=\"800\" height=\"800\" src=\"https:\/\/pinkfrogs.it\/wp-content\/uploads\/2023\/10\/Consulenza-Regolatoria-Internazionale.jpeg\" class=\"attachment-large size-large\" alt=\"\" srcset=\"https:\/\/pinkfrogs.it\/wp-content\/uploads\/2023\/10\/Consulenza-Regolatoria-Internazionale.jpeg 800w, https:\/\/pinkfrogs.it\/wp-content\/uploads\/2023\/10\/Consulenza-Regolatoria-Internazionale-300x300.jpeg 300w, https:\/\/pinkfrogs.it\/wp-content\/uploads\/2023\/10\/Consulenza-Regolatoria-Internazionale-150x150.jpeg 150w\" sizes=\"auto, (max-width: 800px) 100vw, 800px\" \/><\/div><\/div><\/div><\/div><div class=\"wpb_column vc_column_container\"><div class=\"vc_column-inner\"><h2 class=\"w-text us_custom_1f257949\"><span class=\"w-text-h\"><span class=\"w-text-value\">Conseil en mati\u00e8re de r\u00e9glementation internationale<\/span><\/span><\/h2><div class=\"wpb_text_column\"><div class=\"wpb_wrapper\"><p><span class=\"OYPEnA text-decoration-none text-strikethrough-none\">Nous disposons d&rsquo;un service r\u00e9glementaire interne, qui se tient constamment inform\u00e9 des r\u00e9glementations en vigueur afin de garantir la conformit\u00e9 des produits et de r\u00e9diger la documentation technique et scientifique n\u00e9cessaire. Les services propos\u00e9s sont les suivants : r\u00e9daction de PIF (Product Information File), notification CPNP, \u00e9valuation de la s\u00e9curit\u00e9 des produits, assistance aux clients pour la v\u00e9rification des all\u00e9gations et des exigences en mati\u00e8re d&rsquo;\u00e9tiquetage, demande de certificats de vente libre (CLV).<\/span><\/p>\n<\/div><\/div><\/div><\/div><\/div><\/div><\/div><\/div><\/div><\/section><section class=\"l-section wpb_row height_huge\" id=\"analyse des tests\"><div class=\"l-section-h i-cf\"><div class=\"g-cols vc_row via_grid cols_1 laptops-cols_inherit tablets-cols_inherit mobiles-cols_1 valign_top type_default stacking_default\"><div class=\"wpb_column vc_column_container\"><div class=\"vc_column-inner\"><div class=\"g-cols wpb_row via_grid cols_2-1 laptops-cols_inherit tablets-cols_inherit mobiles-cols_1 valign_top type_default stacking_default\" style=\"--gap:3rem;\"><div class=\"wpb_column vc_column_container\"><div class=\"vc_column-inner\"><h2 class=\"w-text us_custom_1f257949\"><span class=\"w-text-h\"><span class=\"w-text-value\">Tests d&rsquo;efficacit\u00e9<\/span><\/span><\/h2><div class=\"wpb_text_column\"><div class=\"wpb_wrapper\"><p>Nous d\u00e9veloppons les produits les plus innovants en coordonnant toutes les activit\u00e9s de laboratoire afin de tester leur efficacit\u00e9 dans le cadre d&rsquo;une communication \u00e0 fort impact.<br \/>\nNous traitons les demandes des clients concernant les tests d&rsquo;efficacit\u00e9 des formules en coop\u00e9ration avec des laboratoires d&rsquo;essai certifi\u00e9s.<br \/>\nNous disposons d&rsquo;un service de test direct des formules pour d\u00e9montrer l&rsquo;action hydratante, pigmentaire, anti-s\u00e9bum et \u00e9lastique des produits pour le visage et le corps.<br \/>\nNous effectuons \u00e9galement des tests \u00ab\u00a0m\u00e9taux lourds\u00a0\u00bb sur chaque lot de production afin de garantir et de prot\u00e9ger les consommateurs sensibles. <\/p>\n<\/div><\/div><\/div><\/div><div class=\"wpb_column vc_column_container\"><div class=\"vc_column-inner\"><div class=\"w-image us_custom_81dbcac1 align_none\"><div class=\"w-image-h\"><img loading=\"lazy\" decoding=\"async\" width=\"800\" height=\"800\" src=\"https:\/\/pinkfrogs.it\/wp-content\/uploads\/2023\/10\/test-analisi.jpeg\" class=\"attachment-large size-large\" alt=\"\" srcset=\"https:\/\/pinkfrogs.it\/wp-content\/uploads\/2023\/10\/test-analisi.jpeg 800w, https:\/\/pinkfrogs.it\/wp-content\/uploads\/2023\/10\/test-analisi-300x300.jpeg 300w, https:\/\/pinkfrogs.it\/wp-content\/uploads\/2023\/10\/test-analisi-150x150.jpeg 150w\" sizes=\"auto, (max-width: 800px) 100vw, 800px\" \/><\/div><\/div><\/div><\/div><\/div><\/div><\/div><\/div><\/div><\/section>\n","protected":false},"excerpt":{"rendered":"ServicesGr\u00e2ce \u00e0 nos nombreuses ann\u00e9es d&rsquo;exp\u00e9rience dans l&rsquo;industrie cosm\u00e9tique et \u00e0 une structure interne bien \u00e9tablie, nous ma\u00eetrisons tous les processus de production de cosm\u00e9tiques \u00e0 fa\u00e7on et sommes en mesure d&rsquo;offrir \u00e0 nos clients une large gamme de services pour soutenir leur strat\u00e9gie de lancement sur le march\u00e9 des cosm\u00e9tiques. Soutien au marketingPouvoir exploiter...","protected":false},"author":1,"featured_media":0,"parent":0,"menu_order":0,"comment_status":"closed","ping_status":"closed","template":"","meta":{"footnotes":""},"class_list":["post-3374","page","type-page","status-publish","hentry"],"acf":[],"yoast_head":"<!-- This site is optimized with the Yoast SEO plugin v21.5 - https:\/\/yoast.com\/wordpress\/plugins\/seo\/ -->\n<title>Services - Pink Frogs Cosmetics<\/title>\n<meta name=\"robots\" content=\"index, follow, max-snippet:-1, max-image-preview:large, max-video-preview:-1\" \/>\n<link rel=\"canonical\" href=\"https:\/\/pinkfrogs.it\/fr\/services\/\" \/>\n<meta property=\"og:locale\" content=\"fr_FR\" \/>\n<meta property=\"og:type\" content=\"article\" \/>\n<meta property=\"og:title\" content=\"Services - Pink Frogs Cosmetics\" \/>\n<meta property=\"og:url\" content=\"https:\/\/pinkfrogs.it\/fr\/services\/\" \/>\n<meta property=\"og:site_name\" content=\"Pink Frogs Cosmetics\" \/>\n<meta property=\"article:modified_time\" content=\"2024-05-03T12:54:59+00:00\" \/>\n<meta name=\"twitter:card\" content=\"summary_large_image\" \/>\n<meta name=\"twitter:label1\" content=\"Dur\u00e9e de lecture estim\u00e9e\" \/>\n\t<meta name=\"twitter:data1\" content=\"3 minutes\" \/>\n<script type=\"application\/ld+json\" class=\"yoast-schema-graph\">{\"@context\":\"https:\/\/schema.org\",\"@graph\":[{\"@type\":\"WebPage\",\"@id\":\"https:\/\/pinkfrogs.it\/fr\/services\/\",\"url\":\"https:\/\/pinkfrogs.it\/fr\/services\/\",\"name\":\"Services - Pink Frogs Cosmetics\",\"isPartOf\":{\"@id\":\"https:\/\/pinkfrogs.it\/fr\/#website\"},\"datePublished\":\"2023-09-15T09:54:09+00:00\",\"dateModified\":\"2024-05-03T12:54:59+00:00\",\"breadcrumb\":{\"@id\":\"https:\/\/pinkfrogs.it\/fr\/services\/#breadcrumb\"},\"inLanguage\":\"fr-FR\",\"potentialAction\":[{\"@type\":\"ReadAction\",\"target\":[\"https:\/\/pinkfrogs.it\/fr\/services\/\"]}]},{\"@type\":\"BreadcrumbList\",\"@id\":\"https:\/\/pinkfrogs.it\/fr\/services\/#breadcrumb\",\"itemListElement\":[{\"@type\":\"ListItem\",\"position\":1,\"name\":\"Home\",\"item\":\"https:\/\/pinkfrogs.it\/fr\/\"},{\"@type\":\"ListItem\",\"position\":2,\"name\":\"Services\"}]},{\"@type\":\"WebSite\",\"@id\":\"https:\/\/pinkfrogs.it\/fr\/#website\",\"url\":\"https:\/\/pinkfrogs.it\/fr\/\",\"name\":\"Pink Frogs Cosmetics\",\"description\":\"\",\"potentialAction\":[{\"@type\":\"SearchAction\",\"target\":{\"@type\":\"EntryPoint\",\"urlTemplate\":\"https:\/\/pinkfrogs.it\/fr\/?s={search_term_string}\"},\"query-input\":\"required name=search_term_string\"}],\"inLanguage\":\"fr-FR\"}]}<\/script>\n<!-- \/ Yoast SEO plugin. -->","yoast_head_json":{"title":"Services - Pink Frogs Cosmetics","robots":{"index":"index","follow":"follow","max-snippet":"max-snippet:-1","max-image-preview":"max-image-preview:large","max-video-preview":"max-video-preview:-1"},"canonical":"https:\/\/pinkfrogs.it\/fr\/services\/","og_locale":"fr_FR","og_type":"article","og_title":"Services - Pink Frogs Cosmetics","og_url":"https:\/\/pinkfrogs.it\/fr\/services\/","og_site_name":"Pink Frogs Cosmetics","article_modified_time":"2024-05-03T12:54:59+00:00","twitter_card":"summary_large_image","twitter_misc":{"Dur\u00e9e de lecture estim\u00e9e":"3 minutes"},"schema":{"@context":"https:\/\/schema.org","@graph":[{"@type":"WebPage","@id":"https:\/\/pinkfrogs.it\/fr\/services\/","url":"https:\/\/pinkfrogs.it\/fr\/services\/","name":"Services - Pink Frogs Cosmetics","isPartOf":{"@id":"https:\/\/pinkfrogs.it\/fr\/#website"},"datePublished":"2023-09-15T09:54:09+00:00","dateModified":"2024-05-03T12:54:59+00:00","breadcrumb":{"@id":"https:\/\/pinkfrogs.it\/fr\/services\/#breadcrumb"},"inLanguage":"fr-FR","potentialAction":[{"@type":"ReadAction","target":["https:\/\/pinkfrogs.it\/fr\/services\/"]}]},{"@type":"BreadcrumbList","@id":"https:\/\/pinkfrogs.it\/fr\/services\/#breadcrumb","itemListElement":[{"@type":"ListItem","position":1,"name":"Home","item":"https:\/\/pinkfrogs.it\/fr\/"},{"@type":"ListItem","position":2,"name":"Services"}]},{"@type":"WebSite","@id":"https:\/\/pinkfrogs.it\/fr\/#website","url":"https:\/\/pinkfrogs.it\/fr\/","name":"Pink Frogs Cosmetics","description":"","potentialAction":[{"@type":"SearchAction","target":{"@type":"EntryPoint","urlTemplate":"https:\/\/pinkfrogs.it\/fr\/?s={search_term_string}"},"query-input":"required name=search_term_string"}],"inLanguage":"fr-FR"}]}},"_links":{"self":[{"href":"https:\/\/pinkfrogs.it\/fr\/wp-json\/wp\/v2\/pages\/3374","targetHints":{"allow":["GET"]}}],"collection":[{"href":"https:\/\/pinkfrogs.it\/fr\/wp-json\/wp\/v2\/pages"}],"about":[{"href":"https:\/\/pinkfrogs.it\/fr\/wp-json\/wp\/v2\/types\/page"}],"author":[{"embeddable":true,"href":"https:\/\/pinkfrogs.it\/fr\/wp-json\/wp\/v2\/users\/1"}],"replies":[{"embeddable":true,"href":"https:\/\/pinkfrogs.it\/fr\/wp-json\/wp\/v2\/comments?post=3374"}],"version-history":[{"count":7,"href":"https:\/\/pinkfrogs.it\/fr\/wp-json\/wp\/v2\/pages\/3374\/revisions"}],"predecessor-version":[{"id":8444,"href":"https:\/\/pinkfrogs.it\/fr\/wp-json\/wp\/v2\/pages\/3374\/revisions\/8444"}],"wp:attachment":[{"href":"https:\/\/pinkfrogs.it\/fr\/wp-json\/wp\/v2\/media?parent=3374"}],"curies":[{"name":"wp","href":"https:\/\/api.w.org\/{rel}","templated":true}]}}