{"id":3322,"date":"2023-08-08T12:45:34","date_gmt":"2023-08-08T12:45:34","guid":{"rendered":"https:\/\/pinkfrogs.kifadesign.it\/v02\/expertise\/"},"modified":"2024-04-29T08:33:36","modified_gmt":"2024-04-29T08:33:36","slug":"expertise","status":"publish","type":"page","link":"https:\/\/pinkfrogs.it\/fr\/expertise\/","title":{"rendered":"Expertise"},"content":{"rendered":"<section class=\"l-section wpb_row height_large color_primary with_img parallax_ver\"><div class=\"l-section-img\" role=\"img\" data-img-width=\"2400\" data-img-height=\"800\" style=\"background-image: url(https:\/\/pinkfrogs.it\/wp-content\/uploads\/2023\/10\/EXPERTISE.jpg);background-repeat: no-repeat;\"><\/div><div class=\"l-section-overlay\" style=\"background:linear-gradient(0deg,rgba(235,124,162,0.45),rgba(56,56,56,0.3))\"><\/div><div class=\"l-section-h i-cf\"><div class=\"g-cols vc_row via_grid cols_1 laptops-cols_inherit tablets-cols_inherit mobiles-cols_1 valign_middle type_default stacking_default\"><div class=\"wpb_column vc_column_container\"><div class=\"vc_column-inner\"><h1 class=\"w-text us_custom_06a2e8f9\"><span class=\"w-text-h\"><span class=\"w-text-value\">Expertise<\/span><\/span><\/h1><div class=\"w-separator size_small\"><\/div><\/div><\/div><\/div><\/div><\/section><section class=\"l-section wpb_row us_custom_f5ed9809 height_medium\"><div class=\"l-section-h i-cf\"><div class=\"g-cols vc_row via_grid cols_1 laptops-cols_inherit tablets-cols_inherit mobiles-cols_1 valign_top type_default stacking_default\"><div class=\"wpb_column vc_column_container\"><div class=\"vc_column-inner\"><div class=\"w-separator size_custom\" style=\"height:40px\" id=\"p2aa\"><style>@media(max-width:600px){ #p2aa{height:30px!important}}<\/style><\/div><div class=\"g-cols wpb_row via_grid cols_2 laptops-cols_inherit tablets-cols_inherit mobiles-cols_1 valign_top type_default stacking_default\" style=\"--gap:3rem;\"><div class=\"wpb_column vc_column_container\"><div class=\"vc_column-inner\"><div class=\"w-btn-wrapper align_center\"><a class=\"w-btn us-btn-style_2 us_custom_2d9ebfef\" href=\"https:\/\/pinkfrogs.it\/fr\/linnovation\/\"><span class=\"w-btn-label\">L&rsquo;innovation<\/span><\/a><\/div><\/div><\/div><div class=\"wpb_column vc_column_container\"><div class=\"vc_column-inner\"><div class=\"w-btn-wrapper align_center\"><button class=\"w-btn us-btn-style_3 us_custom_2d9ebfef\"><span class=\"w-btn-label\">Expertise<\/span><\/button><\/div><\/div><\/div><\/div><div class=\"w-separator size_custom\" style=\"height:80px\" id=\"nacb\"><style>@media(max-width:1049px){ #nacb{height:40px!important}}@media(max-width:600px){ #nacb{height:30px!important}}<\/style><\/div><div class=\"w-grid type_grid layout_964 cols_4\" id=\"us_grid_1\" style=\"--gap:0.6vw;\" data-filterable=\"true\"><style>@media (max-width:1280px){#us_grid_1 .w-grid-item{width:33.3333%}}@media (max-width:1024px){#us_grid_1 .w-grid-item{width:50%}}@media (max-width:600px){#us_grid_1 .w-grid-list{margin:0}#us_grid_1 .w-grid-item{width:100%;padding:0;margin-bottom:var(--gap,0px)}}.layout_964 .w-grid-item-h{}.layout_964 .usg_post_image_1{border-radius:40px!important}.layout_964 .usg_post_title_1{font-size:25px!important;line-height:1.2!important;font-weight:400!important;padding-top:1%!important;padding-bottom:4%!important}@media (min-width:601px) and (max-width:1024px){.layout_964 .usg_vwrapper_1{padding-left:10px!important;padding-right:10px!important}}@media (max-width:600px){.layout_964 .usg_vwrapper_1{padding-left:12px!important;padding-right:12px!important}}<\/style><div class=\"w-grid-list\">\t<article class=\"w-grid-item size_1x1 post-3940 us_portfolio type-us_portfolio status-publish has-post-thumbnail hentry us_portfolio_category-expertise-fr\" data-id=\"3940\">\r\n\t\t<div class=\"w-grid-item-h\">\r\n\t\t\t\t\t\t\t<a href=\"https:\/\/pinkfrogs.it\/fr\/services\/batons-solaires-transparents\/\" class=\"w-grid-item-anchor\" aria-label=\"B\u00e2tons solaires transparents\"><\/a>\r\n\t\t\t\t\t\t<div class=\"w-vwrapper usg_vwrapper_1 align_none valign_top\"><div class=\"w-post-elm post_image usg_post_image_1 has_ratio\"><div style=\"padding-bottom:100%\"><\/div><a href=\"https:\/\/pinkfrogs.it\/fr\/services\/batons-solaires-transparents\/\" aria-label=\"B\u00e2tons solaires transparents\"><img loading=\"lazy\" decoding=\"async\" width=\"800\" height=\"600\" src=\"https:\/\/pinkfrogs.it\/wp-content\/uploads\/2000\/08\/STICK-SOLARI-TRASPARENTI-2.png\" class=\"attachment-large size-large wp-post-image\" alt=\"\" srcset=\"https:\/\/pinkfrogs.it\/wp-content\/uploads\/2000\/08\/STICK-SOLARI-TRASPARENTI-2.png 800w, https:\/\/pinkfrogs.it\/wp-content\/uploads\/2000\/08\/STICK-SOLARI-TRASPARENTI-2-300x225.png 300w\" sizes=\"auto, (max-width: 800px) 100vw, 800px\" \/><\/a><\/div><h3 class=\"w-post-elm post_title usg_post_title_1 align_center entry-title color_link_inherit\"><a href=\"https:\/\/pinkfrogs.it\/fr\/services\/batons-solaires-transparents\/\">B\u00e2tons solaires transparents<\/a><\/h3><\/div>\t\t<\/div>\r\n\t<\/article>\r\n\t<article class=\"w-grid-item size_1x1 post-3855 us_portfolio type-us_portfolio status-publish has-post-thumbnail hentry us_portfolio_category-expertise-fr\" data-id=\"3855\">\r\n\t\t<div class=\"w-grid-item-h\">\r\n\t\t\t\t\t\t\t<a href=\"https:\/\/pinkfrogs.it\/fr\/services\/transformables\/\" class=\"w-grid-item-anchor\" aria-label=\"Transformables\"><\/a>\r\n\t\t\t\t\t\t<div class=\"w-vwrapper usg_vwrapper_1 align_none valign_top\"><div class=\"w-post-elm post_image usg_post_image_1 has_ratio\"><div style=\"padding-bottom:100%\"><\/div><a href=\"https:\/\/pinkfrogs.it\/fr\/services\/transformables\/\" aria-label=\"Transformables\"><img loading=\"lazy\" decoding=\"async\" width=\"800\" height=\"800\" src=\"https:\/\/pinkfrogs.it\/wp-content\/uploads\/2002\/08\/EXPERTISE-Trasformabili-02.gif\" class=\"attachment-large size-large wp-post-image\" alt=\"\" \/><\/a><\/div><h3 class=\"w-post-elm post_title usg_post_title_1 align_center entry-title color_link_inherit\"><a href=\"https:\/\/pinkfrogs.it\/fr\/services\/transformables\/\">Transformables<\/a><\/h3><\/div>\t\t<\/div>\r\n\t<\/article>\r\n\t<article class=\"w-grid-item size_1x1 post-3893 us_portfolio type-us_portfolio status-publish has-post-thumbnail hentry us_portfolio_category-expertise-fr\" data-id=\"3893\">\r\n\t\t<div class=\"w-grid-item-h\">\r\n\t\t\t\t\t\t\t<a href=\"https:\/\/pinkfrogs.it\/fr\/services\/mini-vaporisateurs-de-parfum\/\" class=\"w-grid-item-anchor\" aria-label=\"Mini vaporisateurs de parfum\"><\/a>\r\n\t\t\t\t\t\t<div class=\"w-vwrapper usg_vwrapper_1 align_none valign_top\"><div class=\"w-post-elm post_image usg_post_image_1 has_ratio\"><div style=\"padding-bottom:100%\"><\/div><a href=\"https:\/\/pinkfrogs.it\/fr\/services\/mini-vaporisateurs-de-parfum\/\" aria-label=\"Mini vaporisateurs de parfum\"><img loading=\"lazy\" decoding=\"async\" width=\"800\" height=\"800\" src=\"https:\/\/pinkfrogs.it\/wp-content\/uploads\/2004\/08\/Mini-spray-quadrata.png\" class=\"attachment-large size-large wp-post-image\" alt=\"\" srcset=\"https:\/\/pinkfrogs.it\/wp-content\/uploads\/2004\/08\/Mini-spray-quadrata.png 800w, https:\/\/pinkfrogs.it\/wp-content\/uploads\/2004\/08\/Mini-spray-quadrata-300x300.png 300w, https:\/\/pinkfrogs.it\/wp-content\/uploads\/2004\/08\/Mini-spray-quadrata-150x150.png 150w\" sizes=\"auto, (max-width: 800px) 100vw, 800px\" \/><\/a><\/div><h3 class=\"w-post-elm post_title usg_post_title_1 align_center entry-title color_link_inherit\"><a href=\"https:\/\/pinkfrogs.it\/fr\/services\/mini-vaporisateurs-de-parfum\/\">Mini vaporisateurs de parfum<\/a><\/h3><\/div>\t\t<\/div>\r\n\t<\/article>\r\n\t<article class=\"w-grid-item size_1x1 post-3995 us_portfolio type-us_portfolio status-publish has-post-thumbnail hentry us_portfolio_category-expertise-fr\" data-id=\"3995\">\r\n\t\t<div class=\"w-grid-item-h\">\r\n\t\t\t\t\t\t\t<a href=\"https:\/\/pinkfrogs.it\/fr\/services\/suspension\/\" class=\"w-grid-item-anchor\" aria-label=\"Suspension\"><\/a>\r\n\t\t\t\t\t\t<div class=\"w-vwrapper usg_vwrapper_1 align_none valign_top\"><div class=\"w-post-elm post_image usg_post_image_1 has_ratio\"><div style=\"padding-bottom:100%\"><\/div><a href=\"https:\/\/pinkfrogs.it\/fr\/services\/suspension\/\" aria-label=\"Suspension\"><img loading=\"lazy\" decoding=\"async\" width=\"800\" height=\"800\" src=\"https:\/\/pinkfrogs.it\/wp-content\/uploads\/2006\/08\/EXPERTISE-Sospensioni.jpeg\" class=\"attachment-large size-large wp-post-image\" alt=\"\" srcset=\"https:\/\/pinkfrogs.it\/wp-content\/uploads\/2006\/08\/EXPERTISE-Sospensioni.jpeg 800w, https:\/\/pinkfrogs.it\/wp-content\/uploads\/2006\/08\/EXPERTISE-Sospensioni-300x300.jpeg 300w, https:\/\/pinkfrogs.it\/wp-content\/uploads\/2006\/08\/EXPERTISE-Sospensioni-150x150.jpeg 150w\" sizes=\"auto, (max-width: 800px) 100vw, 800px\" \/><\/a><\/div><h3 class=\"w-post-elm post_title usg_post_title_1 align_center entry-title color_link_inherit\"><a href=\"https:\/\/pinkfrogs.it\/fr\/services\/suspension\/\">Suspension<\/a><\/h3><\/div>\t\t<\/div>\r\n\t<\/article>\r\n\t<article class=\"w-grid-item size_1x1 post-3824 us_portfolio type-us_portfolio status-publish has-post-thumbnail hentry us_portfolio_category-expertise-fr\" data-id=\"3824\">\r\n\t\t<div class=\"w-grid-item-h\">\r\n\t\t\t\t\t\t\t<a href=\"https:\/\/pinkfrogs.it\/fr\/services\/batons-de-soin\/\" class=\"w-grid-item-anchor\" aria-label=\"B\u00e2tons de soin\"><\/a>\r\n\t\t\t\t\t\t<div class=\"w-vwrapper usg_vwrapper_1 align_none valign_top\"><div class=\"w-post-elm post_image usg_post_image_1 has_ratio\"><div style=\"padding-bottom:100%\"><\/div><a href=\"https:\/\/pinkfrogs.it\/fr\/services\/batons-de-soin\/\" aria-label=\"B\u00e2tons de soin\"><img loading=\"lazy\" decoding=\"async\" width=\"800\" height=\"800\" src=\"https:\/\/pinkfrogs.it\/wp-content\/uploads\/2008\/08\/EXPERTISE-Skincare-Stick-.jpeg\" class=\"attachment-large size-large wp-post-image\" alt=\"\" srcset=\"https:\/\/pinkfrogs.it\/wp-content\/uploads\/2008\/08\/EXPERTISE-Skincare-Stick-.jpeg 800w, https:\/\/pinkfrogs.it\/wp-content\/uploads\/2008\/08\/EXPERTISE-Skincare-Stick--300x300.jpeg 300w, https:\/\/pinkfrogs.it\/wp-content\/uploads\/2008\/08\/EXPERTISE-Skincare-Stick--150x150.jpeg 150w\" sizes=\"auto, (max-width: 800px) 100vw, 800px\" \/><\/a><\/div><h3 class=\"w-post-elm post_title usg_post_title_1 align_center entry-title color_link_inherit\"><a href=\"https:\/\/pinkfrogs.it\/fr\/services\/batons-de-soin\/\">B\u00e2tons de soin<\/a><\/h3><\/div>\t\t<\/div>\r\n\t<\/article>\r\n\t<article class=\"w-grid-item size_1x1 post-3832 us_portfolio type-us_portfolio status-publish has-post-thumbnail hentry us_portfolio_category-expertise-fr\" data-id=\"3832\">\r\n\t\t<div class=\"w-grid-item-h\">\r\n\t\t\t\t\t\t\t<a href=\"https:\/\/pinkfrogs.it\/fr\/services\/microbilles\/\" class=\"w-grid-item-anchor\" aria-label=\"Microbilles\"><\/a>\r\n\t\t\t\t\t\t<div class=\"w-vwrapper usg_vwrapper_1 align_none valign_top\"><div class=\"w-post-elm post_image usg_post_image_1 has_ratio\"><div style=\"padding-bottom:100%\"><\/div><a href=\"https:\/\/pinkfrogs.it\/fr\/services\/microbilles\/\" aria-label=\"Microbilles\"><img loading=\"lazy\" decoding=\"async\" width=\"800\" height=\"800\" src=\"https:\/\/pinkfrogs.it\/wp-content\/uploads\/2010\/08\/expertise-microperle.jpeg\" class=\"attachment-large size-large wp-post-image\" alt=\"\" srcset=\"https:\/\/pinkfrogs.it\/wp-content\/uploads\/2010\/08\/expertise-microperle.jpeg 800w, https:\/\/pinkfrogs.it\/wp-content\/uploads\/2010\/08\/expertise-microperle-300x300.jpeg 300w, https:\/\/pinkfrogs.it\/wp-content\/uploads\/2010\/08\/expertise-microperle-150x150.jpeg 150w\" sizes=\"auto, (max-width: 800px) 100vw, 800px\" \/><\/a><\/div><h3 class=\"w-post-elm post_title usg_post_title_1 align_center entry-title color_link_inherit\"><a href=\"https:\/\/pinkfrogs.it\/fr\/services\/microbilles\/\">Microbilles<\/a><\/h3><\/div>\t\t<\/div>\r\n\t<\/article>\r\n\t<article class=\"w-grid-item size_1x1 post-3812 us_portfolio type-us_portfolio status-publish has-post-thumbnail hentry us_portfolio_category-expertise-fr\" data-id=\"3812\">\r\n\t\t<div class=\"w-grid-item-h\">\r\n\t\t\t\t\t\t\t<a href=\"https:\/\/pinkfrogs.it\/fr\/services\/petales\/\" class=\"w-grid-item-anchor\" aria-label=\"P\u00e9tales\"><\/a>\r\n\t\t\t\t\t\t<div class=\"w-vwrapper usg_vwrapper_1 align_none valign_top\"><div class=\"w-post-elm post_image usg_post_image_1 has_ratio\"><div style=\"padding-bottom:100%\"><\/div><a href=\"https:\/\/pinkfrogs.it\/fr\/services\/petales\/\" aria-label=\"P\u00e9tales\"><img loading=\"lazy\" decoding=\"async\" width=\"800\" height=\"800\" src=\"https:\/\/pinkfrogs.it\/wp-content\/uploads\/2012\/08\/EXPERTISE-Petali-.jpeg\" class=\"attachment-large size-large wp-post-image\" alt=\"\" srcset=\"https:\/\/pinkfrogs.it\/wp-content\/uploads\/2012\/08\/EXPERTISE-Petali-.jpeg 800w, https:\/\/pinkfrogs.it\/wp-content\/uploads\/2012\/08\/EXPERTISE-Petali--300x300.jpeg 300w, https:\/\/pinkfrogs.it\/wp-content\/uploads\/2012\/08\/EXPERTISE-Petali--150x150.jpeg 150w\" sizes=\"auto, (max-width: 800px) 100vw, 800px\" \/><\/a><\/div><h3 class=\"w-post-elm post_title usg_post_title_1 align_center entry-title color_link_inherit\"><a href=\"https:\/\/pinkfrogs.it\/fr\/services\/petales\/\">P\u00e9tales<\/a><\/h3><\/div>\t\t<\/div>\r\n\t<\/article>\r\n\t<article class=\"w-grid-item size_1x1 post-3688 us_portfolio type-us_portfolio status-publish has-post-thumbnail hentry us_portfolio_category-expertise-fr\" data-id=\"3688\">\r\n\t\t<div class=\"w-grid-item-h\">\r\n\t\t\t\t\t\t\t<a href=\"https:\/\/pinkfrogs.it\/fr\/services\/sensorielle\/\" class=\"w-grid-item-anchor\" aria-label=\"Sensorielle\"><\/a>\r\n\t\t\t\t\t\t<div class=\"w-vwrapper usg_vwrapper_1 align_none valign_top\"><div class=\"w-post-elm post_image usg_post_image_1 has_ratio\"><div style=\"padding-bottom:100%\"><\/div><a href=\"https:\/\/pinkfrogs.it\/fr\/services\/sensorielle\/\" aria-label=\"Sensorielle\"><img loading=\"lazy\" decoding=\"async\" width=\"800\" height=\"800\" src=\"https:\/\/pinkfrogs.it\/wp-content\/uploads\/2014\/08\/Sensoriali-1.jpg\" class=\"attachment-large size-large wp-post-image\" alt=\"\" srcset=\"https:\/\/pinkfrogs.it\/wp-content\/uploads\/2014\/08\/Sensoriali-1.jpg 800w, https:\/\/pinkfrogs.it\/wp-content\/uploads\/2014\/08\/Sensoriali-1-300x300.jpg 300w, https:\/\/pinkfrogs.it\/wp-content\/uploads\/2014\/08\/Sensoriali-1-150x150.jpg 150w\" sizes=\"auto, (max-width: 800px) 100vw, 800px\" \/><\/a><\/div><h3 class=\"w-post-elm post_title usg_post_title_1 align_center entry-title color_link_inherit\"><a href=\"https:\/\/pinkfrogs.it\/fr\/services\/sensorielle\/\">Sensorielle<\/a><\/h3><\/div>\t\t<\/div>\r\n\t<\/article>\r\n<\/div><div class=\"w-grid-preloader\">\t<div class=\"g-preloader type_1\">\r\n\t\t<div><\/div>\r\n\t<\/div>\r\n\t<\/div>\t<div class=\"w-grid-json hidden\" onclick='return {&quot;action&quot;:&quot;us_ajax_grid&quot;,&quot;ajax_url&quot;:&quot;https:\\\/\\\/pinkfrogs.it\\\/wp-admin\\\/admin-ajax.php&quot;,&quot;infinite_scroll&quot;:0,&quot;max_num_pages&quot;:1,&quot;pagination&quot;:&quot;none&quot;,&quot;template_vars&quot;:{&quot;columns&quot;:&quot;4&quot;,&quot;exclude_items&quot;:&quot;none&quot;,&quot;img_size&quot;:&quot;default&quot;,&quot;ignore_items_size&quot;:0,&quot;items_layout&quot;:&quot;964&quot;,&quot;items_offset&quot;:&quot;1&quot;,&quot;load_animation&quot;:&quot;none&quot;,&quot;overriding_link&quot;:&quot;%7B%22type%22%3A%22post%22%7D&quot;,&quot;post_id&quot;:0,&quot;query_args&quot;:{&quot;post_type&quot;:[&quot;us_portfolio&quot;],&quot;tax_query&quot;:[{&quot;taxonomy&quot;:&quot;us_portfolio_category&quot;,&quot;field&quot;:&quot;slug&quot;,&quot;terms&quot;:[&quot;expertise&quot;]}],&quot;post_status&quot;:[&quot;publish&quot;,&quot;acf-disabled&quot;],&quot;posts_per_page&quot;:&quot;50&quot;},&quot;orderby_query_args&quot;:{&quot;orderby&quot;:{&quot;date&quot;:&quot;ASC&quot;}},&quot;type&quot;:&quot;grid&quot;,&quot;us_grid_ajax_index&quot;:1,&quot;us_grid_filter_params&quot;:[],&quot;us_grid_index&quot;:1,&quot;_us_grid_post_type&quot;:&quot;us_portfolio&quot;,&quot;page_args&quot;:[],&quot;lang&quot;:&quot;fr&quot;}}'><\/div>\r\n\t<\/div><div class=\"w-separator size_custom\" style=\"height:40px\" id=\"a6ca\"><style>@media(max-width:600px){ #a6ca{height:30px!important}}<\/style><\/div><\/div><\/div><\/div><\/div><\/section>\n","protected":false},"excerpt":{"rendered":"Douceur chicCr\u00e8me ultra-douce et a\u00e9rienne, extr\u00eamement sensorielle et rapidement absorb\u00e9e. Fondant, doux comme du coton, il enveloppe et hydrate la peau, la rendant instantan\u00e9ment lisse et velout\u00e9e. Son absorption rapide et son effet \u00ab\u00a0peau soyeuse\u00a0\u00bb imm\u00e9diat rendent l&rsquo;application encore plus agr\u00e9able. Sans distinction de sexeSa texture sp\u00e9ciale au toucher l\u00e9ger glisse sur la peau et...","protected":false},"author":1,"featured_media":0,"parent":0,"menu_order":0,"comment_status":"closed","ping_status":"closed","template":"","meta":{"footnotes":""},"class_list":["post-3322","page","type-page","status-publish","hentry"],"acf":[],"yoast_head":"<!-- This site is optimized with the Yoast SEO plugin v21.5 - https:\/\/yoast.com\/wordpress\/plugins\/seo\/ -->\n<title>Expertise - Pink Frogs Cosmetics<\/title>\n<meta name=\"robots\" content=\"index, follow, max-snippet:-1, max-image-preview:large, max-video-preview:-1\" \/>\n<link rel=\"canonical\" href=\"https:\/\/pinkfrogs.it\/fr\/expertise\/\" \/>\n<meta property=\"og:locale\" content=\"fr_FR\" \/>\n<meta property=\"og:type\" content=\"article\" \/>\n<meta property=\"og:title\" content=\"Expertise - Pink Frogs Cosmetics\" \/>\n<meta property=\"og:url\" content=\"https:\/\/pinkfrogs.it\/fr\/expertise\/\" \/>\n<meta property=\"og:site_name\" content=\"Pink Frogs Cosmetics\" \/>\n<meta property=\"article:modified_time\" content=\"2024-04-29T08:33:36+00:00\" \/>\n<meta name=\"twitter:card\" content=\"summary_large_image\" \/>\n<meta name=\"twitter:label1\" content=\"Dur\u00e9e de lecture estim\u00e9e\" \/>\n\t<meta name=\"twitter:data1\" content=\"1 minute\" \/>\n<script type=\"application\/ld+json\" class=\"yoast-schema-graph\">{\"@context\":\"https:\/\/schema.org\",\"@graph\":[{\"@type\":\"WebPage\",\"@id\":\"https:\/\/pinkfrogs.it\/fr\/expertise\/\",\"url\":\"https:\/\/pinkfrogs.it\/fr\/expertise\/\",\"name\":\"Expertise - Pink Frogs Cosmetics\",\"isPartOf\":{\"@id\":\"https:\/\/pinkfrogs.it\/fr\/#website\"},\"datePublished\":\"2023-08-08T12:45:34+00:00\",\"dateModified\":\"2024-04-29T08:33:36+00:00\",\"breadcrumb\":{\"@id\":\"https:\/\/pinkfrogs.it\/fr\/expertise\/#breadcrumb\"},\"inLanguage\":\"fr-FR\",\"potentialAction\":[{\"@type\":\"ReadAction\",\"target\":[\"https:\/\/pinkfrogs.it\/fr\/expertise\/\"]}]},{\"@type\":\"BreadcrumbList\",\"@id\":\"https:\/\/pinkfrogs.it\/fr\/expertise\/#breadcrumb\",\"itemListElement\":[{\"@type\":\"ListItem\",\"position\":1,\"name\":\"Home\",\"item\":\"https:\/\/pinkfrogs.it\/fr\/\"},{\"@type\":\"ListItem\",\"position\":2,\"name\":\"Expertise\"}]},{\"@type\":\"WebSite\",\"@id\":\"https:\/\/pinkfrogs.it\/fr\/#website\",\"url\":\"https:\/\/pinkfrogs.it\/fr\/\",\"name\":\"Pink Frogs Cosmetics\",\"description\":\"\",\"potentialAction\":[{\"@type\":\"SearchAction\",\"target\":{\"@type\":\"EntryPoint\",\"urlTemplate\":\"https:\/\/pinkfrogs.it\/fr\/?s={search_term_string}\"},\"query-input\":\"required name=search_term_string\"}],\"inLanguage\":\"fr-FR\"}]}<\/script>\n<!-- \/ Yoast SEO plugin. -->","yoast_head_json":{"title":"Expertise - Pink Frogs Cosmetics","robots":{"index":"index","follow":"follow","max-snippet":"max-snippet:-1","max-image-preview":"max-image-preview:large","max-video-preview":"max-video-preview:-1"},"canonical":"https:\/\/pinkfrogs.it\/fr\/expertise\/","og_locale":"fr_FR","og_type":"article","og_title":"Expertise - Pink Frogs Cosmetics","og_url":"https:\/\/pinkfrogs.it\/fr\/expertise\/","og_site_name":"Pink Frogs Cosmetics","article_modified_time":"2024-04-29T08:33:36+00:00","twitter_card":"summary_large_image","twitter_misc":{"Dur\u00e9e de lecture estim\u00e9e":"1 minute"},"schema":{"@context":"https:\/\/schema.org","@graph":[{"@type":"WebPage","@id":"https:\/\/pinkfrogs.it\/fr\/expertise\/","url":"https:\/\/pinkfrogs.it\/fr\/expertise\/","name":"Expertise - Pink Frogs Cosmetics","isPartOf":{"@id":"https:\/\/pinkfrogs.it\/fr\/#website"},"datePublished":"2023-08-08T12:45:34+00:00","dateModified":"2024-04-29T08:33:36+00:00","breadcrumb":{"@id":"https:\/\/pinkfrogs.it\/fr\/expertise\/#breadcrumb"},"inLanguage":"fr-FR","potentialAction":[{"@type":"ReadAction","target":["https:\/\/pinkfrogs.it\/fr\/expertise\/"]}]},{"@type":"BreadcrumbList","@id":"https:\/\/pinkfrogs.it\/fr\/expertise\/#breadcrumb","itemListElement":[{"@type":"ListItem","position":1,"name":"Home","item":"https:\/\/pinkfrogs.it\/fr\/"},{"@type":"ListItem","position":2,"name":"Expertise"}]},{"@type":"WebSite","@id":"https:\/\/pinkfrogs.it\/fr\/#website","url":"https:\/\/pinkfrogs.it\/fr\/","name":"Pink Frogs Cosmetics","description":"","potentialAction":[{"@type":"SearchAction","target":{"@type":"EntryPoint","urlTemplate":"https:\/\/pinkfrogs.it\/fr\/?s={search_term_string}"},"query-input":"required name=search_term_string"}],"inLanguage":"fr-FR"}]}},"_links":{"self":[{"href":"https:\/\/pinkfrogs.it\/fr\/wp-json\/wp\/v2\/pages\/3322","targetHints":{"allow":["GET"]}}],"collection":[{"href":"https:\/\/pinkfrogs.it\/fr\/wp-json\/wp\/v2\/pages"}],"about":[{"href":"https:\/\/pinkfrogs.it\/fr\/wp-json\/wp\/v2\/types\/page"}],"author":[{"embeddable":true,"href":"https:\/\/pinkfrogs.it\/fr\/wp-json\/wp\/v2\/users\/1"}],"replies":[{"embeddable":true,"href":"https:\/\/pinkfrogs.it\/fr\/wp-json\/wp\/v2\/comments?post=3322"}],"version-history":[{"count":13,"href":"https:\/\/pinkfrogs.it\/fr\/wp-json\/wp\/v2\/pages\/3322\/revisions"}],"predecessor-version":[{"id":8337,"href":"https:\/\/pinkfrogs.it\/fr\/wp-json\/wp\/v2\/pages\/3322\/revisions\/8337"}],"wp:attachment":[{"href":"https:\/\/pinkfrogs.it\/fr\/wp-json\/wp\/v2\/media?parent=3322"}],"curies":[{"name":"wp","href":"https:\/\/api.w.org\/{rel}","templated":true}]}}