{"id":3303,"date":"2023-08-08T09:38:19","date_gmt":"2023-08-08T09:38:19","guid":{"rendered":"https:\/\/pinkfrogs.kifadesign.it\/v02\/qualite\/"},"modified":"2024-01-30T09:15:26","modified_gmt":"2024-01-30T09:15:26","slug":"qualite","status":"publish","type":"page","link":"https:\/\/pinkfrogs.it\/fr\/qualite\/","title":{"rendered":"Qualit\u00e9"},"content":{"rendered":"<section class=\"l-section wpb_row height_large color_primary with_img parallax_ver\"><div class=\"l-section-img\" role=\"img\" data-img-width=\"2400\" data-img-height=\"800\" style=\"background-image: url(https:\/\/pinkfrogs.it\/wp-content\/uploads\/2023\/10\/AZIENDA-La-qualita.jpg);background-repeat: no-repeat;\"><\/div><div class=\"l-section-overlay\" style=\"background:linear-gradient(0deg,rgba(235,124,162,0.45),rgba(56,56,56,0.3))\"><\/div><div class=\"l-section-h i-cf\"><div class=\"g-cols vc_row via_grid cols_1 laptops-cols_inherit tablets-cols_inherit mobiles-cols_1 valign_middle type_default stacking_default\"><div class=\"wpb_column vc_column_container\"><div class=\"vc_column-inner\"><h1 class=\"w-text us_custom_d2692c71\"><span class=\"w-text-h\"><span class=\"w-text-value\">Qualit\u00e9<\/span><\/span><\/h1><div class=\"w-separator size_small\"><\/div><\/div><\/div><\/div><\/div><\/section><section class=\"l-section wpb_row us_custom_f5ed9809 height_medium\"><div class=\"l-section-h i-cf\"><div class=\"g-cols vc_row via_grid cols_1 laptops-cols_inherit tablets-cols_inherit mobiles-cols_1 valign_top type_default stacking_default\"><div class=\"wpb_column vc_column_container\"><div class=\"vc_column-inner\"><div class=\"wpb_text_column\"><div class=\"wpb_wrapper\"><p>Depuis 45 ans, Pink Frogs Cosmetics est un partenaire industriel pour le <strong>d\u00e9veloppement<\/strong>, la <strong>production<\/strong> et l&rsquo;<strong>emballage<\/strong> de grandes <strong>marques italiennes et internationales de cosm\u00e9tiques<\/strong>.<\/p>\n<p>En tant que <strong>fabricant de cosm\u00e9tiques \u00e0 fa\u00e7on<\/strong>, caract\u00e9ris\u00e9 par des normes \u00e9lev\u00e9es de qualit\u00e9, de s\u00e9curit\u00e9 et d&rsquo;efficacit\u00e9, nous nous engageons \u00e0 am\u00e9liorer constamment notre travail.<\/p>\n<p>Notre travail est scrupuleusement g\u00e9r\u00e9 selon des r\u00e8gles et des mesures de garantie et de qualit\u00e9. Un service pr\u00e9cis qui fait la diff\u00e9rence pour nos clients.\u00a0Par l&rsquo;interm\u00e9diaire de <strong>Certiquality<\/strong>, Pink Frogs Cosmetics a certifi\u00e9 son syst\u00e8me de qualit\u00e9 selon les <strong>normes ISO 9001, 22716 et 14001<\/strong>.<\/p>\n<\/div><\/div><div class=\"w-separator size_large\"><\/div><div class=\"g-cols wpb_row via_grid cols_3 laptops-cols_inherit tablets-cols_inherit mobiles-cols_1 valign_top type_default stacking_default\" style=\"--gap:3rem;\"><div class=\"wpb_column vc_column_container us_custom_eb849559\"><div class=\"vc_column-inner\"><div class=\"w-image us_custom_3162ec6e align_center\"><div class=\"w-image-h\"><img loading=\"lazy\" decoding=\"async\" width=\"426\" height=\"426\" src=\"https:\/\/pinkfrogs.it\/wp-content\/uploads\/2023\/09\/Iso9001-2015.png\" class=\"attachment-large size-large\" alt=\"\" srcset=\"https:\/\/pinkfrogs.it\/wp-content\/uploads\/2023\/09\/Iso9001-2015.png 426w, https:\/\/pinkfrogs.it\/wp-content\/uploads\/2023\/09\/Iso9001-2015-300x300.png 300w, https:\/\/pinkfrogs.it\/wp-content\/uploads\/2023\/09\/Iso9001-2015-150x150.png 150w\" sizes=\"auto, (max-width: 426px) 100vw, 426px\" \/><\/div><\/div><h3 class=\"w-text us_custom_aedc6d51\"><span class=\"w-text-h\"><span class=\"w-text-value\">ISO 9001<\/span><\/span><\/h3><div class=\"wpb_text_column\"><div class=\"wpb_wrapper\"><p style=\"text-align: center;\"><span class=\"OYPEnA text-decoration-none text-strikethrough-none\">Reconnue internationalement, la norme de qualit\u00e9 ISO 9001 est un indicateur indispensable pour suivre une trajectoire d&rsquo;am\u00e9lioration continue des syst\u00e8mes de gestion de la qualit\u00e9.<\/span><br \/>\n<a href=\"https:\/\/pinkfrogs.kifadesign.it\/v02\/wp-content\/uploads\/2023\/10\/ISO9001-13572-02.pdf\" target=\"_blank\" rel=\"noopener\">Cliquez ici<\/a> pour consulter le certificat d\u00e9livr\u00e9 par Certiquality.<\/p>\n<\/div><\/div><\/div><\/div><div class=\"wpb_column vc_column_container\"><div class=\"vc_column-inner\"><div class=\"w-image us_custom_3162ec6e align_center\"><div class=\"w-image-h\"><img loading=\"lazy\" decoding=\"async\" width=\"426\" height=\"426\" src=\"https:\/\/pinkfrogs.it\/wp-content\/uploads\/2023\/09\/Iso22716-2007.png\" class=\"attachment-large size-large\" alt=\"\" srcset=\"https:\/\/pinkfrogs.it\/wp-content\/uploads\/2023\/09\/Iso22716-2007.png 426w, https:\/\/pinkfrogs.it\/wp-content\/uploads\/2023\/09\/Iso22716-2007-300x300.png 300w, https:\/\/pinkfrogs.it\/wp-content\/uploads\/2023\/09\/Iso22716-2007-150x150.png 150w\" sizes=\"auto, (max-width: 426px) 100vw, 426px\" \/><\/div><\/div><h3 class=\"w-text us_custom_aedc6d51\"><span class=\"w-text-h\"><span class=\"w-text-value\">ISO 22716<\/span><\/span><\/h3><div class=\"wpb_text_column\"><div class=\"wpb_wrapper\"><p style=\"text-align: center;\">Les bonnes pratiques de fabrication (BPF) sont une constante fondamentale dans notre travail.<br \/>\n<a href=\"\/v02\/wp-content\/uploads\/2023\/10\/ISO22716-60857.pdf\">Cliquez ici<\/a> pour consulter le certificat d\u00e9livr\u00e9 par Certiquality.<\/p>\n<\/div><\/div><\/div><\/div><div class=\"wpb_column vc_column_container\"><div class=\"vc_column-inner\"><div class=\"w-image us_custom_3162ec6e align_center\"><div class=\"w-image-h\"><img loading=\"lazy\" decoding=\"async\" width=\"426\" height=\"426\" src=\"https:\/\/pinkfrogs.it\/wp-content\/uploads\/2023\/09\/Iso14001-2015.png\" class=\"attachment-large size-large\" alt=\"\" srcset=\"https:\/\/pinkfrogs.it\/wp-content\/uploads\/2023\/09\/Iso14001-2015.png 426w, https:\/\/pinkfrogs.it\/wp-content\/uploads\/2023\/09\/Iso14001-2015-300x300.png 300w, https:\/\/pinkfrogs.it\/wp-content\/uploads\/2023\/09\/Iso14001-2015-150x150.png 150w\" sizes=\"auto, (max-width: 426px) 100vw, 426px\" \/><\/div><\/div><h3 class=\"w-text us_custom_aedc6d51\"><span class=\"w-text-h\"><span class=\"w-text-value\">ISO 14001<\/span><\/span><\/h3><div class=\"wpb_text_column\"><div class=\"wpb_wrapper\"><p style=\"text-align: center;\">Pour soutenir notre plan de d\u00e9veloppement durable, nous avons \u00e9galement obtenu la certification ISO 14001 pour \u00e9valuer notre gestion environnementale.<br \/>\n<a href=\"\/v02\/wp-content\/uploads\/2023\/09\/UNI-EN-ISO-14001_2015.pdf\" target=\"_blank\" rel=\"noopener\">Cliquez ici<\/a> pour consulter le certificat d\u00e9livr\u00e9 par Certiquality.<\/p>\n<\/div><\/div><\/div><\/div><\/div><div class=\"w-separator size_huge\"><\/div><\/div><\/div><\/div><\/div><\/section>\n","protected":false},"excerpt":{"rendered":"Qualit\u00e9Depuis 45 ans, Pink Frogs Cosmetics est un partenaire industriel pour le d\u00e9veloppement, la production et l&rsquo;emballage de grandes marques italiennes et internationales de cosm\u00e9tiques. En tant que fabricant de cosm\u00e9tiques \u00e0 fa\u00e7on, caract\u00e9ris\u00e9 par des normes \u00e9lev\u00e9es de qualit\u00e9, de s\u00e9curit\u00e9 et d&rsquo;efficacit\u00e9, nous nous engageons \u00e0 am\u00e9liorer constamment notre travail. Notre travail est...","protected":false},"author":1,"featured_media":0,"parent":0,"menu_order":0,"comment_status":"closed","ping_status":"closed","template":"","meta":{"footnotes":""},"class_list":["post-3303","page","type-page","status-publish","hentry"],"acf":[],"yoast_head":"<!-- This site is optimized with the Yoast SEO plugin v21.5 - https:\/\/yoast.com\/wordpress\/plugins\/seo\/ -->\n<title>Qualit\u00e9 - Pink Frogs Cosmetics<\/title>\n<meta name=\"robots\" content=\"index, follow, max-snippet:-1, max-image-preview:large, max-video-preview:-1\" \/>\n<link rel=\"canonical\" href=\"https:\/\/pinkfrogs.it\/fr\/qualite\/\" \/>\n<meta property=\"og:locale\" content=\"fr_FR\" \/>\n<meta property=\"og:type\" content=\"article\" \/>\n<meta property=\"og:title\" content=\"Qualit\u00e9 - Pink Frogs Cosmetics\" \/>\n<meta property=\"og:url\" content=\"https:\/\/pinkfrogs.it\/fr\/qualite\/\" \/>\n<meta property=\"og:site_name\" content=\"Pink Frogs Cosmetics\" \/>\n<meta property=\"article:modified_time\" content=\"2024-01-30T09:15:26+00:00\" \/>\n<meta name=\"twitter:card\" content=\"summary_large_image\" \/>\n<meta name=\"twitter:label1\" content=\"Dur\u00e9e de lecture estim\u00e9e\" \/>\n\t<meta name=\"twitter:data1\" content=\"2 minutes\" \/>\n<script type=\"application\/ld+json\" class=\"yoast-schema-graph\">{\"@context\":\"https:\/\/schema.org\",\"@graph\":[{\"@type\":\"WebPage\",\"@id\":\"https:\/\/pinkfrogs.it\/fr\/qualite\/\",\"url\":\"https:\/\/pinkfrogs.it\/fr\/qualite\/\",\"name\":\"Qualit\u00e9 - Pink Frogs Cosmetics\",\"isPartOf\":{\"@id\":\"https:\/\/pinkfrogs.it\/fr\/#website\"},\"datePublished\":\"2023-08-08T09:38:19+00:00\",\"dateModified\":\"2024-01-30T09:15:26+00:00\",\"breadcrumb\":{\"@id\":\"https:\/\/pinkfrogs.it\/fr\/qualite\/#breadcrumb\"},\"inLanguage\":\"fr-FR\",\"potentialAction\":[{\"@type\":\"ReadAction\",\"target\":[\"https:\/\/pinkfrogs.it\/fr\/qualite\/\"]}]},{\"@type\":\"BreadcrumbList\",\"@id\":\"https:\/\/pinkfrogs.it\/fr\/qualite\/#breadcrumb\",\"itemListElement\":[{\"@type\":\"ListItem\",\"position\":1,\"name\":\"Home\",\"item\":\"https:\/\/pinkfrogs.it\/fr\/\"},{\"@type\":\"ListItem\",\"position\":2,\"name\":\"Qualit\u00e9\"}]},{\"@type\":\"WebSite\",\"@id\":\"https:\/\/pinkfrogs.it\/fr\/#website\",\"url\":\"https:\/\/pinkfrogs.it\/fr\/\",\"name\":\"Pink Frogs Cosmetics\",\"description\":\"\",\"potentialAction\":[{\"@type\":\"SearchAction\",\"target\":{\"@type\":\"EntryPoint\",\"urlTemplate\":\"https:\/\/pinkfrogs.it\/fr\/?s={search_term_string}\"},\"query-input\":\"required name=search_term_string\"}],\"inLanguage\":\"fr-FR\"}]}<\/script>\n<!-- \/ Yoast SEO plugin. -->","yoast_head_json":{"title":"Qualit\u00e9 - Pink Frogs Cosmetics","robots":{"index":"index","follow":"follow","max-snippet":"max-snippet:-1","max-image-preview":"max-image-preview:large","max-video-preview":"max-video-preview:-1"},"canonical":"https:\/\/pinkfrogs.it\/fr\/qualite\/","og_locale":"fr_FR","og_type":"article","og_title":"Qualit\u00e9 - Pink Frogs Cosmetics","og_url":"https:\/\/pinkfrogs.it\/fr\/qualite\/","og_site_name":"Pink Frogs Cosmetics","article_modified_time":"2024-01-30T09:15:26+00:00","twitter_card":"summary_large_image","twitter_misc":{"Dur\u00e9e de lecture estim\u00e9e":"2 minutes"},"schema":{"@context":"https:\/\/schema.org","@graph":[{"@type":"WebPage","@id":"https:\/\/pinkfrogs.it\/fr\/qualite\/","url":"https:\/\/pinkfrogs.it\/fr\/qualite\/","name":"Qualit\u00e9 - Pink Frogs Cosmetics","isPartOf":{"@id":"https:\/\/pinkfrogs.it\/fr\/#website"},"datePublished":"2023-08-08T09:38:19+00:00","dateModified":"2024-01-30T09:15:26+00:00","breadcrumb":{"@id":"https:\/\/pinkfrogs.it\/fr\/qualite\/#breadcrumb"},"inLanguage":"fr-FR","potentialAction":[{"@type":"ReadAction","target":["https:\/\/pinkfrogs.it\/fr\/qualite\/"]}]},{"@type":"BreadcrumbList","@id":"https:\/\/pinkfrogs.it\/fr\/qualite\/#breadcrumb","itemListElement":[{"@type":"ListItem","position":1,"name":"Home","item":"https:\/\/pinkfrogs.it\/fr\/"},{"@type":"ListItem","position":2,"name":"Qualit\u00e9"}]},{"@type":"WebSite","@id":"https:\/\/pinkfrogs.it\/fr\/#website","url":"https:\/\/pinkfrogs.it\/fr\/","name":"Pink Frogs Cosmetics","description":"","potentialAction":[{"@type":"SearchAction","target":{"@type":"EntryPoint","urlTemplate":"https:\/\/pinkfrogs.it\/fr\/?s={search_term_string}"},"query-input":"required name=search_term_string"}],"inLanguage":"fr-FR"}]}},"_links":{"self":[{"href":"https:\/\/pinkfrogs.it\/fr\/wp-json\/wp\/v2\/pages\/3303","targetHints":{"allow":["GET"]}}],"collection":[{"href":"https:\/\/pinkfrogs.it\/fr\/wp-json\/wp\/v2\/pages"}],"about":[{"href":"https:\/\/pinkfrogs.it\/fr\/wp-json\/wp\/v2\/types\/page"}],"author":[{"embeddable":true,"href":"https:\/\/pinkfrogs.it\/fr\/wp-json\/wp\/v2\/users\/1"}],"replies":[{"embeddable":true,"href":"https:\/\/pinkfrogs.it\/fr\/wp-json\/wp\/v2\/comments?post=3303"}],"version-history":[{"count":4,"href":"https:\/\/pinkfrogs.it\/fr\/wp-json\/wp\/v2\/pages\/3303\/revisions"}],"predecessor-version":[{"id":6367,"href":"https:\/\/pinkfrogs.it\/fr\/wp-json\/wp\/v2\/pages\/3303\/revisions\/6367"}],"wp:attachment":[{"href":"https:\/\/pinkfrogs.it\/fr\/wp-json\/wp\/v2\/media?parent=3303"}],"curies":[{"name":"wp","href":"https:\/\/api.w.org\/{rel}","templated":true}]}}