{"id":3295,"date":"2023-08-08T09:34:13","date_gmt":"2023-08-08T09:34:13","guid":{"rendered":"https:\/\/pinkfrogs.kifadesign.it\/v02\/lhistoire\/"},"modified":"2025-08-27T09:31:07","modified_gmt":"2025-08-27T09:31:07","slug":"lhistoire","status":"publish","type":"page","link":"https:\/\/pinkfrogs.it\/fr\/lhistoire\/","title":{"rendered":"L&rsquo;histoire"},"content":{"rendered":"<section class=\"l-section wpb_row height_large color_primary with_img parallax_ver\"><div class=\"l-section-img\" role=\"img\" data-img-width=\"2400\" data-img-height=\"800\" style=\"background-image: url(https:\/\/pinkfrogs.it\/wp-content\/uploads\/2023\/10\/AZIENDA-La-Storia.jpg);background-repeat: no-repeat;\"><\/div><div class=\"l-section-overlay\" style=\"background:linear-gradient(0deg,rgba(235,124,162,0.45),rgba(56,56,56,0.3))\"><\/div><div class=\"l-section-h i-cf\"><div class=\"g-cols vc_row via_grid cols_1 laptops-cols_inherit tablets-cols_inherit mobiles-cols_1 valign_middle type_default stacking_default\"><div class=\"wpb_column vc_column_container\"><div class=\"vc_column-inner\"><h1 class=\"w-text us_custom_06a2e8f9\"><span class=\"w-text-h\"><span class=\"w-text-value\">L&rsquo;histoire<\/span><\/span><\/h1><div class=\"w-separator size_small\"><\/div><\/div><\/div><\/div><\/div><\/section><section class=\"l-section wpb_row us_custom_f5ed9809 height_medium\"><div class=\"l-section-h i-cf\"><div class=\"g-cols vc_row via_grid cols_1 laptops-cols_inherit tablets-cols_inherit mobiles-cols_1 valign_top type_default stacking_default\"><div class=\"wpb_column vc_column_container\"><div class=\"vc_column-inner\"><div class=\"g-cols wpb_row via_grid cols_1-2 laptops-cols_inherit tablets-cols_inherit mobiles-cols_1 valign_top type_default stacking_default\" style=\"--gap:3rem;\"><div class=\"wpb_column vc_column_container\"><div class=\"vc_column-inner\"><div class=\"w-image us_custom_70cfe74d has_ratio align_none\"><div class=\"w-image-h\"><div style=\"padding-bottom:150%\"><\/div><img loading=\"lazy\" decoding=\"async\" width=\"723\" height=\"1023\" src=\"https:\/\/pinkfrogs.it\/wp-content\/uploads\/2023\/09\/scuola-colore-1-1.png\" class=\"attachment-full size-full\" alt=\"\" srcset=\"https:\/\/pinkfrogs.it\/wp-content\/uploads\/2023\/09\/scuola-colore-1-1.png 723w, https:\/\/pinkfrogs.it\/wp-content\/uploads\/2023\/09\/scuola-colore-1-1-212x300.png 212w\" sizes=\"auto, (max-width: 723px) 100vw, 723px\" \/><\/div><\/div><\/div><\/div><div class=\"wpb_column vc_column_container\"><div class=\"vc_column-inner\"><h2 class=\"w-text us_custom_1f257949\"><span class=\"w-text-h\"><span class=\"w-text-value\">Une \u00e9volution continue entre recherche et beaut\u00e9<\/span><\/span><\/h2><div class=\"wpb_text_column\"><div class=\"wpb_wrapper\"><p>Pink Frogs Cosmetics Srl est une soci\u00e9t\u00e9 sp\u00e9cialis\u00e9e dans la <strong>production de cosm\u00e9tiques pour des tiers<\/strong>, fond\u00e9e en 1979 pour consolider une entreprise familiale \u00e9tablie depuis 1939.<br \/>\nInitialement ax\u00e9e sur les <strong>traitements capillaires<\/strong>, notre \u00e9volution constante nous a amen\u00e9s \u00e0 accro\u00eetre notre capacit\u00e9 de production et notre expertise, \u00e9tendant ainsi nos comp\u00e9tences \u00e0 l&rsquo;ensemble du secteur de la \u00ab\u00a0cosm\u00e9tique blanche\u00a0\u00bb.<\/p>\n<\/div><\/div><div class=\"w-separator size_small\"><\/div><div class=\"w-hwrapper hide_on_tablets hide_on_mobiles valign_bottom align_none\" style=\"--hwrapper-gap:2rem\"><div class=\"w-image us_custom_70cfe74d has_ratio align_none\"><div class=\"w-image-h\"><div style=\"padding-bottom:133.3333%\"><\/div><img loading=\"lazy\" decoding=\"async\" width=\"502\" height=\"724\" src=\"https:\/\/pinkfrogs.it\/wp-content\/uploads\/2023\/09\/Locandina-Locatelli.png\" class=\"attachment-full size-full\" alt=\"\" srcset=\"https:\/\/pinkfrogs.it\/wp-content\/uploads\/2023\/09\/Locandina-Locatelli.png 502w, https:\/\/pinkfrogs.it\/wp-content\/uploads\/2023\/09\/Locandina-Locatelli-208x300.png 208w\" sizes=\"auto, (max-width: 502px) 100vw, 502px\" \/><\/div><\/div><div class=\"w-image us_custom_70cfe74d has_ratio align_none\"><div class=\"w-image-h\"><div style=\"padding-bottom:75%\"><\/div><img loading=\"lazy\" decoding=\"async\" width=\"961\" height=\"709\" src=\"https:\/\/pinkfrogs.it\/wp-content\/uploads\/2023\/09\/Nonna-con-Parrucchiere.png\" class=\"attachment-full size-full\" alt=\"\" srcset=\"https:\/\/pinkfrogs.it\/wp-content\/uploads\/2023\/09\/Nonna-con-Parrucchiere.png 961w, https:\/\/pinkfrogs.it\/wp-content\/uploads\/2023\/09\/Nonna-con-Parrucchiere-300x221.png 300w\" sizes=\"auto, (max-width: 961px) 100vw, 961px\" \/><\/div><\/div><div class=\"w-image us_custom_70cfe74d has_ratio align_none\"><div class=\"w-image-h\"><div style=\"padding-bottom:75%\"><\/div><img loading=\"lazy\" decoding=\"async\" width=\"576\" height=\"413\" src=\"https:\/\/pinkfrogs.it\/wp-content\/uploads\/2023\/09\/Anni-90.png\" class=\"attachment-full size-full\" alt=\"\" srcset=\"https:\/\/pinkfrogs.it\/wp-content\/uploads\/2023\/09\/Anni-90.png 576w, https:\/\/pinkfrogs.it\/wp-content\/uploads\/2023\/09\/Anni-90-300x215.png 300w\" sizes=\"auto, (max-width: 576px) 100vw, 576px\" \/><\/div><\/div><\/div><div class=\"w-image us_custom_70cfe74d hide_on_default hide_on_laptops has_ratio align_none\"><div class=\"w-image-h\"><div style=\"padding-bottom:133.3333%\"><\/div><img loading=\"lazy\" decoding=\"async\" width=\"502\" height=\"724\" src=\"https:\/\/pinkfrogs.it\/wp-content\/uploads\/2023\/09\/Locandina-Locatelli.png\" class=\"attachment-full size-full\" alt=\"\" srcset=\"https:\/\/pinkfrogs.it\/wp-content\/uploads\/2023\/09\/Locandina-Locatelli.png 502w, https:\/\/pinkfrogs.it\/wp-content\/uploads\/2023\/09\/Locandina-Locatelli-208x300.png 208w\" sizes=\"auto, (max-width: 502px) 100vw, 502px\" \/><\/div><\/div><div class=\"w-separator hide_on_default hide_on_laptops size_small\"><\/div><div class=\"w-image us_custom_70cfe74d hide_on_default hide_on_laptops has_ratio align_none\"><div class=\"w-image-h\"><div style=\"padding-bottom:75%\"><\/div><img loading=\"lazy\" decoding=\"async\" width=\"961\" height=\"709\" src=\"https:\/\/pinkfrogs.it\/wp-content\/uploads\/2023\/09\/Nonna-con-Parrucchiere.png\" class=\"attachment-full size-full\" alt=\"\" srcset=\"https:\/\/pinkfrogs.it\/wp-content\/uploads\/2023\/09\/Nonna-con-Parrucchiere.png 961w, https:\/\/pinkfrogs.it\/wp-content\/uploads\/2023\/09\/Nonna-con-Parrucchiere-300x221.png 300w\" sizes=\"auto, (max-width: 961px) 100vw, 961px\" \/><\/div><\/div><div class=\"w-separator hide_on_default hide_on_laptops size_small\"><\/div><div class=\"w-image us_custom_70cfe74d hide_on_default hide_on_laptops has_ratio align_none\"><div class=\"w-image-h\"><div style=\"padding-bottom:75%\"><\/div><img loading=\"lazy\" decoding=\"async\" width=\"576\" height=\"413\" src=\"https:\/\/pinkfrogs.it\/wp-content\/uploads\/2023\/09\/Anni-90.png\" class=\"attachment-full size-full\" alt=\"\" srcset=\"https:\/\/pinkfrogs.it\/wp-content\/uploads\/2023\/09\/Anni-90.png 576w, https:\/\/pinkfrogs.it\/wp-content\/uploads\/2023\/09\/Anni-90-300x215.png 300w\" sizes=\"auto, (max-width: 576px) 100vw, 576px\" \/><\/div><\/div><\/div><\/div><\/div><\/div><\/div><\/div><\/div><\/section><section class=\"l-section wpb_row height_medium\"><div class=\"l-section-h i-cf\"><div class=\"g-cols vc_row via_grid cols_2-1 laptops-cols_inherit tablets-cols_inherit mobiles-cols_1 valign_top type_default stacking_default\"><div class=\"wpb_column vc_column_container\"><div class=\"vc_column-inner\"><h2 class=\"w-text us_custom_1f257949\"><span class=\"w-text-h\"><span class=\"w-text-value\">La naissance de Pink Frogs Srl<\/span><\/span><\/h2><div class=\"wpb_text_column\"><div class=\"wpb_wrapper\"><p>Pink Frogs est une marque de fantaisie cr\u00e9\u00e9e \u00e0 la fin des ann\u00e9es 1970 pour une ligne de produits trichologiques. Les couleurs vives, typiques de l&rsquo;\u00e9poque, ont donn\u00e9 naissance \u00e0 un symbole extravagant choisi sp\u00e9cifiquement comme \u00e9l\u00e9ment distinctif de ces ann\u00e9es. Les grenouilles roses ont ensuite disparu du logo, mais le nom Pink Frogs est rest\u00e9, consolidant ainsi son <strong>expertise en mati\u00e8re de cosm\u00e9tiques \u00e0 fa\u00e7on<\/strong>.<\/p>\n<\/div><\/div><\/div><\/div><div class=\"wpb_column vc_column_container\"><div class=\"vc_column-inner\"><div class=\"w-image us_custom_70cfe74d has_ratio align_none\"><div class=\"w-image-h\"><div style=\"padding-bottom:66.6667%\"><\/div><img loading=\"lazy\" decoding=\"async\" width=\"1121\" height=\"656\" src=\"https:\/\/pinkfrogs.it\/wp-content\/uploads\/2023\/09\/LOGO-PINK-1979.png\" class=\"attachment-full size-full\" alt=\"\" srcset=\"https:\/\/pinkfrogs.it\/wp-content\/uploads\/2023\/09\/LOGO-PINK-1979.png 1121w, https:\/\/pinkfrogs.it\/wp-content\/uploads\/2023\/09\/LOGO-PINK-1979-300x176.png 300w, https:\/\/pinkfrogs.it\/wp-content\/uploads\/2023\/09\/LOGO-PINK-1979-1024x599.png 1024w\" sizes=\"auto, (max-width: 1121px) 100vw, 1121px\" \/><\/div><\/div><\/div><\/div><\/div><\/div><\/section><section class=\"l-section wpb_row height_medium\"><div class=\"l-section-h i-cf\"><div class=\"g-cols vc_row via_grid cols_1-2 laptops-cols_inherit tablets-cols_inherit mobiles-cols_1 valign_top type_default stacking_default\"><div class=\"wpb_column vc_column_container\"><div class=\"vc_column-inner\"><div class=\"w-image us_custom_70cfe74d has_ratio align_none\"><div class=\"w-image-h\"><div style=\"padding-bottom:133.3333%\"><\/div><img loading=\"lazy\" decoding=\"async\" width=\"693\" height=\"800\" src=\"https:\/\/pinkfrogs.it\/wp-content\/uploads\/2023\/09\/Matteo-2018-ok-e1528275051790-693x800-1.jpeg\" class=\"attachment-full size-full\" alt=\"\" srcset=\"https:\/\/pinkfrogs.it\/wp-content\/uploads\/2023\/09\/Matteo-2018-ok-e1528275051790-693x800-1.jpeg 693w, https:\/\/pinkfrogs.it\/wp-content\/uploads\/2023\/09\/Matteo-2018-ok-e1528275051790-693x800-1-260x300.jpeg 260w\" sizes=\"auto, (max-width: 693px) 100vw, 693px\" \/><\/div><\/div><\/div><\/div><div class=\"wpb_column vc_column_container\"><div class=\"vc_column-inner\"><h2 class=\"w-text us_custom_1f257949\"><span class=\"w-text-h\"><span class=\"w-text-value\">Matteo Locatelli: troisi\u00e8me g\u00e9n\u00e9ration<\/span><\/span><\/h2><div class=\"wpb_text_column\"><div class=\"wpb_wrapper\"><p>En 1996, la troisi\u00e8me g\u00e9n\u00e9ration prend le relais, marquant un nouveau tournant pour l&rsquo;entreprise : l&rsquo;arriv\u00e9e de Matteo Locatelli, biologiste et actuel PDG de l&rsquo;entreprise, marque le d\u00e9but d&rsquo;un nouveau chapitre de son histoire, avec l&rsquo;extension de ses activit\u00e9s \u00e0 l&rsquo;\u00e9tranger.<\/p>\n<p>Pink Frogs dispose d\u00e9sormais de deux laboratoires de recherche et d\u00e9veloppement qui \u00e9laborent plus de 300 nouvelles formules par an et augmente de mani\u00e8re exponentielle sa production en diversifiant ses comp\u00e9tences, s&rsquo;imposant dans les secteurs des soins de la peau, des soins capillaires et des dispositifs m\u00e9dicaux.<\/p>\n<p>Le logo de l&rsquo;entreprise est actualis\u00e9 dans sa conception graphique :<\/p>\n<p>&nbsp;<\/p>\n<p><img loading=\"lazy\" decoding=\"async\" class=\"alignnone wp-image-8721\" src=\"https:\/\/pinkfrogs.it\/wp-content\/uploads\/2024\/05\/00-Logo-Pink-300x82.png\" alt=\"\" width=\"216\" height=\"59\" srcset=\"https:\/\/pinkfrogs.it\/wp-content\/uploads\/2024\/05\/00-Logo-Pink-300x82.png 300w, https:\/\/pinkfrogs.it\/wp-content\/uploads\/2024\/05\/00-Logo-Pink-1024x279.png 1024w, https:\/\/pinkfrogs.it\/wp-content\/uploads\/2024\/05\/00-Logo-Pink.png 1983w\" sizes=\"auto, (max-width: 216px) 100vw, 216px\" \/><\/p>\n<\/div><\/div><\/div><\/div><\/div><\/div><\/section><section class=\"l-section wpb_row height_medium\"><div class=\"l-section-h i-cf\"><div class=\"g-cols vc_row via_grid cols_1-2 laptops-cols_inherit tablets-cols_inherit mobiles-cols_1 valign_top type_default stacking_default\"><div class=\"wpb_column vc_column_container\"><div class=\"vc_column-inner\"><div class=\"w-image us_custom_70cfe74d has_ratio align_none\"><div class=\"w-image-h\"><div style=\"padding-bottom:133.3333%\"><\/div><img loading=\"lazy\" decoding=\"async\" width=\"800\" height=\"600\" src=\"https:\/\/pinkfrogs.it\/wp-content\/uploads\/2024\/05\/IMMAGINI-SITO-RETT-800x600-1.png\" class=\"attachment-full size-full\" alt=\"\" srcset=\"https:\/\/pinkfrogs.it\/wp-content\/uploads\/2024\/05\/IMMAGINI-SITO-RETT-800x600-1.png 800w, https:\/\/pinkfrogs.it\/wp-content\/uploads\/2024\/05\/IMMAGINI-SITO-RETT-800x600-1-300x225.png 300w\" sizes=\"auto, (max-width: 800px) 100vw, 800px\" \/><\/div><\/div><\/div><\/div><div class=\"wpb_column vc_column_container\"><div class=\"vc_column-inner\"><h2 class=\"w-text us_custom_1f257949\"><span class=\"w-text-h\"><span class=\"w-text-value\">C\u00e9l\u00e9bration des 40 ans<\/span><\/span><\/h2><div class=\"wpb_text_column\"><div class=\"wpb_wrapper\"><p>Le 24 mai 2019, Pink Frogs c\u00e9l\u00e8bre ses 40 premi\u00e8res ann\u00e9es d&rsquo;activit\u00e9 dans le cadre splendide des Bagni Misteriosi \u00e0 Milan. \u00c0 l&rsquo;occasion de cette c\u00e9l\u00e9bration, Matteo Locatelli annonce son adh\u00e9sion, en tant que sympathisant, \u00e0 l&rsquo;organisation \u00e0 but non lucratif La Forza e il sorriso, et pr\u00e9sente le dernier rapport de d\u00e9veloppement durable certifi\u00e9 selon le syst\u00e8me international GRI (Global Reporting Initiative), soulignant le caract\u00e8re unique d&rsquo;\u00eatre la premi\u00e8re PME italienne de cosm\u00e9tiques \u00e0 \u00eatre ainsi certifi\u00e9e.<\/p>\n<\/div><\/div><\/div><\/div><\/div><\/div><\/section><section class=\"l-section wpb_row height_medium\"><div class=\"l-section-h i-cf\"><div class=\"g-cols vc_row via_grid cols_1-2 laptops-cols_inherit tablets-cols_inherit mobiles-cols_1 valign_top type_default stacking_default\"><div class=\"wpb_column vc_column_container\"><div class=\"vc_column-inner\"><div class=\"w-image us_custom_70cfe74d has_ratio align_none\"><div class=\"w-image-h\"><div style=\"padding-bottom:133.3333%\"><\/div><img loading=\"lazy\" decoding=\"async\" width=\"800\" height=\"800\" src=\"https:\/\/pinkfrogs.it\/wp-content\/uploads\/2024\/05\/IMMAGINI-SITO-1.jpg\" class=\"attachment-full size-full\" alt=\"\" srcset=\"https:\/\/pinkfrogs.it\/wp-content\/uploads\/2024\/05\/IMMAGINI-SITO-1.jpg 800w, https:\/\/pinkfrogs.it\/wp-content\/uploads\/2024\/05\/IMMAGINI-SITO-1-300x300.jpg 300w, https:\/\/pinkfrogs.it\/wp-content\/uploads\/2024\/05\/IMMAGINI-SITO-1-150x150.jpg 150w\" sizes=\"auto, (max-width: 800px) 100vw, 800px\" \/><\/div><\/div><\/div><\/div><div class=\"wpb_column vc_column_container\"><div class=\"vc_column-inner\"><h2 class=\"w-text us_custom_1f257949\"><span class=\"w-text-h\"><span class=\"w-text-value\">Pink Frogs Cosmetics Soci\u00e9t\u00e9 Benefit aujourd&rsquo;hui<\/span><\/span><\/h2><div class=\"wpb_text_column\"><div class=\"wpb_wrapper\"><p>En 2023, Pink Frogs S.r.l. est devenue une entreprise d&rsquo;int\u00e9r\u00eat social : l&rsquo;engagement de la soci\u00e9t\u00e9 \u00e0 poursuivre des objectifs d&rsquo;int\u00e9r\u00eat commun dans l&rsquo;exercice de son activit\u00e9 \u00e9conomique a \u00e9t\u00e9 officialis\u00e9 dans ses statuts. Une nouvelle \u00e9tape qui confirme et poursuit notre d\u00e9marche en faveur du d\u00e9veloppement durable.<\/p>\n<p>\u00c0 cette occasion, le logo adopte un nouveau graphisme : une seule couleur et des formes plus arrondies:<\/p>\n<p>&nbsp;<\/p>\n<p><img loading=\"lazy\" decoding=\"async\" class=\"alignnone wp-image-8726\" src=\"https:\/\/pinkfrogs.it\/wp-content\/uploads\/2024\/05\/00-Logo-2023-scontornato-300x87.png\" alt=\"\" width=\"224\" height=\"65\" srcset=\"https:\/\/pinkfrogs.it\/wp-content\/uploads\/2024\/05\/00-Logo-2023-scontornato-300x87.png 300w, https:\/\/pinkfrogs.it\/wp-content\/uploads\/2024\/05\/00-Logo-2023-scontornato-1024x296.png 1024w, https:\/\/pinkfrogs.it\/wp-content\/uploads\/2024\/05\/00-Logo-2023-scontornato-350x100.png 350w\" sizes=\"auto, (max-width: 224px) 100vw, 224px\" \/><\/p>\n<\/div><\/div><\/div><\/div><\/div><\/div><\/section><section class=\"l-section wpb_row height_medium\"><div class=\"l-section-h i-cf\"><div class=\"g-cols vc_row via_grid cols_1-2 laptops-cols_inherit tablets-cols_inherit mobiles-cols_1 valign_top type_default stacking_default\"><div class=\"wpb_column vc_column_container\"><div class=\"vc_column-inner\"><div class=\"w-image us_custom_70cfe74d has_ratio align_none\"><div class=\"w-image-h\"><div style=\"padding-bottom:133.3333%\"><\/div><img loading=\"lazy\" decoding=\"async\" width=\"800\" height=\"800\" src=\"https:\/\/pinkfrogs.it\/wp-content\/uploads\/2024\/05\/DEF-Rane-45-10.png\" class=\"attachment-full size-full\" alt=\"\" srcset=\"https:\/\/pinkfrogs.it\/wp-content\/uploads\/2024\/05\/DEF-Rane-45-10.png 800w, https:\/\/pinkfrogs.it\/wp-content\/uploads\/2024\/05\/DEF-Rane-45-10-300x300.png 300w, https:\/\/pinkfrogs.it\/wp-content\/uploads\/2024\/05\/DEF-Rane-45-10-150x150.png 150w\" sizes=\"auto, (max-width: 800px) 100vw, 800px\" \/><\/div><\/div><\/div><\/div><div class=\"wpb_column vc_column_container\"><div class=\"vc_column-inner\"><h2 class=\"w-text us_custom_1f257949\"><span class=\"w-text-h\"><span class=\"w-text-value\">45e anniversaire<\/span><\/span><\/h2><div class=\"wpb_text_column\"><div class=\"wpb_wrapper\"><p>Le 16 mai 2024, Pink Frogs Cosmetics f\u00eatera ses 45 ans d&rsquo;activit\u00e9. Gr\u00e2ce \u00e0 une croissance continue en termes de nombre de clients, de chiffre d&rsquo;affaires, de pi\u00e8ces produites et d&rsquo;effectifs, l&rsquo;entreprise se positionne comme l&rsquo;un des principaux fabricants de cosm\u00e9tiques sous contrat sur la sc\u00e8ne italienne.<\/p>\n<p>\u00c0 ce jour, nous d\u00e9veloppons plus de 480 formules par an dans nos laboratoires de recherche et d\u00e9veloppement cosm\u00e9tiques, plus de 30 millions de produits cosm\u00e9tiques et environ 14 millions de mini-flacons de parfum sont fabriqu\u00e9s dans nos unit\u00e9s de production.<\/p>\n<\/div><\/div><\/div><\/div><\/div><\/div><\/section><section class=\"l-section wpb_row height_medium\"><div class=\"l-section-h i-cf\"><div class=\"g-cols vc_row via_grid cols_1-2 laptops-cols_inherit tablets-cols_inherit mobiles-cols_1 valign_top type_default stacking_default\"><div class=\"wpb_column vc_column_container\"><div class=\"vc_column-inner\"><div class=\"w-image us_custom_70cfe74d has_ratio align_none\"><div class=\"w-image-h\"><div style=\"padding-bottom:133.3333%\"><\/div><img loading=\"lazy\" decoding=\"async\" width=\"400\" height=\"400\" src=\"https:\/\/pinkfrogs.it\/wp-content\/uploads\/2025\/07\/Dubai.jpg\" class=\"attachment-full size-full\" alt=\"\" srcset=\"https:\/\/pinkfrogs.it\/wp-content\/uploads\/2025\/07\/Dubai.jpg 400w, https:\/\/pinkfrogs.it\/wp-content\/uploads\/2025\/07\/Dubai-300x300.jpg 300w, https:\/\/pinkfrogs.it\/wp-content\/uploads\/2025\/07\/Dubai-150x150.jpg 150w\" sizes=\"auto, (max-width: 400px) 100vw, 400px\" \/><\/div><\/div><\/div><\/div><div class=\"wpb_column vc_column_container\"><div class=\"vc_column-inner\"><h2 class=\"w-text us_custom_1f257949\"><span class=\"w-text-h\"><span class=\"w-text-value\">Expansion sur les march\u00e9s du CCG<\/span><\/span><\/h2><div class=\"wpb_text_column\"><div class=\"wpb_wrapper\"><p>En 2024, Pink Frogs Cosmetics a franchi une \u00e9tape importante dans sa strat\u00e9gie de croissance internationale en lan\u00e7ant son expansion commerciale dans les pays du Golfe.<\/p>\n<p>Afin de mieux soutenir ses partenaires locaux, Pink Frogs Cosmetics a \u00e9galement \u00e9tabli une pr\u00e9sence directe dans la r\u00e9gion avec un repr\u00e9sentant commercial \u00e0 Duba\u00ef, plaque tournante strat\u00e9gique pour l&rsquo;ensemble du march\u00e9 du CCG.<\/p>\n<\/div><\/div><\/div><\/div><\/div><\/div><\/section><section class=\"l-section wpb_row height_small\"><div class=\"l-section-h i-cf\"><div class=\"g-cols vc_row via_grid cols_1 laptops-cols_inherit tablets-cols_inherit mobiles-cols_1 valign_top type_default stacking_default\"><div class=\"wpb_column vc_column_container\"><div class=\"vc_column-inner\"><\/div><\/div><\/div><\/div><\/section>\n","protected":false},"excerpt":{"rendered":"L&rsquo;histoireUne \u00e9volution continue entre recherche et beaut\u00e9Pink Frogs Cosmetics Srl est une soci\u00e9t\u00e9 sp\u00e9cialis\u00e9e dans la production de cosm\u00e9tiques pour des tiers, fond\u00e9e en 1979 pour consolider une entreprise familiale \u00e9tablie depuis 1939. Initialement ax\u00e9e sur les traitements capillaires, notre \u00e9volution constante nous a amen\u00e9s \u00e0 accro\u00eetre notre capacit\u00e9 de production et notre expertise, \u00e9tendant...","protected":false},"author":1,"featured_media":8650,"parent":0,"menu_order":0,"comment_status":"closed","ping_status":"closed","template":"","meta":{"footnotes":""},"class_list":["post-3295","page","type-page","status-publish","has-post-thumbnail","hentry"],"acf":[],"yoast_head":"<!-- This site is optimized with the Yoast SEO plugin v21.5 - https:\/\/yoast.com\/wordpress\/plugins\/seo\/ -->\n<title>L&#039;histoire - Pink Frogs Cosmetics<\/title>\n<meta name=\"robots\" content=\"index, follow, max-snippet:-1, max-image-preview:large, max-video-preview:-1\" \/>\n<link rel=\"canonical\" href=\"https:\/\/pinkfrogs.it\/fr\/lhistoire\/\" \/>\n<meta property=\"og:locale\" content=\"fr_FR\" \/>\n<meta property=\"og:type\" content=\"article\" \/>\n<meta property=\"og:title\" content=\"L&#039;histoire - Pink Frogs Cosmetics\" \/>\n<meta property=\"og:url\" content=\"https:\/\/pinkfrogs.it\/fr\/lhistoire\/\" \/>\n<meta property=\"og:site_name\" content=\"Pink Frogs Cosmetics\" \/>\n<meta property=\"article:modified_time\" content=\"2025-08-27T09:31:07+00:00\" \/>\n<meta property=\"og:image\" content=\"https:\/\/pinkfrogs.it\/wp-content\/uploads\/2024\/05\/DEF-Rane-45-10.png\" \/>\n\t<meta property=\"og:image:width\" content=\"800\" \/>\n\t<meta property=\"og:image:height\" content=\"800\" \/>\n\t<meta property=\"og:image:type\" content=\"image\/png\" \/>\n<meta name=\"twitter:card\" content=\"summary_large_image\" \/>\n<meta name=\"twitter:label1\" content=\"Dur\u00e9e de lecture estim\u00e9e\" \/>\n\t<meta name=\"twitter:data1\" content=\"5 minutes\" \/>\n<script type=\"application\/ld+json\" class=\"yoast-schema-graph\">{\"@context\":\"https:\/\/schema.org\",\"@graph\":[{\"@type\":\"WebPage\",\"@id\":\"https:\/\/pinkfrogs.it\/fr\/lhistoire\/\",\"url\":\"https:\/\/pinkfrogs.it\/fr\/lhistoire\/\",\"name\":\"L'histoire - Pink Frogs Cosmetics\",\"isPartOf\":{\"@id\":\"https:\/\/pinkfrogs.it\/fr\/#website\"},\"datePublished\":\"2023-08-08T09:34:13+00:00\",\"dateModified\":\"2025-08-27T09:31:07+00:00\",\"breadcrumb\":{\"@id\":\"https:\/\/pinkfrogs.it\/fr\/lhistoire\/#breadcrumb\"},\"inLanguage\":\"fr-FR\",\"potentialAction\":[{\"@type\":\"ReadAction\",\"target\":[\"https:\/\/pinkfrogs.it\/fr\/lhistoire\/\"]}]},{\"@type\":\"BreadcrumbList\",\"@id\":\"https:\/\/pinkfrogs.it\/fr\/lhistoire\/#breadcrumb\",\"itemListElement\":[{\"@type\":\"ListItem\",\"position\":1,\"name\":\"Home\",\"item\":\"https:\/\/pinkfrogs.it\/fr\/\"},{\"@type\":\"ListItem\",\"position\":2,\"name\":\"L&#8217;histoire\"}]},{\"@type\":\"WebSite\",\"@id\":\"https:\/\/pinkfrogs.it\/fr\/#website\",\"url\":\"https:\/\/pinkfrogs.it\/fr\/\",\"name\":\"Pink Frogs Cosmetics\",\"description\":\"\",\"potentialAction\":[{\"@type\":\"SearchAction\",\"target\":{\"@type\":\"EntryPoint\",\"urlTemplate\":\"https:\/\/pinkfrogs.it\/fr\/?s={search_term_string}\"},\"query-input\":\"required name=search_term_string\"}],\"inLanguage\":\"fr-FR\"}]}<\/script>\n<!-- \/ Yoast SEO plugin. -->","yoast_head_json":{"title":"L'histoire - Pink Frogs Cosmetics","robots":{"index":"index","follow":"follow","max-snippet":"max-snippet:-1","max-image-preview":"max-image-preview:large","max-video-preview":"max-video-preview:-1"},"canonical":"https:\/\/pinkfrogs.it\/fr\/lhistoire\/","og_locale":"fr_FR","og_type":"article","og_title":"L'histoire - Pink Frogs Cosmetics","og_url":"https:\/\/pinkfrogs.it\/fr\/lhistoire\/","og_site_name":"Pink Frogs Cosmetics","article_modified_time":"2025-08-27T09:31:07+00:00","og_image":[{"width":800,"height":800,"url":"https:\/\/pinkfrogs.it\/wp-content\/uploads\/2024\/05\/DEF-Rane-45-10.png","type":"image\/png"}],"twitter_card":"summary_large_image","twitter_misc":{"Dur\u00e9e de lecture estim\u00e9e":"5 minutes"},"schema":{"@context":"https:\/\/schema.org","@graph":[{"@type":"WebPage","@id":"https:\/\/pinkfrogs.it\/fr\/lhistoire\/","url":"https:\/\/pinkfrogs.it\/fr\/lhistoire\/","name":"L'histoire - Pink Frogs Cosmetics","isPartOf":{"@id":"https:\/\/pinkfrogs.it\/fr\/#website"},"datePublished":"2023-08-08T09:34:13+00:00","dateModified":"2025-08-27T09:31:07+00:00","breadcrumb":{"@id":"https:\/\/pinkfrogs.it\/fr\/lhistoire\/#breadcrumb"},"inLanguage":"fr-FR","potentialAction":[{"@type":"ReadAction","target":["https:\/\/pinkfrogs.it\/fr\/lhistoire\/"]}]},{"@type":"BreadcrumbList","@id":"https:\/\/pinkfrogs.it\/fr\/lhistoire\/#breadcrumb","itemListElement":[{"@type":"ListItem","position":1,"name":"Home","item":"https:\/\/pinkfrogs.it\/fr\/"},{"@type":"ListItem","position":2,"name":"L&#8217;histoire"}]},{"@type":"WebSite","@id":"https:\/\/pinkfrogs.it\/fr\/#website","url":"https:\/\/pinkfrogs.it\/fr\/","name":"Pink Frogs Cosmetics","description":"","potentialAction":[{"@type":"SearchAction","target":{"@type":"EntryPoint","urlTemplate":"https:\/\/pinkfrogs.it\/fr\/?s={search_term_string}"},"query-input":"required name=search_term_string"}],"inLanguage":"fr-FR"}]}},"_links":{"self":[{"href":"https:\/\/pinkfrogs.it\/fr\/wp-json\/wp\/v2\/pages\/3295","targetHints":{"allow":["GET"]}}],"collection":[{"href":"https:\/\/pinkfrogs.it\/fr\/wp-json\/wp\/v2\/pages"}],"about":[{"href":"https:\/\/pinkfrogs.it\/fr\/wp-json\/wp\/v2\/types\/page"}],"author":[{"embeddable":true,"href":"https:\/\/pinkfrogs.it\/fr\/wp-json\/wp\/v2\/users\/1"}],"replies":[{"embeddable":true,"href":"https:\/\/pinkfrogs.it\/fr\/wp-json\/wp\/v2\/comments?post=3295"}],"version-history":[{"count":6,"href":"https:\/\/pinkfrogs.it\/fr\/wp-json\/wp\/v2\/pages\/3295\/revisions"}],"predecessor-version":[{"id":20424,"href":"https:\/\/pinkfrogs.it\/fr\/wp-json\/wp\/v2\/pages\/3295\/revisions\/20424"}],"wp:featuredmedia":[{"embeddable":true,"href":"https:\/\/pinkfrogs.it\/fr\/wp-json\/wp\/v2\/media\/8650"}],"wp:attachment":[{"href":"https:\/\/pinkfrogs.it\/fr\/wp-json\/wp\/v2\/media?parent=3295"}],"curies":[{"name":"wp","href":"https:\/\/api.w.org\/{rel}","templated":true}]}}