{"id":3288,"date":"2022-02-04T22:39:43","date_gmt":"2022-02-04T22:39:43","guid":{"rendered":"https:\/\/pinkfrogs.kifadesign.it\/v02\/lequipe\/"},"modified":"2023-11-03T11:35:06","modified_gmt":"2023-11-03T11:35:06","slug":"lequipe","status":"publish","type":"page","link":"https:\/\/pinkfrogs.it\/fr\/lequipe\/","title":{"rendered":"L&rsquo;\u00e9quipe"},"content":{"rendered":"<section class=\"l-section wpb_row us_custom_9dc5eed9 height_large\"><div class=\"l-section-h i-cf\"><div class=\"g-cols vc_row via_grid cols_1 laptops-cols_inherit tablets-cols_inherit mobiles-cols_1 valign_top type_default stacking_default\"><div class=\"wpb_column vc_column_container\"><div class=\"vc_column-inner\"><h1 class=\"w-post-elm post_title align_center entry-title color_link_inherit\">L&rsquo;\u00e9quipe<\/h1><\/div><\/div><\/div><\/div><\/section><section class=\"l-section wpb_row us_custom_887a049b height_huge\"><div class=\"l-section-h i-cf\"><div class=\"g-cols vc_row via_grid cols_3 laptops-cols_inherit tablets-cols_2 mobiles-cols_1 valign_top type_default\" style=\"--gap:3vw;\"><div class=\"wpb_column vc_column_container\"><div class=\"vc_column-inner\"><div class=\"w-image us_custom_81dbcac1 align_none\"><div class=\"w-image-h\"><img loading=\"lazy\" decoding=\"async\" width=\"1024\" height=\"576\" src=\"https:\/\/pinkfrogs.it\/wp-content\/uploads\/2023\/11\/sfondo-bianco-1024x576.png\" class=\"g-placeholder\" alt=\"\" srcset=\"https:\/\/pinkfrogs.it\/wp-content\/uploads\/2023\/11\/sfondo-bianco-1024x576.png 1024w, https:\/\/pinkfrogs.it\/wp-content\/uploads\/2023\/11\/sfondo-bianco-300x169.png 300w, https:\/\/pinkfrogs.it\/wp-content\/uploads\/2023\/11\/sfondo-bianco.png 1920w\" sizes=\"auto, (max-width: 1024px) 100vw, 1024px\" \/><\/div><\/div><div class=\"w-separator size_small\"><\/div><h2 class=\"w-text us_custom_5adac3db\"><span class=\"w-text-h\"><span class=\"w-text-value\">Miriam Cox<\/span><\/span><\/h2><div class=\"w-text us_custom_619f34e3 has_text_color\"><span class=\"w-text-h\"><span class=\"w-text-value\">Soins de beaut\u00e9<\/span><\/span><\/div><div class=\"w-separator size_small\"><\/div><\/div><\/div><div class=\"wpb_column vc_column_container\"><div class=\"vc_column-inner\"><div class=\"w-image us_custom_81dbcac1 align_none\"><div class=\"w-image-h\"><img loading=\"lazy\" decoding=\"async\" width=\"1024\" height=\"576\" src=\"https:\/\/pinkfrogs.it\/wp-content\/uploads\/2023\/11\/sfondo-bianco-1024x576.png\" class=\"g-placeholder\" alt=\"\" srcset=\"https:\/\/pinkfrogs.it\/wp-content\/uploads\/2023\/11\/sfondo-bianco-1024x576.png 1024w, https:\/\/pinkfrogs.it\/wp-content\/uploads\/2023\/11\/sfondo-bianco-300x169.png 300w, https:\/\/pinkfrogs.it\/wp-content\/uploads\/2023\/11\/sfondo-bianco.png 1920w\" sizes=\"auto, (max-width: 1024px) 100vw, 1024px\" \/><\/div><\/div><div class=\"w-separator size_small\"><\/div><h4 class=\"w-text us_custom_eb849559\"><span class=\"w-text-h\"><span class=\"w-text-value\">Pam Frank<\/span><\/span><\/h4><h6 class=\"w-text us_custom_ef929af2 has_text_color\"><span class=\"w-text-h\"><span class=\"w-text-value\">Maquillage<\/span><\/span><\/h6><div class=\"w-separator size_small\"><\/div><\/div><\/div><div class=\"wpb_column vc_column_container\"><div class=\"vc_column-inner\"><div class=\"w-image us_custom_81dbcac1 align_none\"><div class=\"w-image-h\"><img loading=\"lazy\" decoding=\"async\" width=\"1024\" height=\"576\" src=\"https:\/\/pinkfrogs.it\/wp-content\/uploads\/2023\/11\/sfondo-bianco-1024x576.png\" class=\"g-placeholder\" alt=\"\" srcset=\"https:\/\/pinkfrogs.it\/wp-content\/uploads\/2023\/11\/sfondo-bianco-1024x576.png 1024w, https:\/\/pinkfrogs.it\/wp-content\/uploads\/2023\/11\/sfondo-bianco-300x169.png 300w, https:\/\/pinkfrogs.it\/wp-content\/uploads\/2023\/11\/sfondo-bianco.png 1920w\" sizes=\"auto, (max-width: 1024px) 100vw, 1024px\" \/><\/div><\/div><div class=\"w-separator size_small\"><\/div><h4 class=\"w-text us_custom_eb849559\"><span class=\"w-text-h\"><span class=\"w-text-value\">Raquel Pierce<\/span><\/span><\/h4><h6 class=\"w-text us_custom_ef929af2 has_text_color\"><span class=\"w-text-h\"><span class=\"w-text-value\">Soins de beaut\u00e9<\/span><\/span><\/h6><div class=\"w-separator size_small\"><\/div><\/div><\/div><div class=\"wpb_column vc_column_container\"><div class=\"vc_column-inner\"><div class=\"w-image us_custom_81dbcac1 align_none\"><div class=\"w-image-h\"><img loading=\"lazy\" decoding=\"async\" width=\"1024\" height=\"576\" src=\"https:\/\/pinkfrogs.it\/wp-content\/uploads\/2023\/11\/sfondo-bianco-1024x576.png\" class=\"g-placeholder\" alt=\"\" srcset=\"https:\/\/pinkfrogs.it\/wp-content\/uploads\/2023\/11\/sfondo-bianco-1024x576.png 1024w, https:\/\/pinkfrogs.it\/wp-content\/uploads\/2023\/11\/sfondo-bianco-300x169.png 300w, https:\/\/pinkfrogs.it\/wp-content\/uploads\/2023\/11\/sfondo-bianco.png 1920w\" sizes=\"auto, (max-width: 1024px) 100vw, 1024px\" \/><\/div><\/div><div class=\"w-separator size_small\"><\/div><h4 class=\"w-text us_custom_eb849559\"><span class=\"w-text-h\"><span class=\"w-text-value\">Brooke Bush<\/span><\/span><\/h4><h6 class=\"w-text us_custom_ef929af2 has_text_color\"><span class=\"w-text-h\"><span class=\"w-text-value\">Soins de la peau<\/span><\/span><\/h6><div class=\"w-separator size_small\"><\/div><\/div><\/div><div class=\"wpb_column vc_column_container\"><div class=\"vc_column-inner\"><div class=\"w-image us_custom_81dbcac1 align_none\"><div class=\"w-image-h\"><img loading=\"lazy\" decoding=\"async\" width=\"1024\" height=\"576\" src=\"https:\/\/pinkfrogs.it\/wp-content\/uploads\/2023\/11\/sfondo-bianco-1024x576.png\" class=\"g-placeholder\" alt=\"\" srcset=\"https:\/\/pinkfrogs.it\/wp-content\/uploads\/2023\/11\/sfondo-bianco-1024x576.png 1024w, https:\/\/pinkfrogs.it\/wp-content\/uploads\/2023\/11\/sfondo-bianco-300x169.png 300w, https:\/\/pinkfrogs.it\/wp-content\/uploads\/2023\/11\/sfondo-bianco.png 1920w\" sizes=\"auto, (max-width: 1024px) 100vw, 1024px\" \/><\/div><\/div><div class=\"w-separator size_small\"><\/div><h4 class=\"w-text us_custom_eb849559\"><span class=\"w-text-h\"><span class=\"w-text-value\">Edith Lamb<\/span><\/span><\/h4><h6 class=\"w-text us_custom_ef929af2 has_text_color\"><span class=\"w-text-h\"><span class=\"w-text-value\">Extensions de cils<\/span><\/span><\/h6><div class=\"w-separator size_small\"><\/div><\/div><\/div><div class=\"wpb_column vc_column_container\"><div class=\"vc_column-inner\"><div class=\"w-image us_custom_81dbcac1 align_none\"><div class=\"w-image-h\"><img loading=\"lazy\" decoding=\"async\" width=\"1024\" height=\"576\" src=\"https:\/\/pinkfrogs.it\/wp-content\/uploads\/2023\/11\/sfondo-bianco-1024x576.png\" class=\"g-placeholder\" alt=\"\" srcset=\"https:\/\/pinkfrogs.it\/wp-content\/uploads\/2023\/11\/sfondo-bianco-1024x576.png 1024w, https:\/\/pinkfrogs.it\/wp-content\/uploads\/2023\/11\/sfondo-bianco-300x169.png 300w, https:\/\/pinkfrogs.it\/wp-content\/uploads\/2023\/11\/sfondo-bianco.png 1920w\" sizes=\"auto, (max-width: 1024px) 100vw, 1024px\" \/><\/div><\/div><div class=\"w-separator size_small\"><\/div><h4 class=\"w-text us_custom_eb849559\"><span class=\"w-text-h\"><span class=\"w-text-value\">Jenny Allen<\/span><\/span><\/h4><h6 class=\"w-text us_custom_ef929af2 has_text_color\"><span class=\"w-text-h\"><span class=\"w-text-value\">Maquillage<\/span><\/span><\/h6><div class=\"w-separator size_small\"><\/div><\/div><\/div><div class=\"wpb_column vc_column_container\"><div class=\"vc_column-inner\"><div class=\"w-image us_custom_81dbcac1 align_none\"><div class=\"w-image-h\"><img loading=\"lazy\" decoding=\"async\" width=\"1024\" height=\"576\" src=\"https:\/\/pinkfrogs.it\/wp-content\/uploads\/2023\/11\/sfondo-bianco-1024x576.png\" class=\"g-placeholder\" alt=\"\" srcset=\"https:\/\/pinkfrogs.it\/wp-content\/uploads\/2023\/11\/sfondo-bianco-1024x576.png 1024w, https:\/\/pinkfrogs.it\/wp-content\/uploads\/2023\/11\/sfondo-bianco-300x169.png 300w, https:\/\/pinkfrogs.it\/wp-content\/uploads\/2023\/11\/sfondo-bianco.png 1920w\" sizes=\"auto, (max-width: 1024px) 100vw, 1024px\" \/><\/div><\/div><div class=\"w-separator size_small\"><\/div><h4 class=\"w-text us_custom_eb849559\"><span class=\"w-text-h\"><span class=\"w-text-value\">Doreen Ross<\/span><\/span><\/h4><h6 class=\"w-text us_custom_ef929af2 has_text_color\"><span class=\"w-text-h\"><span class=\"w-text-value\">R\u00e9cup\u00e9ration du corps<\/span><\/span><\/h6><div class=\"w-separator size_small\"><\/div><\/div><\/div><div class=\"wpb_column vc_column_container\"><div class=\"vc_column-inner\"><div class=\"w-image us_custom_81dbcac1 align_none\"><div class=\"w-image-h\"><img loading=\"lazy\" decoding=\"async\" width=\"1024\" height=\"576\" src=\"https:\/\/pinkfrogs.it\/wp-content\/uploads\/2023\/11\/sfondo-bianco-1024x576.png\" class=\"g-placeholder\" alt=\"\" srcset=\"https:\/\/pinkfrogs.it\/wp-content\/uploads\/2023\/11\/sfondo-bianco-1024x576.png 1024w, https:\/\/pinkfrogs.it\/wp-content\/uploads\/2023\/11\/sfondo-bianco-300x169.png 300w, https:\/\/pinkfrogs.it\/wp-content\/uploads\/2023\/11\/sfondo-bianco.png 1920w\" sizes=\"auto, (max-width: 1024px) 100vw, 1024px\" \/><\/div><\/div><div class=\"w-separator size_small\"><\/div><h4 class=\"w-text us_custom_eb849559\"><span class=\"w-text-h\"><span class=\"w-text-value\">Cora Lloyd<\/span><\/span><\/h4><h6 class=\"w-text us_custom_ef929af2 has_text_color\"><span class=\"w-text-h\"><span class=\"w-text-value\">Maquillage<\/span><\/span><\/h6><div class=\"w-separator size_small\"><\/div><\/div><\/div><div class=\"wpb_column vc_column_container\"><div class=\"vc_column-inner\"><div class=\"w-image us_custom_81dbcac1 align_none\"><div class=\"w-image-h\"><img loading=\"lazy\" decoding=\"async\" width=\"1024\" height=\"576\" src=\"https:\/\/pinkfrogs.it\/wp-content\/uploads\/2023\/11\/sfondo-bianco-1024x576.png\" class=\"g-placeholder\" alt=\"\" srcset=\"https:\/\/pinkfrogs.it\/wp-content\/uploads\/2023\/11\/sfondo-bianco-1024x576.png 1024w, https:\/\/pinkfrogs.it\/wp-content\/uploads\/2023\/11\/sfondo-bianco-300x169.png 300w, https:\/\/pinkfrogs.it\/wp-content\/uploads\/2023\/11\/sfondo-bianco.png 1920w\" sizes=\"auto, (max-width: 1024px) 100vw, 1024px\" \/><\/div><\/div><div class=\"w-separator size_small\"><\/div><h4 class=\"w-text us_custom_eb849559\"><span class=\"w-text-h\"><span class=\"w-text-value\">Emma Day<\/span><\/span><\/h4><h6 class=\"w-text us_custom_ef929af2 has_text_color\"><span class=\"w-text-h\"><span class=\"w-text-value\">Soins de beaut\u00e9<\/span><\/span><\/h6><div class=\"w-separator size_small\"><\/div><\/div><\/div><\/div><\/div><\/section>\n","protected":false},"excerpt":{"rendered":"L&rsquo;\u00e9quipeMiriam CoxSoins de beaut\u00e9Pam FrankMaquillageRaquel PierceSoins de beaut\u00e9Brooke BushSoins de la peauEdith LambExtensions de cilsJenny AllenMaquillageDoreen RossR\u00e9cup\u00e9ration du corpsCora LloydMaquillageEmma DaySoins de beaut\u00e9","protected":false},"author":1,"featured_media":0,"parent":0,"menu_order":0,"comment_status":"closed","ping_status":"closed","template":"","meta":{"footnotes":""},"class_list":["post-3288","page","type-page","status-publish","hentry"],"acf":[],"yoast_head":"<!-- This site is optimized with the Yoast SEO plugin v21.5 - https:\/\/yoast.com\/wordpress\/plugins\/seo\/ -->\n<title>L&#039;\u00e9quipe - Pink Frogs Cosmetics<\/title>\n<meta name=\"robots\" content=\"index, follow, max-snippet:-1, max-image-preview:large, max-video-preview:-1\" \/>\n<link rel=\"canonical\" href=\"https:\/\/pinkfrogs.it\/fr\/lequipe\/\" \/>\n<meta property=\"og:locale\" content=\"fr_FR\" \/>\n<meta property=\"og:type\" content=\"article\" \/>\n<meta property=\"og:title\" content=\"L&#039;\u00e9quipe - Pink Frogs Cosmetics\" \/>\n<meta property=\"og:url\" content=\"https:\/\/pinkfrogs.it\/fr\/lequipe\/\" \/>\n<meta property=\"og:site_name\" content=\"Pink Frogs Cosmetics\" \/>\n<meta property=\"article:modified_time\" content=\"2023-11-03T11:35:06+00:00\" \/>\n<meta name=\"twitter:card\" content=\"summary_large_image\" \/>\n<meta name=\"twitter:label1\" content=\"Dur\u00e9e de lecture estim\u00e9e\" \/>\n\t<meta name=\"twitter:data1\" content=\"3 minutes\" \/>\n<script type=\"application\/ld+json\" class=\"yoast-schema-graph\">{\"@context\":\"https:\/\/schema.org\",\"@graph\":[{\"@type\":\"WebPage\",\"@id\":\"https:\/\/pinkfrogs.it\/fr\/lequipe\/\",\"url\":\"https:\/\/pinkfrogs.it\/fr\/lequipe\/\",\"name\":\"L'\u00e9quipe - Pink Frogs Cosmetics\",\"isPartOf\":{\"@id\":\"https:\/\/pinkfrogs.it\/fr\/#website\"},\"datePublished\":\"2022-02-04T22:39:43+00:00\",\"dateModified\":\"2023-11-03T11:35:06+00:00\",\"breadcrumb\":{\"@id\":\"https:\/\/pinkfrogs.it\/fr\/lequipe\/#breadcrumb\"},\"inLanguage\":\"fr-FR\",\"potentialAction\":[{\"@type\":\"ReadAction\",\"target\":[\"https:\/\/pinkfrogs.it\/fr\/lequipe\/\"]}]},{\"@type\":\"BreadcrumbList\",\"@id\":\"https:\/\/pinkfrogs.it\/fr\/lequipe\/#breadcrumb\",\"itemListElement\":[{\"@type\":\"ListItem\",\"position\":1,\"name\":\"Home\",\"item\":\"https:\/\/pinkfrogs.it\/fr\/\"},{\"@type\":\"ListItem\",\"position\":2,\"name\":\"L&#8217;\u00e9quipe\"}]},{\"@type\":\"WebSite\",\"@id\":\"https:\/\/pinkfrogs.it\/fr\/#website\",\"url\":\"https:\/\/pinkfrogs.it\/fr\/\",\"name\":\"Pink Frogs Cosmetics\",\"description\":\"\",\"potentialAction\":[{\"@type\":\"SearchAction\",\"target\":{\"@type\":\"EntryPoint\",\"urlTemplate\":\"https:\/\/pinkfrogs.it\/fr\/?s={search_term_string}\"},\"query-input\":\"required name=search_term_string\"}],\"inLanguage\":\"fr-FR\"}]}<\/script>\n<!-- \/ Yoast SEO plugin. -->","yoast_head_json":{"title":"L'\u00e9quipe - Pink Frogs Cosmetics","robots":{"index":"index","follow":"follow","max-snippet":"max-snippet:-1","max-image-preview":"max-image-preview:large","max-video-preview":"max-video-preview:-1"},"canonical":"https:\/\/pinkfrogs.it\/fr\/lequipe\/","og_locale":"fr_FR","og_type":"article","og_title":"L'\u00e9quipe - Pink Frogs Cosmetics","og_url":"https:\/\/pinkfrogs.it\/fr\/lequipe\/","og_site_name":"Pink Frogs Cosmetics","article_modified_time":"2023-11-03T11:35:06+00:00","twitter_card":"summary_large_image","twitter_misc":{"Dur\u00e9e de lecture estim\u00e9e":"3 minutes"},"schema":{"@context":"https:\/\/schema.org","@graph":[{"@type":"WebPage","@id":"https:\/\/pinkfrogs.it\/fr\/lequipe\/","url":"https:\/\/pinkfrogs.it\/fr\/lequipe\/","name":"L'\u00e9quipe - Pink Frogs Cosmetics","isPartOf":{"@id":"https:\/\/pinkfrogs.it\/fr\/#website"},"datePublished":"2022-02-04T22:39:43+00:00","dateModified":"2023-11-03T11:35:06+00:00","breadcrumb":{"@id":"https:\/\/pinkfrogs.it\/fr\/lequipe\/#breadcrumb"},"inLanguage":"fr-FR","potentialAction":[{"@type":"ReadAction","target":["https:\/\/pinkfrogs.it\/fr\/lequipe\/"]}]},{"@type":"BreadcrumbList","@id":"https:\/\/pinkfrogs.it\/fr\/lequipe\/#breadcrumb","itemListElement":[{"@type":"ListItem","position":1,"name":"Home","item":"https:\/\/pinkfrogs.it\/fr\/"},{"@type":"ListItem","position":2,"name":"L&#8217;\u00e9quipe"}]},{"@type":"WebSite","@id":"https:\/\/pinkfrogs.it\/fr\/#website","url":"https:\/\/pinkfrogs.it\/fr\/","name":"Pink Frogs Cosmetics","description":"","potentialAction":[{"@type":"SearchAction","target":{"@type":"EntryPoint","urlTemplate":"https:\/\/pinkfrogs.it\/fr\/?s={search_term_string}"},"query-input":"required name=search_term_string"}],"inLanguage":"fr-FR"}]}},"_links":{"self":[{"href":"https:\/\/pinkfrogs.it\/fr\/wp-json\/wp\/v2\/pages\/3288","targetHints":{"allow":["GET"]}}],"collection":[{"href":"https:\/\/pinkfrogs.it\/fr\/wp-json\/wp\/v2\/pages"}],"about":[{"href":"https:\/\/pinkfrogs.it\/fr\/wp-json\/wp\/v2\/types\/page"}],"author":[{"embeddable":true,"href":"https:\/\/pinkfrogs.it\/fr\/wp-json\/wp\/v2\/users\/1"}],"replies":[{"embeddable":true,"href":"https:\/\/pinkfrogs.it\/fr\/wp-json\/wp\/v2\/comments?post=3288"}],"version-history":[{"count":2,"href":"https:\/\/pinkfrogs.it\/fr\/wp-json\/wp\/v2\/pages\/3288\/revisions"}],"predecessor-version":[{"id":3291,"href":"https:\/\/pinkfrogs.it\/fr\/wp-json\/wp\/v2\/pages\/3288\/revisions\/3291"}],"wp:attachment":[{"href":"https:\/\/pinkfrogs.it\/fr\/wp-json\/wp\/v2\/media?parent=3288"}],"curies":[{"name":"wp","href":"https:\/\/api.w.org\/{rel}","templated":true}]}}