{"id":3367,"date":"2023-08-08T09:55:00","date_gmt":"2023-08-08T09:55:00","guid":{"rendered":"https:\/\/pinkfrogs.kifadesign.it\/v02\/produccion\/"},"modified":"2023-11-07T13:43:05","modified_gmt":"2023-11-07T13:43:05","slug":"produccion","status":"publish","type":"page","link":"https:\/\/pinkfrogs.it\/es\/produccion\/","title":{"rendered":"Producci\u00f3n"},"content":{"rendered":"<section class=\"l-section wpb_row height_large color_primary with_img parallax_ver\"><div class=\"l-section-img\" role=\"img\" data-img-width=\"2400\" data-img-height=\"800\" style=\"background-image: url(https:\/\/pinkfrogs.it\/wp-content\/uploads\/2023\/10\/PRODUZIONE.jpg);background-repeat: no-repeat;\"><\/div><div class=\"l-section-overlay\" style=\"background:linear-gradient(0deg,rgba(235,124,162,0.45),rgba(56,56,56,0.3))\"><\/div><div class=\"l-section-h i-cf\"><div class=\"g-cols vc_row via_grid cols_1 laptops-cols_inherit tablets-cols_inherit mobiles-cols_1 valign_middle type_default stacking_default\"><div class=\"wpb_column vc_column_container\"><div class=\"vc_column-inner\"><h1 class=\"w-text us_custom_9168b939\"><span class=\"w-text-h\"><span class=\"w-text-value\">Producci\u00f3n<\/span><\/span><\/h1><div class=\"w-separator size_small\"><\/div><\/div><\/div><\/div><\/div><\/section><section class=\"l-section wpb_row us_custom_f5ed9809 height_medium\"><div class=\"l-section-h i-cf\"><div class=\"g-cols vc_row via_grid cols_1 laptops-cols_inherit tablets-cols_inherit mobiles-cols_1 valign_top type_default stacking_default\"><div class=\"wpb_column vc_column_container\"><div class=\"vc_column-inner\"><div class=\"wpb_text_column us_custom_1f257949\"><div class=\"wpb_wrapper\"><p class=\"cvGsUA direction-ltr align-start para-style-body\">Estamos orgullosos de manejar una amplia gama de productos y formatos con diferentes caracter\u00edsticas de producci\u00f3n<span class=\"OYPEnA text-decoration-none text-strikethrough-none\">. <\/span><br \/>\nDisponemos de una amplia \u00e1rea tecnol\u00f3gica para la producci\u00f3n por encargo de emulsiones, tensiolitos, lociones, geles, pomadas, hot melts (sticks, ceras,&#8230;), perfumes, minitallas. Garantizamos <strong>versatilidad y fiabilidad<\/strong> en un \u00fanico proceso gracias a ocho <strong>turboemulsionadores<\/strong> de 5 a 3000 litros, con una capacidad de <strong>producci\u00f3n diaria de m\u00e1s de 13000 kg<\/strong>, un mezclador de alcohol y dos fusores en caliente.<\/p>\n<\/div><\/div><div class=\"w-separator size_large\"><\/div><h2 class=\"w-text us_custom_1f257949\"><span class=\"w-text-h\"><span class=\"w-text-value\">Vea a continuaci\u00f3n las categor\u00edas de productos contractuales<\/span><\/span><\/h2><div class=\"w-separator size_custom\" style=\"height:40px\" id=\"x449\"><style>@media(max-width:600px){ #x449{height:30px!important}}<\/style><\/div><div class=\"w-grid type_grid layout_829 cols_3\" id=\"us_grid_1\" style=\"--gap:2vw;\" data-filterable=\"true\"><style>@media (max-width:1024px){#us_grid_1 .w-grid-item{width:50%}}@media (max-width:600px){#us_grid_1 .w-grid-list{margin:0}#us_grid_1 .w-grid-item{width:100%;padding:0;margin-bottom:var(--gap,0px)}}.layout_829 .w-grid-item-h{}.layout_829 .usg_post_image_1{border-radius:40px!important}.layout_829 .usg_post_title_1{text-align:center!important;font-weight:400!important;padding-top:1%!important;padding-bottom:4%!important}@media (min-width:601px) and (max-width:1024px){.layout_829 .usg_vwrapper_1{padding-left:10px!important;padding-right:10px!important}}@media (max-width:600px){.layout_829 .usg_vwrapper_1{padding-left:12px!important;padding-right:12px!important}}<\/style><div class=\"w-grid-list\">\t<article class=\"w-grid-item size_1x1 post-4680 produzione-cosmetici type-produzione-cosmetici status-publish has-post-thumbnail hentry\" data-id=\"4680\">\r\n\t\t<div class=\"w-grid-item-h\">\r\n\t\t\t\t\t\t\t<a href=\"https:\/\/pinkfrogs.it\/es\/produzione-cosmetici\/produccion-dermocosmeticos\/\" class=\"w-grid-item-anchor\" aria-label=\"Dermocosm\u00e9tica\"><\/a>\r\n\t\t\t\t\t\t<div class=\"w-vwrapper usg_vwrapper_1 align_none valign_top\"><div class=\"w-post-elm post_image usg_post_image_1 has_ratio\"><div style=\"padding-bottom:158.3333%\"><\/div><a href=\"https:\/\/pinkfrogs.it\/es\/produzione-cosmetici\/produccion-dermocosmeticos\/\" aria-label=\"Dermocosm\u00e9tica\"><img loading=\"lazy\" decoding=\"async\" width=\"300\" height=\"500\" src=\"https:\/\/pinkfrogs.it\/wp-content\/uploads\/2023\/09\/dermocosmesi.jpeg\" class=\"attachment-large size-large wp-post-image\" alt=\"\" srcset=\"https:\/\/pinkfrogs.it\/wp-content\/uploads\/2023\/09\/dermocosmesi.jpeg 300w, https:\/\/pinkfrogs.it\/wp-content\/uploads\/2023\/09\/dermocosmesi-180x300.jpeg 180w\" sizes=\"auto, (max-width: 300px) 100vw, 300px\" \/><\/a><\/div><h3 class=\"w-post-elm post_title usg_post_title_1 entry-title color_link_inherit\"><a href=\"https:\/\/pinkfrogs.it\/es\/produzione-cosmetici\/produccion-dermocosmeticos\/\">Dermocosm\u00e9tica<\/a><\/h3><\/div>\t\t<\/div>\r\n\t<\/article>\r\n\t<article class=\"w-grid-item size_1x1 post-4679 produzione-cosmetici type-produzione-cosmetici status-publish has-post-thumbnail hentry\" data-id=\"4679\">\r\n\t\t<div class=\"w-grid-item-h\">\r\n\t\t\t\t\t\t\t<a href=\"https:\/\/pinkfrogs.it\/es\/produzione-cosmetici\/perfumes\/\" class=\"w-grid-item-anchor\" aria-label=\"Perfumes\"><\/a>\r\n\t\t\t\t\t\t<div class=\"w-vwrapper usg_vwrapper_1 align_none valign_top\"><div class=\"w-post-elm post_image usg_post_image_1 has_ratio\"><div style=\"padding-bottom:158.3333%\"><\/div><a href=\"https:\/\/pinkfrogs.it\/es\/produzione-cosmetici\/perfumes\/\" aria-label=\"Perfumes\"><img loading=\"lazy\" decoding=\"async\" width=\"300\" height=\"500\" src=\"https:\/\/pinkfrogs.it\/wp-content\/uploads\/2023\/08\/HOME-Profumi.jpeg\" class=\"attachment-large size-large wp-post-image\" alt=\"\" srcset=\"https:\/\/pinkfrogs.it\/wp-content\/uploads\/2023\/08\/HOME-Profumi.jpeg 300w, https:\/\/pinkfrogs.it\/wp-content\/uploads\/2023\/08\/HOME-Profumi-180x300.jpeg 180w\" sizes=\"auto, (max-width: 300px) 100vw, 300px\" \/><\/a><\/div><h3 class=\"w-post-elm post_title usg_post_title_1 entry-title color_link_inherit\"><a href=\"https:\/\/pinkfrogs.it\/es\/produzione-cosmetici\/perfumes\/\">Perfumes<\/a><\/h3><\/div>\t\t<\/div>\r\n\t<\/article>\r\n\t<article class=\"w-grid-item size_1x1 post-4658 produzione-cosmetici type-produzione-cosmetici status-publish has-post-thumbnail hentry\" data-id=\"4658\">\r\n\t\t<div class=\"w-grid-item-h\">\r\n\t\t\t\t\t\t\t<a href=\"https:\/\/pinkfrogs.it\/es\/produzione-cosmetici\/barras-y-coladas\/\" class=\"w-grid-item-anchor\" aria-label=\"Barras y coladas\"><\/a>\r\n\t\t\t\t\t\t<div class=\"w-vwrapper usg_vwrapper_1 align_none valign_top\"><div class=\"w-post-elm post_image usg_post_image_1 has_ratio\"><div style=\"padding-bottom:158.3333%\"><\/div><a href=\"https:\/\/pinkfrogs.it\/es\/produzione-cosmetici\/barras-y-coladas\/\" aria-label=\"Barras y coladas\"><img loading=\"lazy\" decoding=\"async\" width=\"300\" height=\"500\" src=\"https:\/\/pinkfrogs.it\/wp-content\/uploads\/2023\/07\/Home-STICK.jpeg\" class=\"attachment-large size-large wp-post-image\" alt=\"\" srcset=\"https:\/\/pinkfrogs.it\/wp-content\/uploads\/2023\/07\/Home-STICK.jpeg 300w, https:\/\/pinkfrogs.it\/wp-content\/uploads\/2023\/07\/Home-STICK-180x300.jpeg 180w\" sizes=\"auto, (max-width: 300px) 100vw, 300px\" \/><\/a><\/div><h3 class=\"w-post-elm post_title usg_post_title_1 entry-title color_link_inherit\"><a href=\"https:\/\/pinkfrogs.it\/es\/produzione-cosmetici\/barras-y-coladas\/\">Barras y coladas<\/a><\/h3><\/div>\t\t<\/div>\r\n\t<\/article>\r\n\t<article class=\"w-grid-item size_1x1 post-4625 produzione-cosmetici type-produzione-cosmetici status-publish has-post-thumbnail hentry\" data-id=\"4625\">\r\n\t\t<div class=\"w-grid-item-h\">\r\n\t\t\t\t\t\t\t<a href=\"https:\/\/pinkfrogs.it\/es\/produzione-cosmetici\/solari\/\" class=\"w-grid-item-anchor\" aria-label=\"Solares\"><\/a>\r\n\t\t\t\t\t\t<div class=\"w-vwrapper usg_vwrapper_1 align_none valign_top\"><div class=\"w-post-elm post_image usg_post_image_1 has_ratio\"><div style=\"padding-bottom:158.3333%\"><\/div><a href=\"https:\/\/pinkfrogs.it\/es\/produzione-cosmetici\/solari\/\" aria-label=\"Solares\"><img loading=\"lazy\" decoding=\"async\" width=\"300\" height=\"500\" src=\"https:\/\/pinkfrogs.it\/wp-content\/uploads\/2023\/07\/Solari.jpeg\" class=\"attachment-large size-large wp-post-image\" alt=\"\" srcset=\"https:\/\/pinkfrogs.it\/wp-content\/uploads\/2023\/07\/Solari.jpeg 300w, https:\/\/pinkfrogs.it\/wp-content\/uploads\/2023\/07\/Solari-180x300.jpeg 180w\" sizes=\"auto, (max-width: 300px) 100vw, 300px\" \/><\/a><\/div><h3 class=\"w-post-elm post_title usg_post_title_1 entry-title color_link_inherit\"><a href=\"https:\/\/pinkfrogs.it\/es\/produzione-cosmetici\/solari\/\">Solares<\/a><\/h3><\/div>\t\t<\/div>\r\n\t<\/article>\r\n\t<article class=\"w-grid-item size_1x1 post-4620 produzione-cosmetici type-produzione-cosmetici status-publish has-post-thumbnail hentry\" data-id=\"4620\">\r\n\t\t<div class=\"w-grid-item-h\">\r\n\t\t\t\t\t\t\t<a href=\"https:\/\/pinkfrogs.it\/es\/produzione-cosmetici\/produccion-a-terceros-productos-capilares\/\" class=\"w-grid-item-anchor\" aria-label=\"Cabello\"><\/a>\r\n\t\t\t\t\t\t<div class=\"w-vwrapper usg_vwrapper_1 align_none valign_top\"><div class=\"w-post-elm post_image usg_post_image_1 has_ratio\"><div style=\"padding-bottom:158.3333%\"><\/div><a href=\"https:\/\/pinkfrogs.it\/es\/produzione-cosmetici\/produccion-a-terceros-productos-capilares\/\" aria-label=\"Cabello\"><img loading=\"lazy\" decoding=\"async\" width=\"300\" height=\"500\" src=\"https:\/\/pinkfrogs.it\/wp-content\/uploads\/2023\/07\/capelli.jpeg\" class=\"attachment-large size-large wp-post-image\" alt=\"\" srcset=\"https:\/\/pinkfrogs.it\/wp-content\/uploads\/2023\/07\/capelli.jpeg 300w, https:\/\/pinkfrogs.it\/wp-content\/uploads\/2023\/07\/capelli-180x300.jpeg 180w\" sizes=\"auto, (max-width: 300px) 100vw, 300px\" \/><\/a><\/div><h3 class=\"w-post-elm post_title usg_post_title_1 entry-title color_link_inherit\"><a href=\"https:\/\/pinkfrogs.it\/es\/produzione-cosmetici\/produccion-a-terceros-productos-capilares\/\">Cabello<\/a><\/h3><\/div>\t\t<\/div>\r\n\t<\/article>\r\n\t<article class=\"w-grid-item size_1x1 post-4622 produzione-cosmetici type-produzione-cosmetici status-publish has-post-thumbnail hentry\" data-id=\"4622\">\r\n\t\t<div class=\"w-grid-item-h\">\r\n\t\t\t\t\t\t\t<a href=\"https:\/\/pinkfrogs.it\/es\/produzione-cosmetici\/fabricacion-a-terceros-productos-cuidado-de-la-piel\/\" class=\"w-grid-item-anchor\" aria-label=\"Cuidado de la piel\"><\/a>\r\n\t\t\t\t\t\t<div class=\"w-vwrapper usg_vwrapper_1 align_none valign_top\"><div class=\"w-post-elm post_image usg_post_image_1 has_ratio\"><div style=\"padding-bottom:158.3333%\"><\/div><a href=\"https:\/\/pinkfrogs.it\/es\/produzione-cosmetici\/fabricacion-a-terceros-productos-cuidado-de-la-piel\/\" aria-label=\"Cuidado de la piel\"><img loading=\"lazy\" decoding=\"async\" width=\"300\" height=\"500\" src=\"https:\/\/pinkfrogs.it\/wp-content\/uploads\/2023\/07\/Skincare.jpeg\" class=\"attachment-large size-large wp-post-image\" alt=\"\" srcset=\"https:\/\/pinkfrogs.it\/wp-content\/uploads\/2023\/07\/Skincare.jpeg 300w, https:\/\/pinkfrogs.it\/wp-content\/uploads\/2023\/07\/Skincare-180x300.jpeg 180w\" sizes=\"auto, (max-width: 300px) 100vw, 300px\" \/><\/a><\/div><h3 class=\"w-post-elm post_title usg_post_title_1 entry-title color_link_inherit\"><a href=\"https:\/\/pinkfrogs.it\/es\/produzione-cosmetici\/fabricacion-a-terceros-productos-cuidado-de-la-piel\/\">Cuidado de la piel<\/a><\/h3><\/div>\t\t<\/div>\r\n\t<\/article>\r\n<\/div><div class=\"w-grid-preloader\">\t<div class=\"g-preloader type_1\">\r\n\t\t<div><\/div>\r\n\t<\/div>\r\n\t<\/div>\t<div class=\"w-grid-json hidden\" onclick='return {&quot;action&quot;:&quot;us_ajax_grid&quot;,&quot;ajax_url&quot;:&quot;https:\\\/\\\/pinkfrogs.it\\\/wp-admin\\\/admin-ajax.php&quot;,&quot;infinite_scroll&quot;:0,&quot;max_num_pages&quot;:1,&quot;pagination&quot;:&quot;none&quot;,&quot;template_vars&quot;:{&quot;columns&quot;:&quot;3&quot;,&quot;exclude_items&quot;:&quot;none&quot;,&quot;img_size&quot;:&quot;default&quot;,&quot;ignore_items_size&quot;:0,&quot;items_layout&quot;:&quot;829&quot;,&quot;items_offset&quot;:&quot;1&quot;,&quot;load_animation&quot;:&quot;none&quot;,&quot;overriding_link&quot;:&quot;%7B%22type%22%3A%22post%22%7D&quot;,&quot;post_id&quot;:0,&quot;query_args&quot;:{&quot;post_type&quot;:[&quot;produzione-cosmetici&quot;],&quot;post_status&quot;:[&quot;publish&quot;,&quot;acf-disabled&quot;],&quot;posts_per_page&quot;:&quot;50&quot;},&quot;orderby_query_args&quot;:{&quot;orderby&quot;:{&quot;date&quot;:&quot;DESC&quot;}},&quot;type&quot;:&quot;grid&quot;,&quot;us_grid_ajax_index&quot;:1,&quot;us_grid_filter_params&quot;:[],&quot;us_grid_index&quot;:1,&quot;_us_grid_post_type&quot;:&quot;produzione-cosmetici&quot;,&quot;page_args&quot;:[],&quot;lang&quot;:&quot;es&quot;}}'><\/div>\r\n\t<\/div><div class=\"w-separator size_huge\"><\/div><\/div><\/div><\/div><\/div><\/section>\n","protected":false},"excerpt":{"rendered":"CaraTanto si se trata de una f\u00f3rmula b\u00e1sica como del tratamiento de m\u00e1s alto rendimiento, somos capaces de sorprender a nuestros clientes logrando el equilibrio perfecto entre eficacia y sensorialidad. Fabricamos productos cosm\u00e9ticos para terceros que satisfacen diversas necesidades de la piel: antiedad anti sebo hidratantes espec\u00edficos (piel seca, sensible, discrom\u00eda cut\u00e1nea,&#8230;) CuerpoBelleza y bienestar...","protected":false},"author":1,"featured_media":0,"parent":0,"menu_order":0,"comment_status":"closed","ping_status":"closed","template":"","meta":{"footnotes":""},"class_list":["post-3367","page","type-page","status-publish","hentry"],"acf":[],"yoast_head":"<!-- This site is optimized with the Yoast SEO plugin v21.5 - https:\/\/yoast.com\/wordpress\/plugins\/seo\/ -->\n<title>Producci\u00f3n - Pink Frogs Cosmetics<\/title>\n<meta name=\"robots\" content=\"index, follow, max-snippet:-1, max-image-preview:large, max-video-preview:-1\" \/>\n<link rel=\"canonical\" href=\"https:\/\/pinkfrogs.it\/es\/produccion\/\" \/>\n<meta property=\"og:locale\" content=\"es_ES\" \/>\n<meta property=\"og:type\" content=\"article\" \/>\n<meta property=\"og:title\" content=\"Producci\u00f3n - Pink Frogs Cosmetics\" \/>\n<meta property=\"og:url\" content=\"https:\/\/pinkfrogs.it\/es\/produccion\/\" \/>\n<meta property=\"og:site_name\" content=\"Pink Frogs Cosmetics\" \/>\n<meta property=\"article:modified_time\" content=\"2023-11-07T13:43:05+00:00\" \/>\n<meta name=\"twitter:card\" content=\"summary_large_image\" \/>\n<meta name=\"twitter:label1\" content=\"Tiempo de lectura\" \/>\n\t<meta name=\"twitter:data1\" content=\"1 minuto\" \/>\n<script type=\"application\/ld+json\" class=\"yoast-schema-graph\">{\"@context\":\"https:\/\/schema.org\",\"@graph\":[{\"@type\":\"WebPage\",\"@id\":\"https:\/\/pinkfrogs.it\/es\/produccion\/\",\"url\":\"https:\/\/pinkfrogs.it\/es\/produccion\/\",\"name\":\"Producci\u00f3n - Pink Frogs Cosmetics\",\"isPartOf\":{\"@id\":\"https:\/\/pinkfrogs.it\/es\/#website\"},\"datePublished\":\"2023-08-08T09:55:00+00:00\",\"dateModified\":\"2023-11-07T13:43:05+00:00\",\"breadcrumb\":{\"@id\":\"https:\/\/pinkfrogs.it\/es\/produccion\/#breadcrumb\"},\"inLanguage\":\"es\",\"potentialAction\":[{\"@type\":\"ReadAction\",\"target\":[\"https:\/\/pinkfrogs.it\/es\/produccion\/\"]}]},{\"@type\":\"BreadcrumbList\",\"@id\":\"https:\/\/pinkfrogs.it\/es\/produccion\/#breadcrumb\",\"itemListElement\":[{\"@type\":\"ListItem\",\"position\":1,\"name\":\"Home\",\"item\":\"https:\/\/pinkfrogs.it\/es\/\"},{\"@type\":\"ListItem\",\"position\":2,\"name\":\"Producci\u00f3n\"}]},{\"@type\":\"WebSite\",\"@id\":\"https:\/\/pinkfrogs.it\/es\/#website\",\"url\":\"https:\/\/pinkfrogs.it\/es\/\",\"name\":\"Pink Frogs Cosmetics\",\"description\":\"\",\"potentialAction\":[{\"@type\":\"SearchAction\",\"target\":{\"@type\":\"EntryPoint\",\"urlTemplate\":\"https:\/\/pinkfrogs.it\/es\/?s={search_term_string}\"},\"query-input\":\"required name=search_term_string\"}],\"inLanguage\":\"es\"}]}<\/script>\n<!-- \/ Yoast SEO plugin. -->","yoast_head_json":{"title":"Producci\u00f3n - Pink Frogs Cosmetics","robots":{"index":"index","follow":"follow","max-snippet":"max-snippet:-1","max-image-preview":"max-image-preview:large","max-video-preview":"max-video-preview:-1"},"canonical":"https:\/\/pinkfrogs.it\/es\/produccion\/","og_locale":"es_ES","og_type":"article","og_title":"Producci\u00f3n - Pink Frogs Cosmetics","og_url":"https:\/\/pinkfrogs.it\/es\/produccion\/","og_site_name":"Pink Frogs Cosmetics","article_modified_time":"2023-11-07T13:43:05+00:00","twitter_card":"summary_large_image","twitter_misc":{"Tiempo de lectura":"1 minuto"},"schema":{"@context":"https:\/\/schema.org","@graph":[{"@type":"WebPage","@id":"https:\/\/pinkfrogs.it\/es\/produccion\/","url":"https:\/\/pinkfrogs.it\/es\/produccion\/","name":"Producci\u00f3n - Pink Frogs Cosmetics","isPartOf":{"@id":"https:\/\/pinkfrogs.it\/es\/#website"},"datePublished":"2023-08-08T09:55:00+00:00","dateModified":"2023-11-07T13:43:05+00:00","breadcrumb":{"@id":"https:\/\/pinkfrogs.it\/es\/produccion\/#breadcrumb"},"inLanguage":"es","potentialAction":[{"@type":"ReadAction","target":["https:\/\/pinkfrogs.it\/es\/produccion\/"]}]},{"@type":"BreadcrumbList","@id":"https:\/\/pinkfrogs.it\/es\/produccion\/#breadcrumb","itemListElement":[{"@type":"ListItem","position":1,"name":"Home","item":"https:\/\/pinkfrogs.it\/es\/"},{"@type":"ListItem","position":2,"name":"Producci\u00f3n"}]},{"@type":"WebSite","@id":"https:\/\/pinkfrogs.it\/es\/#website","url":"https:\/\/pinkfrogs.it\/es\/","name":"Pink Frogs Cosmetics","description":"","potentialAction":[{"@type":"SearchAction","target":{"@type":"EntryPoint","urlTemplate":"https:\/\/pinkfrogs.it\/es\/?s={search_term_string}"},"query-input":"required name=search_term_string"}],"inLanguage":"es"}]}},"_links":{"self":[{"href":"https:\/\/pinkfrogs.it\/es\/wp-json\/wp\/v2\/pages\/3367","targetHints":{"allow":["GET"]}}],"collection":[{"href":"https:\/\/pinkfrogs.it\/es\/wp-json\/wp\/v2\/pages"}],"about":[{"href":"https:\/\/pinkfrogs.it\/es\/wp-json\/wp\/v2\/types\/page"}],"author":[{"embeddable":true,"href":"https:\/\/pinkfrogs.it\/es\/wp-json\/wp\/v2\/users\/1"}],"replies":[{"embeddable":true,"href":"https:\/\/pinkfrogs.it\/es\/wp-json\/wp\/v2\/comments?post=3367"}],"version-history":[{"count":11,"href":"https:\/\/pinkfrogs.it\/es\/wp-json\/wp\/v2\/pages\/3367\/revisions"}],"predecessor-version":[{"id":5022,"href":"https:\/\/pinkfrogs.it\/es\/wp-json\/wp\/v2\/pages\/3367\/revisions\/5022"}],"wp:attachment":[{"href":"https:\/\/pinkfrogs.it\/es\/wp-json\/wp\/v2\/media?parent=3367"}],"curies":[{"name":"wp","href":"https:\/\/api.w.org\/{rel}","templated":true}]}}