{"id":3365,"date":"2023-09-15T09:54:09","date_gmt":"2023-09-15T09:54:09","guid":{"rendered":"https:\/\/pinkfrogs.kifadesign.it\/v02\/servicios\/"},"modified":"2023-11-03T11:35:35","modified_gmt":"2023-11-03T11:35:35","slug":"servicios","status":"publish","type":"page","link":"https:\/\/pinkfrogs.it\/es\/servicios\/","title":{"rendered":"Servicios"},"content":{"rendered":"<section class=\"l-section wpb_row height_large color_primary with_img parallax_ver\"><div class=\"l-section-img\" role=\"img\" data-img-width=\"2400\" data-img-height=\"800\" style=\"background-image: url(https:\/\/pinkfrogs.it\/wp-content\/uploads\/2023\/10\/SERVIZI-1.jpg);background-position: top center;background-repeat: no-repeat;\"><\/div><div class=\"l-section-overlay\" style=\"background:linear-gradient(0deg,rgba(235,124,162,0.45),rgba(56,56,56,0.3))\"><\/div><div class=\"l-section-h i-cf\"><div class=\"g-cols vc_row via_grid cols_1 laptops-cols_inherit tablets-cols_inherit mobiles-cols_1 valign_middle type_default stacking_default\"><div class=\"wpb_column vc_column_container\"><div class=\"vc_column-inner\"><h1 class=\"w-text us_custom_06a2e8f9\"><span class=\"w-text-h\"><span class=\"w-text-value\">Servicios<\/span><\/span><\/h1><div class=\"w-separator size_small\"><\/div><\/div><\/div><\/div><\/div><\/section><section class=\"l-section wpb_row us_custom_f5ed9809 height_medium\"><div class=\"l-section-h i-cf\"><div class=\"g-cols vc_row via_grid cols_1 laptops-cols_inherit tablets-cols_inherit mobiles-cols_1 valign_top type_default stacking_default\"><div class=\"wpb_column vc_column_container\"><div class=\"vc_column-inner\"><div class=\"wpb_text_column\"><div class=\"wpb_wrapper\"><p>Gracias a nuestros muchos a\u00f1os de experiencia en la industria cosm\u00e9tica y a una estructura interna bien establecida, supervisamos todos los procesos de <strong>producci\u00f3n de cosm\u00e9ticos por contrato<\/strong> y podemos ofrecer a nuestros clientes una amplia gama de servicios para apoyar su estrategia de lanzamiento en el mercado cosm\u00e9tico.<\/p>\n<\/div><\/div><\/div><\/div><\/div><\/div><\/section><section class=\"l-section wpb_row height_medium\" id=\"supportomarketing\"><div class=\"l-section-h i-cf\"><div class=\"g-cols vc_row via_grid cols_1 laptops-cols_inherit tablets-cols_inherit mobiles-cols_1 valign_top type_default stacking_default\"><div class=\"wpb_column vc_column_container\"><div class=\"vc_column-inner\"><div class=\"g-cols wpb_row via_grid cols_1-2 laptops-cols_inherit tablets-cols_inherit mobiles-cols_1 valign_top type_default stacking_default\" style=\"--gap:3rem;\"><div class=\"wpb_column vc_column_container\"><div class=\"vc_column-inner\"><div class=\"w-image us_custom_81dbcac1 align_none\"><div class=\"w-image-h\"><img loading=\"lazy\" decoding=\"async\" width=\"800\" height=\"800\" src=\"https:\/\/pinkfrogs.it\/wp-content\/uploads\/2023\/10\/supporto-marketing.jpeg\" class=\"attachment-large size-large\" alt=\"\" srcset=\"https:\/\/pinkfrogs.it\/wp-content\/uploads\/2023\/10\/supporto-marketing.jpeg 800w, https:\/\/pinkfrogs.it\/wp-content\/uploads\/2023\/10\/supporto-marketing-300x300.jpeg 300w, https:\/\/pinkfrogs.it\/wp-content\/uploads\/2023\/10\/supporto-marketing-150x150.jpeg 150w\" sizes=\"auto, (max-width: 800px) 100vw, 800px\" \/><\/div><\/div><\/div><\/div><div class=\"wpb_column vc_column_container\"><div class=\"vc_column-inner\"><h2 class=\"w-text us_custom_1f257949\"><span class=\"w-text-h\"><span class=\"w-text-value\">Apoyo a la comercializaci\u00f3n<\/span><\/span><\/h2><div class=\"wpb_text_column\"><div class=\"wpb_wrapper\"><p>Ser capaces de captar afinidades con sectores paralelos (de la alimentaci\u00f3n a la moda), inspirarnos en contaminaciones de otros pa\u00edses, experimentar con nuevos gestos y crear nuevos conceptos: con nosotros, el marketing mira muy lejos para apoyar a nuestros clientes en un servicio de asesoramiento integral que empieza con un concepto y llega hasta la formaci\u00f3n sobre el producto para la fuerza de ventas.<br \/>\nNos encanta compartir con los clientes estrategias de lanzamiento y nuevas oportunidades de mercado, asesoramos en la elecci\u00f3n de los activos m\u00e1s punteros y cada proyecto va acompa\u00f1ado de herramientas de comunicaci\u00f3n ad hoc para promocionar sus caracter\u00edsticas y funcionalidades.<\/p>\n<\/div><\/div><\/div><\/div><\/div><\/div><\/div><\/div><\/div><\/section><section class=\"l-section wpb_row us_custom_b91424ac height_huge\" id=\"propuesta de investigaci\u00f3n\"><div class=\"l-section-h i-cf\"><div class=\"g-cols vc_row via_grid cols_1 laptops-cols_inherit tablets-cols_inherit mobiles-cols_1 valign_top type_default stacking_default\"><div class=\"wpb_column vc_column_container\"><div class=\"vc_column-inner\"><div class=\"g-cols wpb_row via_grid cols_2-1 laptops-cols_inherit tablets-cols_inherit mobiles-cols_1 valign_top type_default stacking_default\" style=\"--gap:3rem;\"><div class=\"wpb_column vc_column_container\"><div class=\"vc_column-inner\"><h2 class=\"w-text us_custom_1f257949\"><span class=\"w-text-h\"><span class=\"w-text-value\">Investigaci\u00f3n y propuestas sobre envases<\/span><\/span><\/h2><div class=\"wpb_text_column\"><div class=\"wpb_wrapper\"><p><span class=\"OYPEnA text-decoration-none text-strikethrough-none\">Una f\u00f3rmula excelente debe estar contenida en un envase adecuado que destaque su eficacia y refleje la identidad de una marca. Por ello, proporcionamos asistencia en la selecci\u00f3n y compra de los envases m\u00e1s adecuados (desde los primarios hasta los secundarios), pudiendo contar con una selecta cadena de proveedores y garantizando la soluci\u00f3n m\u00e1s adecuada en cuanto a materiales y acabados.<\/span><\/p>\n<\/div><\/div><\/div><\/div><div class=\"wpb_column vc_column_container\"><div class=\"vc_column-inner\"><div class=\"w-image us_custom_81dbcac1 align_none\"><div class=\"w-image-h\"><img loading=\"lazy\" decoding=\"async\" width=\"800\" height=\"800\" src=\"https:\/\/pinkfrogs.it\/wp-content\/uploads\/2023\/10\/Ricerca-proposta-pack.jpeg\" class=\"attachment-large size-large\" alt=\"\" srcset=\"https:\/\/pinkfrogs.it\/wp-content\/uploads\/2023\/10\/Ricerca-proposta-pack.jpeg 800w, https:\/\/pinkfrogs.it\/wp-content\/uploads\/2023\/10\/Ricerca-proposta-pack-300x300.jpeg 300w, https:\/\/pinkfrogs.it\/wp-content\/uploads\/2023\/10\/Ricerca-proposta-pack-150x150.jpeg 150w\" sizes=\"auto, (max-width: 800px) 100vw, 800px\" \/><\/div><\/div><\/div><\/div><\/div><\/div><\/div><\/div><\/div><\/section><section class=\"l-section wpb_row us_custom_b91424ac height_huge\" id=\"asesoramiento normativo\"><div class=\"l-section-h i-cf\"><div class=\"g-cols vc_row via_grid cols_1 laptops-cols_inherit tablets-cols_inherit mobiles-cols_1 valign_top type_default stacking_default\"><div class=\"wpb_column vc_column_container\"><div class=\"vc_column-inner\"><div class=\"g-cols wpb_row via_grid cols_1-2 laptops-cols_inherit tablets-cols_inherit mobiles-cols_1 valign_top type_default stacking_default\" style=\"--gap:3rem;\"><div class=\"wpb_column vc_column_container\"><div class=\"vc_column-inner\"><div class=\"w-image us_custom_81dbcac1 align_none\"><div class=\"w-image-h\"><img loading=\"lazy\" decoding=\"async\" width=\"800\" height=\"800\" src=\"https:\/\/pinkfrogs.it\/wp-content\/uploads\/2023\/10\/Consulenza-Regolatoria-Internazionale.jpeg\" class=\"attachment-large size-large\" alt=\"\" srcset=\"https:\/\/pinkfrogs.it\/wp-content\/uploads\/2023\/10\/Consulenza-Regolatoria-Internazionale.jpeg 800w, https:\/\/pinkfrogs.it\/wp-content\/uploads\/2023\/10\/Consulenza-Regolatoria-Internazionale-300x300.jpeg 300w, https:\/\/pinkfrogs.it\/wp-content\/uploads\/2023\/10\/Consulenza-Regolatoria-Internazionale-150x150.jpeg 150w\" sizes=\"auto, (max-width: 800px) 100vw, 800px\" \/><\/div><\/div><\/div><\/div><div class=\"wpb_column vc_column_container\"><div class=\"vc_column-inner\"><h2 class=\"w-text us_custom_1f257949\"><span class=\"w-text-h\"><span class=\"w-text-value\">Consultor\u00eda normativa internacional<\/span><\/span><\/h2><div class=\"wpb_text_column\"><div class=\"wpb_wrapper\"><p><span class=\"OYPEnA text-decoration-none text-strikethrough-none\">Contamos con un departamento interno de Reglamentaci\u00f3n, que se mantiene constantemente al d\u00eda de la normativa vigente para garantizar el cumplimiento de los productos y elaborar la documentaci\u00f3n t\u00e9cnica y cient\u00edfica pertinente. Los servicios ofrecidos son: redacci\u00f3n del PIF (expediente de informaci\u00f3n sobre el producto), notificaci\u00f3n CPNP, evaluaci\u00f3n de la seguridad del producto, asistencia al cliente en la verificaci\u00f3n de las declaraciones y requisitos de la etiqueta, solicitud de certificados de libre venta (CLV).<\/span><\/p>\n<\/div><\/div><\/div><\/div><\/div><\/div><\/div><\/div><\/div><\/section><section class=\"l-section wpb_row height_huge\" id=\"testanalysis\"><div class=\"l-section-h i-cf\"><div class=\"g-cols vc_row via_grid cols_1 laptops-cols_inherit tablets-cols_inherit mobiles-cols_1 valign_top type_default stacking_default\"><div class=\"wpb_column vc_column_container\"><div class=\"vc_column-inner\"><div class=\"g-cols wpb_row via_grid cols_2-1 laptops-cols_inherit tablets-cols_inherit mobiles-cols_1 valign_top type_default stacking_default\" style=\"--gap:3rem;\"><div class=\"wpb_column vc_column_container\"><div class=\"vc_column-inner\"><h2 class=\"w-text us_custom_1f257949\"><span class=\"w-text-h\"><span class=\"w-text-value\">Pruebas de eficacia<\/span><\/span><\/h2><div class=\"wpb_text_column\"><div class=\"wpb_wrapper\"><p>Desarrollamos los productos m\u00e1s innovadores coordinando todas las actividades de laboratorio para probar su eficacia en apoyo de una comunicaci\u00f3n de gran impacto.<br \/>\nAtendemos las solicitudes de los clientes para realizar pruebas de eficacia de las f\u00f3rmulas en colaboraci\u00f3n con laboratorios de ensayo certificados.<br \/>\nDisponemos de un servicio de pruebas directas sobre f\u00f3rmulas para demostrar la acci\u00f3n hidratante, pigmentante, antiseborreica y elastizante de los productos faciales y corporales.<br \/>\nTambi\u00e9n realizamos pruebas de \u00abmetales pesados\u00bb en cada lote de producci\u00f3n para garantizar y proteger a los consumidores sensibles. <\/p>\n<\/div><\/div><\/div><\/div><div class=\"wpb_column vc_column_container\"><div class=\"vc_column-inner\"><div class=\"w-image us_custom_81dbcac1 align_none\"><div class=\"w-image-h\"><img loading=\"lazy\" decoding=\"async\" width=\"800\" height=\"800\" src=\"https:\/\/pinkfrogs.it\/wp-content\/uploads\/2023\/10\/test-analisi.jpeg\" class=\"attachment-large size-large\" alt=\"\" srcset=\"https:\/\/pinkfrogs.it\/wp-content\/uploads\/2023\/10\/test-analisi.jpeg 800w, https:\/\/pinkfrogs.it\/wp-content\/uploads\/2023\/10\/test-analisi-300x300.jpeg 300w, https:\/\/pinkfrogs.it\/wp-content\/uploads\/2023\/10\/test-analisi-150x150.jpeg 150w\" sizes=\"auto, (max-width: 800px) 100vw, 800px\" \/><\/div><\/div><\/div><\/div><\/div><\/div><\/div><\/div><\/div><\/section>\n","protected":false},"excerpt":{"rendered":"ServiciosGracias a nuestros muchos a\u00f1os de experiencia en la industria cosm\u00e9tica y a una estructura interna bien establecida, supervisamos todos los procesos de producci\u00f3n de cosm\u00e9ticos por contrato y podemos ofrecer a nuestros clientes una amplia gama de servicios para apoyar su estrategia de lanzamiento en el mercado cosm\u00e9tico. Apoyo a la comercializaci\u00f3nSer capaces de...","protected":false},"author":1,"featured_media":0,"parent":0,"menu_order":0,"comment_status":"closed","ping_status":"closed","template":"","meta":{"footnotes":""},"class_list":["post-3365","page","type-page","status-publish","hentry"],"acf":[],"yoast_head":"<!-- This site is optimized with the Yoast SEO plugin v21.5 - https:\/\/yoast.com\/wordpress\/plugins\/seo\/ -->\n<title>Servicios - Pink Frogs Cosmetics<\/title>\n<meta name=\"robots\" content=\"index, follow, max-snippet:-1, max-image-preview:large, max-video-preview:-1\" \/>\n<link rel=\"canonical\" href=\"https:\/\/pinkfrogs.it\/es\/servicios\/\" \/>\n<meta property=\"og:locale\" content=\"es_ES\" \/>\n<meta property=\"og:type\" content=\"article\" \/>\n<meta property=\"og:title\" content=\"Servicios - Pink Frogs Cosmetics\" \/>\n<meta property=\"og:url\" content=\"https:\/\/pinkfrogs.it\/es\/servicios\/\" \/>\n<meta property=\"og:site_name\" content=\"Pink Frogs Cosmetics\" \/>\n<meta property=\"article:modified_time\" content=\"2023-11-03T11:35:35+00:00\" \/>\n<meta name=\"twitter:card\" content=\"summary_large_image\" \/>\n<meta name=\"twitter:label1\" content=\"Tiempo de lectura\" \/>\n\t<meta name=\"twitter:data1\" content=\"5 minutos\" \/>\n<script type=\"application\/ld+json\" class=\"yoast-schema-graph\">{\"@context\":\"https:\/\/schema.org\",\"@graph\":[{\"@type\":\"WebPage\",\"@id\":\"https:\/\/pinkfrogs.it\/es\/servicios\/\",\"url\":\"https:\/\/pinkfrogs.it\/es\/servicios\/\",\"name\":\"Servicios - Pink Frogs Cosmetics\",\"isPartOf\":{\"@id\":\"https:\/\/pinkfrogs.it\/es\/#website\"},\"datePublished\":\"2023-09-15T09:54:09+00:00\",\"dateModified\":\"2023-11-03T11:35:35+00:00\",\"breadcrumb\":{\"@id\":\"https:\/\/pinkfrogs.it\/es\/servicios\/#breadcrumb\"},\"inLanguage\":\"es\",\"potentialAction\":[{\"@type\":\"ReadAction\",\"target\":[\"https:\/\/pinkfrogs.it\/es\/servicios\/\"]}]},{\"@type\":\"BreadcrumbList\",\"@id\":\"https:\/\/pinkfrogs.it\/es\/servicios\/#breadcrumb\",\"itemListElement\":[{\"@type\":\"ListItem\",\"position\":1,\"name\":\"Home\",\"item\":\"https:\/\/pinkfrogs.it\/es\/\"},{\"@type\":\"ListItem\",\"position\":2,\"name\":\"Servicios\"}]},{\"@type\":\"WebSite\",\"@id\":\"https:\/\/pinkfrogs.it\/es\/#website\",\"url\":\"https:\/\/pinkfrogs.it\/es\/\",\"name\":\"Pink Frogs Cosmetics\",\"description\":\"\",\"potentialAction\":[{\"@type\":\"SearchAction\",\"target\":{\"@type\":\"EntryPoint\",\"urlTemplate\":\"https:\/\/pinkfrogs.it\/es\/?s={search_term_string}\"},\"query-input\":\"required name=search_term_string\"}],\"inLanguage\":\"es\"}]}<\/script>\n<!-- \/ Yoast SEO plugin. -->","yoast_head_json":{"title":"Servicios - Pink Frogs Cosmetics","robots":{"index":"index","follow":"follow","max-snippet":"max-snippet:-1","max-image-preview":"max-image-preview:large","max-video-preview":"max-video-preview:-1"},"canonical":"https:\/\/pinkfrogs.it\/es\/servicios\/","og_locale":"es_ES","og_type":"article","og_title":"Servicios - Pink Frogs Cosmetics","og_url":"https:\/\/pinkfrogs.it\/es\/servicios\/","og_site_name":"Pink Frogs Cosmetics","article_modified_time":"2023-11-03T11:35:35+00:00","twitter_card":"summary_large_image","twitter_misc":{"Tiempo de lectura":"5 minutos"},"schema":{"@context":"https:\/\/schema.org","@graph":[{"@type":"WebPage","@id":"https:\/\/pinkfrogs.it\/es\/servicios\/","url":"https:\/\/pinkfrogs.it\/es\/servicios\/","name":"Servicios - Pink Frogs Cosmetics","isPartOf":{"@id":"https:\/\/pinkfrogs.it\/es\/#website"},"datePublished":"2023-09-15T09:54:09+00:00","dateModified":"2023-11-03T11:35:35+00:00","breadcrumb":{"@id":"https:\/\/pinkfrogs.it\/es\/servicios\/#breadcrumb"},"inLanguage":"es","potentialAction":[{"@type":"ReadAction","target":["https:\/\/pinkfrogs.it\/es\/servicios\/"]}]},{"@type":"BreadcrumbList","@id":"https:\/\/pinkfrogs.it\/es\/servicios\/#breadcrumb","itemListElement":[{"@type":"ListItem","position":1,"name":"Home","item":"https:\/\/pinkfrogs.it\/es\/"},{"@type":"ListItem","position":2,"name":"Servicios"}]},{"@type":"WebSite","@id":"https:\/\/pinkfrogs.it\/es\/#website","url":"https:\/\/pinkfrogs.it\/es\/","name":"Pink Frogs Cosmetics","description":"","potentialAction":[{"@type":"SearchAction","target":{"@type":"EntryPoint","urlTemplate":"https:\/\/pinkfrogs.it\/es\/?s={search_term_string}"},"query-input":"required name=search_term_string"}],"inLanguage":"es"}]}},"_links":{"self":[{"href":"https:\/\/pinkfrogs.it\/es\/wp-json\/wp\/v2\/pages\/3365","targetHints":{"allow":["GET"]}}],"collection":[{"href":"https:\/\/pinkfrogs.it\/es\/wp-json\/wp\/v2\/pages"}],"about":[{"href":"https:\/\/pinkfrogs.it\/es\/wp-json\/wp\/v2\/types\/page"}],"author":[{"embeddable":true,"href":"https:\/\/pinkfrogs.it\/es\/wp-json\/wp\/v2\/users\/1"}],"replies":[{"embeddable":true,"href":"https:\/\/pinkfrogs.it\/es\/wp-json\/wp\/v2\/comments?post=3365"}],"version-history":[{"count":8,"href":"https:\/\/pinkfrogs.it\/es\/wp-json\/wp\/v2\/pages\/3365\/revisions"}],"predecessor-version":[{"id":3412,"href":"https:\/\/pinkfrogs.it\/es\/wp-json\/wp\/v2\/pages\/3365\/revisions\/3412"}],"wp:attachment":[{"href":"https:\/\/pinkfrogs.it\/es\/wp-json\/wp\/v2\/media?parent=3365"}],"curies":[{"name":"wp","href":"https:\/\/api.w.org\/{rel}","templated":true}]}}