{"id":3346,"date":"2023-08-08T09:37:05","date_gmt":"2023-08-08T09:37:05","guid":{"rendered":"https:\/\/pinkfrogs.kifadesign.it\/v02\/organizacion\/"},"modified":"2023-11-03T11:35:23","modified_gmt":"2023-11-03T11:35:23","slug":"organizacion","status":"publish","type":"page","link":"https:\/\/pinkfrogs.it\/es\/organizacion\/","title":{"rendered":"Organizaci\u00f3n"},"content":{"rendered":"<section class=\"l-section wpb_row height_large color_primary with_img parallax_ver\"><div class=\"l-section-img\" role=\"img\" data-img-width=\"2400\" data-img-height=\"800\" style=\"background-image: url(https:\/\/pinkfrogs.it\/wp-content\/uploads\/2023\/10\/AZIENDA-Organizzazione.jpg);background-repeat: no-repeat;\"><\/div><div class=\"l-section-overlay\" style=\"background:linear-gradient(0deg,rgba(235,124,162,0.45),rgba(56,56,56,0.3))\"><\/div><div class=\"l-section-h i-cf\"><div class=\"g-cols vc_row via_grid cols_1 laptops-cols_inherit tablets-cols_inherit mobiles-cols_1 valign_middle type_default stacking_default\"><div class=\"wpb_column vc_column_container\"><div class=\"vc_column-inner\"><h1 class=\"w-text us_custom_06a2e8f9\"><span class=\"w-text-h\"><span class=\"w-text-value\">Organizaci\u00f3n<\/span><\/span><\/h1><div class=\"w-separator size_small\"><\/div><\/div><\/div><\/div><\/div><\/section><section class=\"l-section wpb_row us_custom_f5ed9809 height_medium\"><div class=\"l-section-h i-cf\"><div class=\"g-cols vc_row via_grid cols_1 laptops-cols_inherit tablets-cols_inherit mobiles-cols_1 valign_middle type_default stacking_default\"><div class=\"wpb_column vc_column_container\"><div class=\"vc_column-inner\"><div class=\"wpb_text_column\"><div class=\"wpb_wrapper\"><p>Gracias a una estructura organizativa global e integrada, podemos <strong>ofrecer un servicio completo<\/strong> para identificar y posicionar los productos cosm\u00e9ticos en los mercados objetivo, apoyando a nuestros clientes en la consecuci\u00f3n de su \u00e9xito.<br \/>\nContamos con un equipo de expertos que trabajan en sinergia para <strong>prestar<\/strong> un <strong>apoyo completo a las empresas clientes<\/strong>. Hoy en d\u00eda, la producci\u00f3n de cosm\u00e9ticos por encargo no consiste \u00fanicamente en satisfacer las necesidades de un cliente, sino en establecer <strong>una verdadera asociaci\u00f3n<\/strong>, con vistas a un apoyo continuo. Somos <strong>un socio<\/strong>, no solo un proveedor.<\/p>\n<\/div><\/div><\/div><\/div><\/div><\/div><\/section><section class=\"l-section wpb_row height_medium\"><div class=\"l-section-h i-cf\"><div class=\"g-cols vc_row via_grid cols_1-2 laptops-cols_inherit tablets-cols_inherit mobiles-cols_1 valign_top type_default stacking_default\"><div class=\"wpb_column vc_column_container\"><div class=\"vc_column-inner\"><div class=\"w-image us_custom_70cfe74d has_ratio align_none\"><div class=\"w-image-h\"><div style=\"padding-bottom:75%\"><\/div><img loading=\"lazy\" decoding=\"async\" width=\"800\" height=\"800\" src=\"https:\/\/pinkfrogs.it\/wp-content\/uploads\/2023\/10\/ORGANIZZAZIONE-RicercaSviluppo.jpg\" class=\"attachment-full size-full\" alt=\"\" srcset=\"https:\/\/pinkfrogs.it\/wp-content\/uploads\/2023\/10\/ORGANIZZAZIONE-RicercaSviluppo.jpg 800w, https:\/\/pinkfrogs.it\/wp-content\/uploads\/2023\/10\/ORGANIZZAZIONE-RicercaSviluppo-300x300.jpg 300w, https:\/\/pinkfrogs.it\/wp-content\/uploads\/2023\/10\/ORGANIZZAZIONE-RicercaSviluppo-150x150.jpg 150w\" sizes=\"auto, (max-width: 800px) 100vw, 800px\" \/><\/div><\/div><\/div><\/div><div class=\"wpb_column vc_column_container\"><div class=\"vc_column-inner\"><h2 class=\"w-text us_custom_1f257949\"><span class=\"w-text-h\"><span class=\"w-text-value\">Investigaci\u00f3n y desarrollo<\/span><\/span><\/h2><div class=\"wpb_text_column\"><div class=\"wpb_wrapper\"><p>Contamos con un equipo de <strong>formuladores y t\u00e9cnicos de<\/strong> laboratorio que, cada d\u00eda, crean y ponen a punto <strong>texturas innovadoras<\/strong> y vanguardistas que responden a los est\u00e1ndares de modernidad, belleza limpia, sensorialidad y naturalidad.<br \/>\nLa innovaci\u00f3n es el leitmotiv que nos distingue: estamos especializados en la creaci\u00f3n y la <strong>fabricaci\u00f3n por encargo de f\u00f3rmulas<\/strong> \u00abefecto sorpresa\u00bb, cautivadoras y atractivas, fruto de una experiencia transversal en tratamientos faciales, corporales, capilares, perfumados y farmac\u00e9uticos.<br \/>\nDesde la fase de desarrollo y dise\u00f1o de la f\u00f3rmula, <strong>comprobamos<\/strong> su <strong>rendimiento<\/strong> con el apoyo de detectores instrumentales que nos permiten medir su eficacia en t\u00e9rminos de <strong>hidrataci\u00f3n<\/strong>, regulaci\u00f3n <strong>seb\u00e1cea<\/strong>, <strong>discrom\u00eda cut\u00e1nea<\/strong> y <strong>elasticidad<\/strong> de forma continua.<\/p>\n<\/div><\/div><\/div><\/div><\/div><\/div><\/section><section class=\"l-section wpb_row height_medium\"><div class=\"l-section-h i-cf\"><div class=\"g-cols vc_row via_grid cols_2-1 laptops-cols_inherit tablets-cols_inherit mobiles-cols_1 valign_top type_default stacking_default\"><div class=\"wpb_column vc_column_container\"><div class=\"vc_column-inner\"><h2 class=\"w-text us_custom_1f257949\"><span class=\"w-text-h\"><span class=\"w-text-value\">Marketing<\/span><\/span><\/h2><div class=\"wpb_text_column\"><div class=\"wpb_wrapper\"><p>Combinaci\u00f3n perfecta de experiencia e innovaci\u00f3n, aqu\u00ed la Divisi\u00f3n de Marketing es un elemento clave para combinar lo que quiere el cliente con la mejor oferta de productos.<br \/>\nAnticipa las tendencias, identifica los productos de m\u00e1s \u00e9xito, los convierte en ideas innovadoras y los personaliza creando una<strong>identidad de marca a medida<\/strong>.<br \/>\nEl seguimiento continuo del mercado, las tendencias y los lanzamientos mundiales nos permiten ofrecer un servicio y un<strong>apoyo<\/strong> competentes, tanto en lo que se refiere a la <strong>f\u00f3rmula<\/strong> como al <strong>envase<\/strong>.<\/p>\n<\/div><\/div><\/div><\/div><div class=\"wpb_column vc_column_container\"><div class=\"vc_column-inner\"><div class=\"w-image us_custom_70cfe74d has_ratio align_none\"><div class=\"w-image-h\"><div style=\"padding-bottom:75%\"><\/div><img loading=\"lazy\" decoding=\"async\" width=\"800\" height=\"800\" src=\"https:\/\/pinkfrogs.it\/wp-content\/uploads\/2023\/10\/ORGANIZZAZIONE-Marketing.jpg\" class=\"attachment-full size-full\" alt=\"\" srcset=\"https:\/\/pinkfrogs.it\/wp-content\/uploads\/2023\/10\/ORGANIZZAZIONE-Marketing.jpg 800w, https:\/\/pinkfrogs.it\/wp-content\/uploads\/2023\/10\/ORGANIZZAZIONE-Marketing-300x300.jpg 300w, https:\/\/pinkfrogs.it\/wp-content\/uploads\/2023\/10\/ORGANIZZAZIONE-Marketing-150x150.jpg 150w\" sizes=\"auto, (max-width: 800px) 100vw, 800px\" \/><\/div><\/div><\/div><\/div><\/div><\/div><\/section><section class=\"l-section wpb_row height_medium\"><div class=\"l-section-h i-cf\"><div class=\"g-cols vc_row via_grid cols_1-2 laptops-cols_inherit tablets-cols_inherit mobiles-cols_1 valign_top type_default stacking_default\"><div class=\"wpb_column vc_column_container\"><div class=\"vc_column-inner\"><div class=\"w-image us_custom_70cfe74d has_ratio align_none\"><div class=\"w-image-h\"><div style=\"padding-bottom:75%\"><\/div><img loading=\"lazy\" decoding=\"async\" width=\"800\" height=\"800\" src=\"https:\/\/pinkfrogs.it\/wp-content\/uploads\/2023\/10\/ORGANIZZAZIONE-Sviluppo-Prodotto.jpg\" class=\"attachment-full size-full\" alt=\"\" srcset=\"https:\/\/pinkfrogs.it\/wp-content\/uploads\/2023\/10\/ORGANIZZAZIONE-Sviluppo-Prodotto.jpg 800w, https:\/\/pinkfrogs.it\/wp-content\/uploads\/2023\/10\/ORGANIZZAZIONE-Sviluppo-Prodotto-300x300.jpg 300w, https:\/\/pinkfrogs.it\/wp-content\/uploads\/2023\/10\/ORGANIZZAZIONE-Sviluppo-Prodotto-150x150.jpg 150w\" sizes=\"auto, (max-width: 800px) 100vw, 800px\" \/><\/div><\/div><\/div><\/div><div class=\"wpb_column vc_column_container\"><div class=\"vc_column-inner\"><h2 class=\"w-text us_custom_1f257949\"><span class=\"w-text-h\"><span class=\"w-text-value\">Desarrollo de productos<\/span><\/span><\/h2><div class=\"wpb_text_column\"><div class=\"wpb_wrapper\"><p class=\"cvGsUA direction-ltr align-start para-style-body\"><span class=\"OYPEnA text-decoration-none text-strikethrough-none\">Para nosotros, lanzar un producto cosm\u00e9tico al mercado significa mantener bajo control todo el proceso de su creaci\u00f3n. Poner a nuestros expertos a su cargo permite asegurar un servicio de excelencia para garantizar la disponibilidad de un producto o de l\u00edneas enteras con los plazos correctos, supervisando cada etapa para su puesta en marcha y gestionando las relaciones con todos los proveedores implicados.<\/span><\/p>\n<\/div><\/div><\/div><\/div><\/div><\/div><\/section><section class=\"l-section wpb_row height_medium\"><div class=\"l-section-h i-cf\"><div class=\"g-cols vc_row via_grid cols_2-1 laptops-cols_inherit tablets-cols_inherit mobiles-cols_1 valign_top type_default stacking_default\"><div class=\"wpb_column vc_column_container\"><div class=\"vc_column-inner\"><h2 class=\"w-text us_custom_1f257949\"><span class=\"w-text-h\"><span class=\"w-text-value\">Producci\u00f3n y envasado<\/span><\/span><\/h2><div class=\"wpb_text_column\"><div class=\"wpb_wrapper\"><p>Trabajamos con m\u00faltiples tipos de f\u00f3rmulas en otros tantos envases diferentes. Disponemos de una <b>amplia \u00e1rea tecnol\u00f3gica<\/b> para la producci\u00f3n de emulsiones, tensiolitos, lociones, geles, pomadas, hot melts (sticks, ceras,&#8230;), perfumes, minitallas. Nuestro almac\u00e9n de materias primas tiene un c\u00f3digo de barras completo que hace que cada <b>producci\u00f3n sea precisa y f\u00e1cilmente rastreable<\/b>. Nos encargamos internamente de todas las fases del envasado: estuchado manual y autom\u00e1tico, etiquetado y celofanado.<br \/>\nAdem\u00e1s, disponemos de una m\u00e1quina de gran capacidad capaz de realizar el llenado y envasado de mini frascos de perfume (con cart\u00f3n y flow pack) en un solo paso.<\/p>\n<\/div><\/div><\/div><\/div><div class=\"wpb_column vc_column_container\"><div class=\"vc_column-inner\"><div class=\"w-image us_custom_70cfe74d has_ratio align_none\"><div class=\"w-image-h\"><div style=\"padding-bottom:75%\"><\/div><img loading=\"lazy\" decoding=\"async\" width=\"800\" height=\"800\" src=\"https:\/\/pinkfrogs.it\/wp-content\/uploads\/2023\/10\/ORGANIZZAZIONE-Reparti-Produzione-confezionamento.jpg\" class=\"attachment-full size-full\" alt=\"\" srcset=\"https:\/\/pinkfrogs.it\/wp-content\/uploads\/2023\/10\/ORGANIZZAZIONE-Reparti-Produzione-confezionamento.jpg 800w, https:\/\/pinkfrogs.it\/wp-content\/uploads\/2023\/10\/ORGANIZZAZIONE-Reparti-Produzione-confezionamento-300x300.jpg 300w, https:\/\/pinkfrogs.it\/wp-content\/uploads\/2023\/10\/ORGANIZZAZIONE-Reparti-Produzione-confezionamento-150x150.jpg 150w\" sizes=\"auto, (max-width: 800px) 100vw, 800px\" \/><\/div><\/div><\/div><\/div><\/div><\/div><\/section><section class=\"l-section wpb_row height_auto\"><div class=\"l-section-h i-cf\"><div class=\"g-cols vc_row via_grid cols_1 laptops-cols_inherit tablets-cols_inherit mobiles-cols_1 valign_top type_default stacking_default\"><div class=\"wpb_column vc_column_container\"><div class=\"vc_column-inner\"><div class=\"w-separator size_medium\"><\/div><\/div><\/div><\/div><\/div><\/section>\n","protected":false},"excerpt":{"rendered":"Organizaci\u00f3nGracias a una estructura organizativa global e integrada, podemos ofrecer un servicio completo para identificar y posicionar los productos cosm\u00e9ticos en los mercados objetivo, apoyando a nuestros clientes en la consecuci\u00f3n de su \u00e9xito. Contamos con un equipo de expertos que trabajan en sinergia para prestar un apoyo completo a las empresas clientes. Hoy en...","protected":false},"author":1,"featured_media":0,"parent":0,"menu_order":0,"comment_status":"closed","ping_status":"closed","template":"","meta":{"footnotes":""},"class_list":["post-3346","page","type-page","status-publish","hentry"],"acf":[],"yoast_head":"<!-- This site is optimized with the Yoast SEO plugin v21.5 - https:\/\/yoast.com\/wordpress\/plugins\/seo\/ -->\n<title>Organizaci\u00f3n - Pink Frogs Cosmetics<\/title>\n<meta name=\"robots\" content=\"index, follow, max-snippet:-1, max-image-preview:large, max-video-preview:-1\" \/>\n<link rel=\"canonical\" href=\"https:\/\/pinkfrogs.it\/es\/organizacion\/\" \/>\n<meta property=\"og:locale\" content=\"es_ES\" \/>\n<meta property=\"og:type\" content=\"article\" \/>\n<meta property=\"og:title\" content=\"Organizaci\u00f3n - Pink Frogs Cosmetics\" \/>\n<meta property=\"og:url\" content=\"https:\/\/pinkfrogs.it\/es\/organizacion\/\" \/>\n<meta property=\"og:site_name\" content=\"Pink Frogs Cosmetics\" \/>\n<meta property=\"article:modified_time\" content=\"2023-11-03T11:35:23+00:00\" \/>\n<meta name=\"twitter:card\" content=\"summary_large_image\" \/>\n<meta name=\"twitter:label1\" content=\"Tiempo de lectura\" \/>\n\t<meta name=\"twitter:data1\" content=\"5 minutos\" \/>\n<script type=\"application\/ld+json\" class=\"yoast-schema-graph\">{\"@context\":\"https:\/\/schema.org\",\"@graph\":[{\"@type\":\"WebPage\",\"@id\":\"https:\/\/pinkfrogs.it\/es\/organizacion\/\",\"url\":\"https:\/\/pinkfrogs.it\/es\/organizacion\/\",\"name\":\"Organizaci\u00f3n - Pink Frogs Cosmetics\",\"isPartOf\":{\"@id\":\"https:\/\/pinkfrogs.it\/es\/#website\"},\"datePublished\":\"2023-08-08T09:37:05+00:00\",\"dateModified\":\"2023-11-03T11:35:23+00:00\",\"breadcrumb\":{\"@id\":\"https:\/\/pinkfrogs.it\/es\/organizacion\/#breadcrumb\"},\"inLanguage\":\"es\",\"potentialAction\":[{\"@type\":\"ReadAction\",\"target\":[\"https:\/\/pinkfrogs.it\/es\/organizacion\/\"]}]},{\"@type\":\"BreadcrumbList\",\"@id\":\"https:\/\/pinkfrogs.it\/es\/organizacion\/#breadcrumb\",\"itemListElement\":[{\"@type\":\"ListItem\",\"position\":1,\"name\":\"Home\",\"item\":\"https:\/\/pinkfrogs.it\/es\/\"},{\"@type\":\"ListItem\",\"position\":2,\"name\":\"Organizaci\u00f3n\"}]},{\"@type\":\"WebSite\",\"@id\":\"https:\/\/pinkfrogs.it\/es\/#website\",\"url\":\"https:\/\/pinkfrogs.it\/es\/\",\"name\":\"Pink Frogs Cosmetics\",\"description\":\"\",\"potentialAction\":[{\"@type\":\"SearchAction\",\"target\":{\"@type\":\"EntryPoint\",\"urlTemplate\":\"https:\/\/pinkfrogs.it\/es\/?s={search_term_string}\"},\"query-input\":\"required name=search_term_string\"}],\"inLanguage\":\"es\"}]}<\/script>\n<!-- \/ Yoast SEO plugin. -->","yoast_head_json":{"title":"Organizaci\u00f3n - Pink Frogs Cosmetics","robots":{"index":"index","follow":"follow","max-snippet":"max-snippet:-1","max-image-preview":"max-image-preview:large","max-video-preview":"max-video-preview:-1"},"canonical":"https:\/\/pinkfrogs.it\/es\/organizacion\/","og_locale":"es_ES","og_type":"article","og_title":"Organizaci\u00f3n - Pink Frogs Cosmetics","og_url":"https:\/\/pinkfrogs.it\/es\/organizacion\/","og_site_name":"Pink Frogs Cosmetics","article_modified_time":"2023-11-03T11:35:23+00:00","twitter_card":"summary_large_image","twitter_misc":{"Tiempo de lectura":"5 minutos"},"schema":{"@context":"https:\/\/schema.org","@graph":[{"@type":"WebPage","@id":"https:\/\/pinkfrogs.it\/es\/organizacion\/","url":"https:\/\/pinkfrogs.it\/es\/organizacion\/","name":"Organizaci\u00f3n - Pink Frogs Cosmetics","isPartOf":{"@id":"https:\/\/pinkfrogs.it\/es\/#website"},"datePublished":"2023-08-08T09:37:05+00:00","dateModified":"2023-11-03T11:35:23+00:00","breadcrumb":{"@id":"https:\/\/pinkfrogs.it\/es\/organizacion\/#breadcrumb"},"inLanguage":"es","potentialAction":[{"@type":"ReadAction","target":["https:\/\/pinkfrogs.it\/es\/organizacion\/"]}]},{"@type":"BreadcrumbList","@id":"https:\/\/pinkfrogs.it\/es\/organizacion\/#breadcrumb","itemListElement":[{"@type":"ListItem","position":1,"name":"Home","item":"https:\/\/pinkfrogs.it\/es\/"},{"@type":"ListItem","position":2,"name":"Organizaci\u00f3n"}]},{"@type":"WebSite","@id":"https:\/\/pinkfrogs.it\/es\/#website","url":"https:\/\/pinkfrogs.it\/es\/","name":"Pink Frogs Cosmetics","description":"","potentialAction":[{"@type":"SearchAction","target":{"@type":"EntryPoint","urlTemplate":"https:\/\/pinkfrogs.it\/es\/?s={search_term_string}"},"query-input":"required name=search_term_string"}],"inLanguage":"es"}]}},"_links":{"self":[{"href":"https:\/\/pinkfrogs.it\/es\/wp-json\/wp\/v2\/pages\/3346","targetHints":{"allow":["GET"]}}],"collection":[{"href":"https:\/\/pinkfrogs.it\/es\/wp-json\/wp\/v2\/pages"}],"about":[{"href":"https:\/\/pinkfrogs.it\/es\/wp-json\/wp\/v2\/types\/page"}],"author":[{"embeddable":true,"href":"https:\/\/pinkfrogs.it\/es\/wp-json\/wp\/v2\/users\/1"}],"replies":[{"embeddable":true,"href":"https:\/\/pinkfrogs.it\/es\/wp-json\/wp\/v2\/comments?post=3346"}],"version-history":[{"count":1,"href":"https:\/\/pinkfrogs.it\/es\/wp-json\/wp\/v2\/pages\/3346\/revisions"}],"predecessor-version":[{"id":3352,"href":"https:\/\/pinkfrogs.it\/es\/wp-json\/wp\/v2\/pages\/3346\/revisions\/3352"}],"wp:attachment":[{"href":"https:\/\/pinkfrogs.it\/es\/wp-json\/wp\/v2\/media?parent=3346"}],"curies":[{"name":"wp","href":"https:\/\/api.w.org\/{rel}","templated":true}]}}