{"id":3305,"date":"2023-08-08T09:38:19","date_gmt":"2023-08-08T09:38:19","guid":{"rendered":"https:\/\/pinkfrogs.kifadesign.it\/v02\/calidad\/"},"modified":"2024-01-30T09:16:21","modified_gmt":"2024-01-30T09:16:21","slug":"calidad","status":"publish","type":"page","link":"https:\/\/pinkfrogs.it\/es\/calidad\/","title":{"rendered":"Calidad"},"content":{"rendered":"<section class=\"l-section wpb_row height_large color_primary with_img parallax_ver\"><div class=\"l-section-img\" role=\"img\" data-img-width=\"2400\" data-img-height=\"800\" style=\"background-image: url(https:\/\/pinkfrogs.it\/wp-content\/uploads\/2023\/10\/AZIENDA-La-qualita.jpg);background-repeat: no-repeat;\"><\/div><div class=\"l-section-overlay\" style=\"background:linear-gradient(0deg,rgba(235,124,162,0.45),rgba(56,56,56,0.3))\"><\/div><div class=\"l-section-h i-cf\"><div class=\"g-cols vc_row via_grid cols_1 laptops-cols_inherit tablets-cols_inherit mobiles-cols_1 valign_middle type_default stacking_default\"><div class=\"wpb_column vc_column_container\"><div class=\"vc_column-inner\"><h1 class=\"w-text us_custom_d2692c71\"><span class=\"w-text-h\"><span class=\"w-text-value\">Calidad<\/span><\/span><\/h1><div class=\"w-separator size_small\"><\/div><\/div><\/div><\/div><\/div><\/section><section class=\"l-section wpb_row us_custom_f5ed9809 height_medium\"><div class=\"l-section-h i-cf\"><div class=\"g-cols vc_row via_grid cols_1 laptops-cols_inherit tablets-cols_inherit mobiles-cols_1 valign_top type_default stacking_default\"><div class=\"wpb_column vc_column_container\"><div class=\"vc_column-inner\"><div class=\"wpb_text_column\"><div class=\"wpb_wrapper\"><p>Pink Frogs Cosmetics lleva 45 a\u00f1os siendo un socio industrial para el <strong>desarrollo<\/strong>, la <strong>producci\u00f3n<\/strong> y el <strong>envasado<\/strong> de las principales <strong>marcas de cosm\u00e9ticos italianas e internacionales<\/strong>.<\/p>\n<p>Como <strong>fabricante de cosm\u00e9ticos por contrato<\/strong>, caracterizados por altos niveles de calidad, seguridad y eficacia, nos comprometemos a mejorar constantemente nuestro trabajo.\u00a0Nuestro trabajo se gestiona escrupulosamente seg\u00fan normas y medidas de garant\u00eda y calidad. Un servicio preciso que marca la diferencia para nuestros clientes.<\/p>\n<p>A trav\u00e9s de <strong>Certiquality<\/strong>, Pink Frogs Cosmetics ha certificado su sistema de calidad seg\u00fan las <strong>normas ISO 9001, 22716, 14001<\/strong>.<\/p>\n<\/div><\/div><div class=\"w-separator size_large\"><\/div><div class=\"g-cols wpb_row via_grid cols_3 laptops-cols_inherit tablets-cols_inherit mobiles-cols_1 valign_top type_default stacking_default\" style=\"--gap:3rem;\"><div class=\"wpb_column vc_column_container us_custom_eb849559\"><div class=\"vc_column-inner\"><div class=\"w-image us_custom_3162ec6e align_center\"><div class=\"w-image-h\"><img loading=\"lazy\" decoding=\"async\" width=\"426\" height=\"426\" src=\"https:\/\/pinkfrogs.it\/wp-content\/uploads\/2023\/09\/Iso9001-2015.png\" class=\"attachment-large size-large\" alt=\"\" srcset=\"https:\/\/pinkfrogs.it\/wp-content\/uploads\/2023\/09\/Iso9001-2015.png 426w, https:\/\/pinkfrogs.it\/wp-content\/uploads\/2023\/09\/Iso9001-2015-300x300.png 300w, https:\/\/pinkfrogs.it\/wp-content\/uploads\/2023\/09\/Iso9001-2015-150x150.png 150w\" sizes=\"auto, (max-width: 426px) 100vw, 426px\" \/><\/div><\/div><h3 class=\"w-text us_custom_aedc6d51\"><span class=\"w-text-h\"><span class=\"w-text-value\">ISO 9001<\/span><\/span><\/h3><div class=\"wpb_text_column\"><div class=\"wpb_wrapper\"><p style=\"text-align: center;\"><span class=\"OYPEnA text-decoration-none text-strikethrough-none\">Reconocida internacionalmente, la norma de calidad ISO 9001 es un indicador indispensable para seguir una trayectoria de mejora continua en los Sistemas de Gesti\u00f3n de la Calidad.<\/span><\/p>\n<p style=\"text-align: center;\"><a href=\"https:\/\/pinkfrogs.it\/wp-content\/uploads\/2024\/01\/ISO9001_131023.pdf\">Haga clic aqu\u00ed<\/a> para ver el certificado emitido por Certiquality.<\/p>\n<\/div><\/div><\/div><\/div><div class=\"wpb_column vc_column_container\"><div class=\"vc_column-inner\"><div class=\"w-image us_custom_3162ec6e align_center\"><div class=\"w-image-h\"><img loading=\"lazy\" decoding=\"async\" width=\"426\" height=\"426\" src=\"https:\/\/pinkfrogs.it\/wp-content\/uploads\/2023\/09\/Iso22716-2007.png\" class=\"attachment-large size-large\" alt=\"\" srcset=\"https:\/\/pinkfrogs.it\/wp-content\/uploads\/2023\/09\/Iso22716-2007.png 426w, https:\/\/pinkfrogs.it\/wp-content\/uploads\/2023\/09\/Iso22716-2007-300x300.png 300w, https:\/\/pinkfrogs.it\/wp-content\/uploads\/2023\/09\/Iso22716-2007-150x150.png 150w\" sizes=\"auto, (max-width: 426px) 100vw, 426px\" \/><\/div><\/div><h3 class=\"w-text us_custom_aedc6d51\"><span class=\"w-text-h\"><span class=\"w-text-value\">ISO 22716<\/span><\/span><\/h3><div class=\"wpb_text_column\"><div class=\"wpb_wrapper\"><p style=\"text-align: center;\">Las Buenas Pr\u00e1cticas de Fabricaci\u00f3n (BPF) son una constante fundamental en nuestro trabajo.<\/p>\n<p style=\"text-align: center;\"><a href=\"https:\/\/pinkfrogs.it\/wp-content\/uploads\/2024\/01\/ISO-22716-60857_091023.pdf\">Haga clic aqu\u00ed<\/a> para ver el certificado emitido por Certiquality.<\/p>\n<\/div><\/div><\/div><\/div><div class=\"wpb_column vc_column_container\"><div class=\"vc_column-inner\"><div class=\"w-image us_custom_3162ec6e align_center\"><div class=\"w-image-h\"><img loading=\"lazy\" decoding=\"async\" width=\"426\" height=\"426\" src=\"https:\/\/pinkfrogs.it\/wp-content\/uploads\/2023\/09\/Iso14001-2015.png\" class=\"attachment-large size-large\" alt=\"\" srcset=\"https:\/\/pinkfrogs.it\/wp-content\/uploads\/2023\/09\/Iso14001-2015.png 426w, https:\/\/pinkfrogs.it\/wp-content\/uploads\/2023\/09\/Iso14001-2015-300x300.png 300w, https:\/\/pinkfrogs.it\/wp-content\/uploads\/2023\/09\/Iso14001-2015-150x150.png 150w\" sizes=\"auto, (max-width: 426px) 100vw, 426px\" \/><\/div><\/div><h3 class=\"w-text us_custom_aedc6d51\"><span class=\"w-text-h\"><span class=\"w-text-value\">ISO 14001<\/span><\/span><\/h3><div class=\"wpb_text_column\"><div class=\"wpb_wrapper\"><p style=\"text-align: center;\">Para apoyar nuestro plan de sostenibilidad, tambi\u00e9n obtuvimos la certificaci\u00f3n ISO 14001 para evaluar nuestra gesti\u00f3n medioambiental.<\/p>\n<p style=\"text-align: center;\"><a href=\"https:\/\/pinkfrogs.it\/wp-content\/uploads\/2024\/01\/ISO-140001-19857_311023.pdf\">Haga clic aqu\u00ed<\/a> para ver el certificado emitido por Certiquality.<\/p>\n<\/div><\/div><\/div><\/div><\/div><div class=\"w-separator size_huge\"><\/div><\/div><\/div><\/div><\/div><\/section>\n","protected":false},"excerpt":{"rendered":"CalidadPink Frogs Cosmetics lleva 45 a\u00f1os siendo un socio industrial para el desarrollo, la producci\u00f3n y el envasado de las principales marcas de cosm\u00e9ticos italianas e internacionales. Como fabricante de cosm\u00e9ticos por contrato, caracterizados por altos niveles de calidad, seguridad y eficacia, nos comprometemos a mejorar constantemente nuestro trabajo.\u00a0Nuestro trabajo se gestiona escrupulosamente seg\u00fan normas...","protected":false},"author":1,"featured_media":0,"parent":0,"menu_order":0,"comment_status":"closed","ping_status":"closed","template":"","meta":{"footnotes":""},"class_list":["post-3305","page","type-page","status-publish","hentry"],"acf":[],"yoast_head":"<!-- This site is optimized with the Yoast SEO plugin v21.5 - https:\/\/yoast.com\/wordpress\/plugins\/seo\/ -->\n<title>Calidad - Pink Frogs Cosmetics<\/title>\n<meta name=\"robots\" content=\"index, follow, max-snippet:-1, max-image-preview:large, max-video-preview:-1\" \/>\n<link rel=\"canonical\" href=\"https:\/\/pinkfrogs.it\/es\/calidad\/\" \/>\n<meta property=\"og:locale\" content=\"es_ES\" \/>\n<meta property=\"og:type\" content=\"article\" \/>\n<meta property=\"og:title\" content=\"Calidad - Pink Frogs Cosmetics\" \/>\n<meta property=\"og:url\" content=\"https:\/\/pinkfrogs.it\/es\/calidad\/\" \/>\n<meta property=\"og:site_name\" content=\"Pink Frogs Cosmetics\" \/>\n<meta property=\"article:modified_time\" content=\"2024-01-30T09:16:21+00:00\" \/>\n<meta name=\"twitter:card\" content=\"summary_large_image\" \/>\n<meta name=\"twitter:label1\" content=\"Tiempo de lectura\" \/>\n\t<meta name=\"twitter:data1\" content=\"2 minutos\" \/>\n<script type=\"application\/ld+json\" class=\"yoast-schema-graph\">{\"@context\":\"https:\/\/schema.org\",\"@graph\":[{\"@type\":\"WebPage\",\"@id\":\"https:\/\/pinkfrogs.it\/es\/calidad\/\",\"url\":\"https:\/\/pinkfrogs.it\/es\/calidad\/\",\"name\":\"Calidad - Pink Frogs Cosmetics\",\"isPartOf\":{\"@id\":\"https:\/\/pinkfrogs.it\/es\/#website\"},\"datePublished\":\"2023-08-08T09:38:19+00:00\",\"dateModified\":\"2024-01-30T09:16:21+00:00\",\"breadcrumb\":{\"@id\":\"https:\/\/pinkfrogs.it\/es\/calidad\/#breadcrumb\"},\"inLanguage\":\"es\",\"potentialAction\":[{\"@type\":\"ReadAction\",\"target\":[\"https:\/\/pinkfrogs.it\/es\/calidad\/\"]}]},{\"@type\":\"BreadcrumbList\",\"@id\":\"https:\/\/pinkfrogs.it\/es\/calidad\/#breadcrumb\",\"itemListElement\":[{\"@type\":\"ListItem\",\"position\":1,\"name\":\"Home\",\"item\":\"https:\/\/pinkfrogs.it\/es\/\"},{\"@type\":\"ListItem\",\"position\":2,\"name\":\"Calidad\"}]},{\"@type\":\"WebSite\",\"@id\":\"https:\/\/pinkfrogs.it\/es\/#website\",\"url\":\"https:\/\/pinkfrogs.it\/es\/\",\"name\":\"Pink Frogs Cosmetics\",\"description\":\"\",\"potentialAction\":[{\"@type\":\"SearchAction\",\"target\":{\"@type\":\"EntryPoint\",\"urlTemplate\":\"https:\/\/pinkfrogs.it\/es\/?s={search_term_string}\"},\"query-input\":\"required name=search_term_string\"}],\"inLanguage\":\"es\"}]}<\/script>\n<!-- \/ Yoast SEO plugin. -->","yoast_head_json":{"title":"Calidad - Pink Frogs Cosmetics","robots":{"index":"index","follow":"follow","max-snippet":"max-snippet:-1","max-image-preview":"max-image-preview:large","max-video-preview":"max-video-preview:-1"},"canonical":"https:\/\/pinkfrogs.it\/es\/calidad\/","og_locale":"es_ES","og_type":"article","og_title":"Calidad - Pink Frogs Cosmetics","og_url":"https:\/\/pinkfrogs.it\/es\/calidad\/","og_site_name":"Pink Frogs Cosmetics","article_modified_time":"2024-01-30T09:16:21+00:00","twitter_card":"summary_large_image","twitter_misc":{"Tiempo de lectura":"2 minutos"},"schema":{"@context":"https:\/\/schema.org","@graph":[{"@type":"WebPage","@id":"https:\/\/pinkfrogs.it\/es\/calidad\/","url":"https:\/\/pinkfrogs.it\/es\/calidad\/","name":"Calidad - Pink Frogs Cosmetics","isPartOf":{"@id":"https:\/\/pinkfrogs.it\/es\/#website"},"datePublished":"2023-08-08T09:38:19+00:00","dateModified":"2024-01-30T09:16:21+00:00","breadcrumb":{"@id":"https:\/\/pinkfrogs.it\/es\/calidad\/#breadcrumb"},"inLanguage":"es","potentialAction":[{"@type":"ReadAction","target":["https:\/\/pinkfrogs.it\/es\/calidad\/"]}]},{"@type":"BreadcrumbList","@id":"https:\/\/pinkfrogs.it\/es\/calidad\/#breadcrumb","itemListElement":[{"@type":"ListItem","position":1,"name":"Home","item":"https:\/\/pinkfrogs.it\/es\/"},{"@type":"ListItem","position":2,"name":"Calidad"}]},{"@type":"WebSite","@id":"https:\/\/pinkfrogs.it\/es\/#website","url":"https:\/\/pinkfrogs.it\/es\/","name":"Pink Frogs Cosmetics","description":"","potentialAction":[{"@type":"SearchAction","target":{"@type":"EntryPoint","urlTemplate":"https:\/\/pinkfrogs.it\/es\/?s={search_term_string}"},"query-input":"required name=search_term_string"}],"inLanguage":"es"}]}},"_links":{"self":[{"href":"https:\/\/pinkfrogs.it\/es\/wp-json\/wp\/v2\/pages\/3305","targetHints":{"allow":["GET"]}}],"collection":[{"href":"https:\/\/pinkfrogs.it\/es\/wp-json\/wp\/v2\/pages"}],"about":[{"href":"https:\/\/pinkfrogs.it\/es\/wp-json\/wp\/v2\/types\/page"}],"author":[{"embeddable":true,"href":"https:\/\/pinkfrogs.it\/es\/wp-json\/wp\/v2\/users\/1"}],"replies":[{"embeddable":true,"href":"https:\/\/pinkfrogs.it\/es\/wp-json\/wp\/v2\/comments?post=3305"}],"version-history":[{"count":5,"href":"https:\/\/pinkfrogs.it\/es\/wp-json\/wp\/v2\/pages\/3305\/revisions"}],"predecessor-version":[{"id":6368,"href":"https:\/\/pinkfrogs.it\/es\/wp-json\/wp\/v2\/pages\/3305\/revisions\/6368"}],"wp:attachment":[{"href":"https:\/\/pinkfrogs.it\/es\/wp-json\/wp\/v2\/media?parent=3305"}],"curies":[{"name":"wp","href":"https:\/\/api.w.org\/{rel}","templated":true}]}}