{"id":3294,"date":"2023-08-08T09:34:13","date_gmt":"2023-08-08T09:34:13","guid":{"rendered":"https:\/\/pinkfrogs.kifadesign.it\/v02\/historia\/"},"modified":"2025-08-27T09:47:58","modified_gmt":"2025-08-27T09:47:58","slug":"historia","status":"publish","type":"page","link":"https:\/\/pinkfrogs.it\/es\/historia\/","title":{"rendered":"Historia"},"content":{"rendered":"<section class=\"l-section wpb_row height_large color_primary with_img parallax_ver\"><div class=\"l-section-img\" role=\"img\" data-img-width=\"2400\" data-img-height=\"800\" style=\"background-image: url(https:\/\/pinkfrogs.it\/wp-content\/uploads\/2023\/10\/AZIENDA-La-Storia.jpg);background-repeat: no-repeat;\"><\/div><div class=\"l-section-overlay\" style=\"background:linear-gradient(0deg,rgba(235,124,162,0.45),rgba(56,56,56,0.3))\"><\/div><div class=\"l-section-h i-cf\"><div class=\"g-cols vc_row via_grid cols_1 laptops-cols_inherit tablets-cols_inherit mobiles-cols_1 valign_middle type_default stacking_default\"><div class=\"wpb_column vc_column_container\"><div class=\"vc_column-inner\"><h1 class=\"w-text us_custom_06a2e8f9\"><span class=\"w-text-h\"><span class=\"w-text-value\">Historia<\/span><\/span><\/h1><div class=\"w-separator size_small\"><\/div><\/div><\/div><\/div><\/div><\/section><section class=\"l-section wpb_row us_custom_f5ed9809 height_medium\"><div class=\"l-section-h i-cf\"><div class=\"g-cols vc_row via_grid cols_1 laptops-cols_inherit tablets-cols_inherit mobiles-cols_1 valign_top type_default stacking_default\"><div class=\"wpb_column vc_column_container\"><div class=\"vc_column-inner\"><div class=\"g-cols wpb_row via_grid cols_1-2 laptops-cols_inherit tablets-cols_inherit mobiles-cols_1 valign_top type_default stacking_default\" style=\"--gap:3rem;\"><div class=\"wpb_column vc_column_container\"><div class=\"vc_column-inner\"><div class=\"w-image us_custom_70cfe74d has_ratio align_none\"><div class=\"w-image-h\"><div style=\"padding-bottom:150%\"><\/div><img loading=\"lazy\" decoding=\"async\" width=\"723\" height=\"1023\" src=\"https:\/\/pinkfrogs.it\/wp-content\/uploads\/2023\/09\/scuola-colore-1-1.png\" class=\"attachment-full size-full\" alt=\"\" srcset=\"https:\/\/pinkfrogs.it\/wp-content\/uploads\/2023\/09\/scuola-colore-1-1.png 723w, https:\/\/pinkfrogs.it\/wp-content\/uploads\/2023\/09\/scuola-colore-1-1-212x300.png 212w\" sizes=\"auto, (max-width: 723px) 100vw, 723px\" \/><\/div><\/div><\/div><\/div><div class=\"wpb_column vc_column_container\"><div class=\"vc_column-inner\"><h2 class=\"w-text us_custom_1f257949\"><span class=\"w-text-h\"><span class=\"w-text-value\">Una evoluci\u00f3n continua entre investigaci\u00f3n y belleza<\/span><\/span><\/h2><div class=\"wpb_text_column\"><div class=\"wpb_wrapper\"><p>Pink Frogs Cosmetics Srl es una empresa especializada en la <strong>producci\u00f3n de cosm\u00e9ticos para<\/strong> terceros, fundada en 1979 como consolidaci\u00f3n de una empresa familiar establecida ya en 1939.<br \/>\nCentrados inicialmente en <strong>tratamientos para el cuidado del cabello<\/strong>, con el tiempo, la continua evoluci\u00f3n nos ha llevado a aumentar nuestra capacidad de producci\u00f3n y nuestra experiencia, ampliando nuestra competencia en todo el \u00e1mbito de la \u00abcosm\u00e9tica blanca\u00bb.<\/p>\n<\/div><\/div><div class=\"w-separator size_small\"><\/div><div class=\"w-hwrapper hide_on_tablets hide_on_mobiles valign_bottom align_none\" style=\"--hwrapper-gap:2rem\"><div class=\"w-image us_custom_70cfe74d has_ratio align_none\"><div class=\"w-image-h\"><div style=\"padding-bottom:133.3333%\"><\/div><img loading=\"lazy\" decoding=\"async\" width=\"502\" height=\"724\" src=\"https:\/\/pinkfrogs.it\/wp-content\/uploads\/2023\/09\/Locandina-Locatelli.png\" class=\"attachment-full size-full\" alt=\"\" srcset=\"https:\/\/pinkfrogs.it\/wp-content\/uploads\/2023\/09\/Locandina-Locatelli.png 502w, https:\/\/pinkfrogs.it\/wp-content\/uploads\/2023\/09\/Locandina-Locatelli-208x300.png 208w\" sizes=\"auto, (max-width: 502px) 100vw, 502px\" \/><\/div><\/div><div class=\"w-image us_custom_70cfe74d has_ratio align_none\"><div class=\"w-image-h\"><div style=\"padding-bottom:75%\"><\/div><img loading=\"lazy\" decoding=\"async\" width=\"961\" height=\"709\" src=\"https:\/\/pinkfrogs.it\/wp-content\/uploads\/2023\/09\/Nonna-con-Parrucchiere.png\" class=\"attachment-full size-full\" alt=\"\" srcset=\"https:\/\/pinkfrogs.it\/wp-content\/uploads\/2023\/09\/Nonna-con-Parrucchiere.png 961w, https:\/\/pinkfrogs.it\/wp-content\/uploads\/2023\/09\/Nonna-con-Parrucchiere-300x221.png 300w\" sizes=\"auto, (max-width: 961px) 100vw, 961px\" \/><\/div><\/div><div class=\"w-image us_custom_70cfe74d has_ratio align_none\"><div class=\"w-image-h\"><div style=\"padding-bottom:75%\"><\/div><img loading=\"lazy\" decoding=\"async\" width=\"576\" height=\"413\" src=\"https:\/\/pinkfrogs.it\/wp-content\/uploads\/2023\/09\/Anni-90.png\" class=\"attachment-full size-full\" alt=\"\" srcset=\"https:\/\/pinkfrogs.it\/wp-content\/uploads\/2023\/09\/Anni-90.png 576w, https:\/\/pinkfrogs.it\/wp-content\/uploads\/2023\/09\/Anni-90-300x215.png 300w\" sizes=\"auto, (max-width: 576px) 100vw, 576px\" \/><\/div><\/div><\/div><div class=\"w-image us_custom_70cfe74d hide_on_default hide_on_laptops has_ratio align_none\"><div class=\"w-image-h\"><div style=\"padding-bottom:133.3333%\"><\/div><img loading=\"lazy\" decoding=\"async\" width=\"502\" height=\"724\" src=\"https:\/\/pinkfrogs.it\/wp-content\/uploads\/2023\/09\/Locandina-Locatelli.png\" class=\"attachment-full size-full\" alt=\"\" srcset=\"https:\/\/pinkfrogs.it\/wp-content\/uploads\/2023\/09\/Locandina-Locatelli.png 502w, https:\/\/pinkfrogs.it\/wp-content\/uploads\/2023\/09\/Locandina-Locatelli-208x300.png 208w\" sizes=\"auto, (max-width: 502px) 100vw, 502px\" \/><\/div><\/div><div class=\"w-separator hide_on_default hide_on_laptops size_small\"><\/div><div class=\"w-image us_custom_70cfe74d hide_on_default hide_on_laptops has_ratio align_none\"><div class=\"w-image-h\"><div style=\"padding-bottom:75%\"><\/div><img loading=\"lazy\" decoding=\"async\" width=\"961\" height=\"709\" src=\"https:\/\/pinkfrogs.it\/wp-content\/uploads\/2023\/09\/Nonna-con-Parrucchiere.png\" class=\"attachment-full size-full\" alt=\"\" srcset=\"https:\/\/pinkfrogs.it\/wp-content\/uploads\/2023\/09\/Nonna-con-Parrucchiere.png 961w, https:\/\/pinkfrogs.it\/wp-content\/uploads\/2023\/09\/Nonna-con-Parrucchiere-300x221.png 300w\" sizes=\"auto, (max-width: 961px) 100vw, 961px\" \/><\/div><\/div><div class=\"w-separator hide_on_default hide_on_laptops size_small\"><\/div><div class=\"w-image us_custom_70cfe74d hide_on_default hide_on_laptops has_ratio align_none\"><div class=\"w-image-h\"><div style=\"padding-bottom:75%\"><\/div><img loading=\"lazy\" decoding=\"async\" width=\"576\" height=\"413\" src=\"https:\/\/pinkfrogs.it\/wp-content\/uploads\/2023\/09\/Anni-90.png\" class=\"attachment-full size-full\" alt=\"\" srcset=\"https:\/\/pinkfrogs.it\/wp-content\/uploads\/2023\/09\/Anni-90.png 576w, https:\/\/pinkfrogs.it\/wp-content\/uploads\/2023\/09\/Anni-90-300x215.png 300w\" sizes=\"auto, (max-width: 576px) 100vw, 576px\" \/><\/div><\/div><\/div><\/div><\/div><\/div><\/div><\/div><\/div><\/section><section class=\"l-section wpb_row height_medium\"><div class=\"l-section-h i-cf\"><div class=\"g-cols vc_row via_grid cols_2-1 laptops-cols_inherit tablets-cols_inherit mobiles-cols_1 valign_top type_default stacking_default\"><div class=\"wpb_column vc_column_container\"><div class=\"vc_column-inner\"><h2 class=\"w-text us_custom_1f257949\"><span class=\"w-text-h\"><span class=\"w-text-value\">Nace Pink Frogs<\/span><\/span><\/h2><div class=\"wpb_text_column\"><div class=\"wpb_wrapper\"><p>1979 \u2013 Estamos ahora en la segunda generaci\u00f3n: el hijo, Roberto Locatelli, compra una nave industrial para complementar la producci\u00f3n de los productos Locatelli con una operaci\u00f3n de fabricaci\u00f3n por contrato a mayor escala.<\/p>\n<p>Nace Pink Frogs: una marca elegante creada a finales de la d\u00e9cada de 1970 para una l\u00ednea de productos tricol\u00f3gicos. Los colores vivos, t\u00edpicos de la \u00e9poca, dieron lugar a un logotipo extravagante elegido espec\u00edficamente como elemento distintivo de aquellos a\u00f1os.<\/p>\n<p>M\u00e1s tarde, las ranas rosas desaparecieron del logotipo, pero el nombre Pink Frogs se mantuvo, consolidando la experiencia en la fabricaci\u00f3n por contrato de cosm\u00e9ticos.<\/p>\n<p>Inicialmente centrada en los tratamientos para el cuidado del cabello, con el tiempo, la empresa evolucion\u00f3, aumentando su capacidad de producci\u00f3n y su experiencia, hasta ampliar sus competencias a todos los \u00abcosm\u00e9ticos blancos\u00bb.<\/p>\n<\/div><\/div><\/div><\/div><div class=\"wpb_column vc_column_container\"><div class=\"vc_column-inner\"><div class=\"w-image us_custom_70cfe74d has_ratio align_none\"><div class=\"w-image-h\"><div style=\"padding-bottom:66.6667%\"><\/div><img loading=\"lazy\" decoding=\"async\" width=\"1121\" height=\"656\" src=\"https:\/\/pinkfrogs.it\/wp-content\/uploads\/2023\/09\/LOGO-PINK-1979.png\" class=\"attachment-full size-full\" alt=\"\" srcset=\"https:\/\/pinkfrogs.it\/wp-content\/uploads\/2023\/09\/LOGO-PINK-1979.png 1121w, https:\/\/pinkfrogs.it\/wp-content\/uploads\/2023\/09\/LOGO-PINK-1979-300x176.png 300w, https:\/\/pinkfrogs.it\/wp-content\/uploads\/2023\/09\/LOGO-PINK-1979-1024x599.png 1024w\" sizes=\"auto, (max-width: 1121px) 100vw, 1121px\" \/><\/div><\/div><\/div><\/div><\/div><\/div><\/section><section class=\"l-section wpb_row height_medium\"><div class=\"l-section-h i-cf\"><div class=\"g-cols vc_row via_grid cols_1-2 laptops-cols_inherit tablets-cols_inherit mobiles-cols_1 valign_top type_default stacking_default\"><div class=\"wpb_column vc_column_container\"><div class=\"vc_column-inner\"><div class=\"w-image us_custom_70cfe74d has_ratio align_none\"><div class=\"w-image-h\"><div style=\"padding-bottom:133.3333%\"><\/div><img loading=\"lazy\" decoding=\"async\" width=\"693\" height=\"800\" src=\"https:\/\/pinkfrogs.it\/wp-content\/uploads\/2023\/09\/Matteo-2018-ok-e1528275051790-693x800-1.jpeg\" class=\"attachment-full size-full\" alt=\"\" srcset=\"https:\/\/pinkfrogs.it\/wp-content\/uploads\/2023\/09\/Matteo-2018-ok-e1528275051790-693x800-1.jpeg 693w, https:\/\/pinkfrogs.it\/wp-content\/uploads\/2023\/09\/Matteo-2018-ok-e1528275051790-693x800-1-260x300.jpeg 260w\" sizes=\"auto, (max-width: 693px) 100vw, 693px\" \/><\/div><\/div><\/div><\/div><div class=\"wpb_column vc_column_container\"><div class=\"vc_column-inner\"><h2 class=\"w-text us_custom_1f257949\"><span class=\"w-text-h\"><span class=\"w-text-value\">Matteo Locatelli: tercera generaci\u00f3n<\/span><\/span><\/h2><div class=\"wpb_text_column\"><div class=\"wpb_wrapper\"><p>En 1996, la tercera generaci\u00f3n tom\u00f3 el relevo, lo que supuso un nuevo punto de inflexi\u00f3n para la empresa: la llegada de Matteo Locatelli, bi\u00f3logo y actual director general de la empresa, marc\u00f3 el comienzo de un nuevo cap\u00edtulo en su historia, ampliando sus actividades al extranjero.<\/p>\n<p>Pink Frogs cuenta ahora con dos laboratorios de investigaci\u00f3n y desarrollo que crean m\u00e1s de 300 f\u00f3rmulas nuevas al a\u00f1o y aumenta exponencialmente su producci\u00f3n diversificando sus competencias, consolid\u00e1ndose en los sectores del cuidado de la piel, el cuidado del cabello y los dispositivos m\u00e9dicos.<\/p>\n<p>El logotipo de la empresa se actualiza en su dise\u00f1o gr\u00e1fico:<\/p>\n<p>&nbsp;<\/p>\n<p><img loading=\"lazy\" decoding=\"async\" class=\"alignnone wp-image-8723\" src=\"https:\/\/pinkfrogs.it\/wp-content\/uploads\/2024\/05\/00-Logo-Pink-300x82.png\" alt=\"\" width=\"234\" height=\"64\" srcset=\"https:\/\/pinkfrogs.it\/wp-content\/uploads\/2024\/05\/00-Logo-Pink-300x82.png 300w, https:\/\/pinkfrogs.it\/wp-content\/uploads\/2024\/05\/00-Logo-Pink-1024x279.png 1024w, https:\/\/pinkfrogs.it\/wp-content\/uploads\/2024\/05\/00-Logo-Pink.png 1983w\" sizes=\"auto, (max-width: 234px) 100vw, 234px\" \/><\/p>\n<\/div><\/div><\/div><\/div><\/div><\/div><\/section><section class=\"l-section wpb_row height_medium\"><div class=\"l-section-h i-cf\"><div class=\"g-cols vc_row via_grid cols_1-2 laptops-cols_inherit tablets-cols_inherit mobiles-cols_1 valign_top type_default stacking_default\"><div class=\"wpb_column vc_column_container\"><div class=\"vc_column-inner\"><div class=\"w-image us_custom_70cfe74d has_ratio align_none\"><div class=\"w-image-h\"><div style=\"padding-bottom:133.3333%\"><\/div><img loading=\"lazy\" decoding=\"async\" width=\"800\" height=\"600\" src=\"https:\/\/pinkfrogs.it\/wp-content\/uploads\/2024\/05\/IMMAGINI-SITO-RETT-800x600-2.png\" class=\"attachment-full size-full\" alt=\"\" srcset=\"https:\/\/pinkfrogs.it\/wp-content\/uploads\/2024\/05\/IMMAGINI-SITO-RETT-800x600-2.png 800w, https:\/\/pinkfrogs.it\/wp-content\/uploads\/2024\/05\/IMMAGINI-SITO-RETT-800x600-2-300x225.png 300w\" sizes=\"auto, (max-width: 800px) 100vw, 800px\" \/><\/div><\/div><\/div><\/div><div class=\"wpb_column vc_column_container\"><div class=\"vc_column-inner\"><h2 class=\"w-text us_custom_1f257949\"><span class=\"w-text-h\"><span class=\"w-text-value\">Celebraci\u00f3n de los 40 a\u00f1os<\/span><\/span><\/h2><div class=\"wpb_text_column\"><div class=\"wpb_wrapper\"><p>El 24 de mayo de 2019, Pink Frogs celebra sus primeros 40 a\u00f1os de actividad en el espl\u00e9ndido escenario de los Bagni Misteriosi de Mil\u00e1n. Con motivo de la celebraci\u00f3n, Matteo Locatelli anuncia su adhesi\u00f3n, como colaborador, a la organizaci\u00f3n sin \u00e1nimo de lucro La Forza e il sorriso, y presenta el \u00faltimo Informe de Sostenibilidad certificado seg\u00fan el sistema internacional GRI (Global Reporting Initiative), destacando la singularidad de ser la primera PYME italiana del sector cosm\u00e9tico en obtener dicha certificaci\u00f3n.<\/p>\n<\/div><\/div><\/div><\/div><\/div><\/div><\/section><section class=\"l-section wpb_row height_medium\"><div class=\"l-section-h i-cf\"><div class=\"g-cols vc_row via_grid cols_1-2 laptops-cols_inherit tablets-cols_inherit mobiles-cols_1 valign_top type_default stacking_default\"><div class=\"wpb_column vc_column_container\"><div class=\"vc_column-inner\"><div class=\"w-image us_custom_70cfe74d has_ratio align_none\"><div class=\"w-image-h\"><div style=\"padding-bottom:133.3333%\"><\/div><img loading=\"lazy\" decoding=\"async\" width=\"800\" height=\"800\" src=\"https:\/\/pinkfrogs.it\/wp-content\/uploads\/2024\/05\/IMMAGINI-SITO-1.jpg\" class=\"attachment-full size-full\" alt=\"\" srcset=\"https:\/\/pinkfrogs.it\/wp-content\/uploads\/2024\/05\/IMMAGINI-SITO-1.jpg 800w, https:\/\/pinkfrogs.it\/wp-content\/uploads\/2024\/05\/IMMAGINI-SITO-1-300x300.jpg 300w, https:\/\/pinkfrogs.it\/wp-content\/uploads\/2024\/05\/IMMAGINI-SITO-1-150x150.jpg 150w\" sizes=\"auto, (max-width: 800px) 100vw, 800px\" \/><\/div><\/div><\/div><\/div><div class=\"wpb_column vc_column_container\"><div class=\"vc_column-inner\"><h2 class=\"w-text us_custom_1f257949\"><span class=\"w-text-h\"><span class=\"w-text-value\">2023: Empresa de beneficio social<\/span><\/span><\/h2><div class=\"wpb_text_column\"><div class=\"wpb_wrapper\"><p>En 2023, Pink Frogs S.r.l. se convirti\u00f3 en una empresa de beneficio social: el compromiso de la empresa con la b\u00fasqueda de fines de beneficio com\u00fan en el ejercicio de su actividad econ\u00f3mica se hizo oficial en sus estatutos. Un paso m\u00e1s que confirma y contin\u00faa nuestro camino hacia la sostenibilidad.<\/p>\n<p>Con motivo de ello, el logotipo adquiere un nuevo aspecto gr\u00e1fico: un solo color y formas m\u00e1s redondeadas:<\/p>\n<p>&nbsp;<\/p>\n<p><img loading=\"lazy\" decoding=\"async\" class=\"alignnone wp-image-8728\" src=\"https:\/\/pinkfrogs.it\/wp-content\/uploads\/2024\/05\/00-Logo-2023-scontornato-300x87.png\" alt=\"\" width=\"238\" height=\"69\" srcset=\"https:\/\/pinkfrogs.it\/wp-content\/uploads\/2024\/05\/00-Logo-2023-scontornato-300x87.png 300w, https:\/\/pinkfrogs.it\/wp-content\/uploads\/2024\/05\/00-Logo-2023-scontornato-1024x296.png 1024w, https:\/\/pinkfrogs.it\/wp-content\/uploads\/2024\/05\/00-Logo-2023-scontornato-350x100.png 350w\" sizes=\"auto, (max-width: 238px) 100vw, 238px\" \/><\/p>\n<\/div><\/div><\/div><\/div><\/div><\/div><\/section><section class=\"l-section wpb_row height_medium\"><div class=\"l-section-h i-cf\"><div class=\"g-cols vc_row via_grid cols_1-2 laptops-cols_inherit tablets-cols_inherit mobiles-cols_1 valign_top type_default stacking_default\"><div class=\"wpb_column vc_column_container\"><div class=\"vc_column-inner\"><div class=\"w-image us_custom_70cfe74d has_ratio align_none\"><div class=\"w-image-h\"><div style=\"padding-bottom:133.3333%\"><\/div><img loading=\"lazy\" decoding=\"async\" width=\"800\" height=\"800\" src=\"https:\/\/pinkfrogs.it\/wp-content\/uploads\/2024\/05\/DEF-Rane-45-10.png\" class=\"attachment-full size-full\" alt=\"\" srcset=\"https:\/\/pinkfrogs.it\/wp-content\/uploads\/2024\/05\/DEF-Rane-45-10.png 800w, https:\/\/pinkfrogs.it\/wp-content\/uploads\/2024\/05\/DEF-Rane-45-10-300x300.png 300w, https:\/\/pinkfrogs.it\/wp-content\/uploads\/2024\/05\/DEF-Rane-45-10-150x150.png 150w\" sizes=\"auto, (max-width: 800px) 100vw, 800px\" \/><\/div><\/div><\/div><\/div><div class=\"wpb_column vc_column_container\"><div class=\"vc_column-inner\"><h2 class=\"w-text us_custom_1f257949\"><span class=\"w-text-h\"><span class=\"w-text-value\">45 aniversario<\/span><\/span><\/h2><div class=\"wpb_text_column\"><div class=\"wpb_wrapper\"><p>El 16 de mayo de 2024, Pink Frogs Cosmetics celebra 45 a\u00f1os en el sector. Gracias al crecimiento continuo en t\u00e9rminos de n\u00famero de clientes, volumen de negocios, piezas producidas y n\u00famero de empleados, la empresa se posiciona como uno de los principales fabricantes de cosm\u00e9ticos por contrato en el panorama italiano.<\/p>\n<p>Hasta la fecha, desarrollamos m\u00e1s de 480 f\u00f3rmulas al a\u00f1o en nuestros laboratorios de investigaci\u00f3n y desarrollo de cosm\u00e9ticos, y en nuestras unidades de producci\u00f3n se fabrican m\u00e1s de 30 millones de productos cosm\u00e9ticos y alrededor de 14 millones de mini frascos de perfume.<\/p>\n<\/div><\/div><\/div><\/div><\/div><\/div><\/section><section class=\"l-section wpb_row height_medium\"><div class=\"l-section-h i-cf\"><div class=\"g-cols vc_row via_grid cols_1-2 laptops-cols_inherit tablets-cols_inherit mobiles-cols_1 valign_top type_default stacking_default\"><div class=\"wpb_column vc_column_container\"><div class=\"vc_column-inner\"><div class=\"w-image us_custom_70cfe74d has_ratio align_none\"><div class=\"w-image-h\"><div style=\"padding-bottom:133.3333%\"><\/div><img loading=\"lazy\" decoding=\"async\" width=\"400\" height=\"400\" src=\"https:\/\/pinkfrogs.it\/wp-content\/uploads\/2025\/07\/Dubai.jpg\" class=\"attachment-full size-full\" alt=\"\" srcset=\"https:\/\/pinkfrogs.it\/wp-content\/uploads\/2025\/07\/Dubai.jpg 400w, https:\/\/pinkfrogs.it\/wp-content\/uploads\/2025\/07\/Dubai-300x300.jpg 300w, https:\/\/pinkfrogs.it\/wp-content\/uploads\/2025\/07\/Dubai-150x150.jpg 150w\" sizes=\"auto, (max-width: 400px) 100vw, 400px\" \/><\/div><\/div><\/div><\/div><div class=\"wpb_column vc_column_container\"><div class=\"vc_column-inner\"><h2 class=\"w-text us_custom_1f257949\"><span class=\"w-text-h\"><span class=\"w-text-value\">Expansi\u00f3n en los mercados del CCG<\/span><\/span><\/h2><div class=\"wpb_text_column\"><div class=\"wpb_wrapper\"><p>En 2024, Pink Frogs Cosmetics dio un importante paso adelante en su estrategia de crecimiento internacional al iniciar su expansi\u00f3n comercial en los pa\u00edses del Golfo.<\/p>\n<p>Para prestar un mejor apoyo a sus socios locales, Pink Frogs Cosmetics tambi\u00e9n estableci\u00f3 una presencia directa en la zona con un representante comercial en Dub\u00e1i, un centro estrat\u00e9gico para todo el mercado del CCG.<\/p>\n<\/div><\/div><\/div><\/div><\/div><\/div><\/section><section class=\"l-section wpb_row height_small\"><div class=\"l-section-h i-cf\"><div class=\"g-cols vc_row via_grid cols_1 laptops-cols_inherit tablets-cols_inherit mobiles-cols_1 valign_top type_default stacking_default\"><div class=\"wpb_column vc_column_container\"><div class=\"vc_column-inner\"><\/div><\/div><\/div><\/div><\/section>\n","protected":false},"excerpt":{"rendered":"HistoriaUna evoluci\u00f3n continua entre investigaci\u00f3n y bellezaPink Frogs Cosmetics Srl es una empresa especializada en la producci\u00f3n de cosm\u00e9ticos para terceros, fundada en 1979 como consolidaci\u00f3n de una empresa familiar establecida ya en 1939. Centrados inicialmente en tratamientos para el cuidado del cabello, con el tiempo, la continua evoluci\u00f3n nos ha llevado a aumentar nuestra...","protected":false},"author":1,"featured_media":8652,"parent":0,"menu_order":0,"comment_status":"closed","ping_status":"closed","template":"","meta":{"footnotes":""},"class_list":["post-3294","page","type-page","status-publish","has-post-thumbnail","hentry"],"acf":[],"yoast_head":"<!-- This site is optimized with the Yoast SEO plugin v21.5 - https:\/\/yoast.com\/wordpress\/plugins\/seo\/ -->\n<title>Historia - Pink Frogs Cosmetics<\/title>\n<meta name=\"robots\" content=\"index, follow, max-snippet:-1, max-image-preview:large, max-video-preview:-1\" \/>\n<link rel=\"canonical\" href=\"https:\/\/pinkfrogs.it\/es\/historia\/\" \/>\n<meta property=\"og:locale\" content=\"es_ES\" \/>\n<meta property=\"og:type\" content=\"article\" \/>\n<meta property=\"og:title\" content=\"Historia - Pink Frogs Cosmetics\" \/>\n<meta property=\"og:url\" content=\"https:\/\/pinkfrogs.it\/es\/historia\/\" \/>\n<meta property=\"og:site_name\" content=\"Pink Frogs Cosmetics\" \/>\n<meta property=\"article:modified_time\" content=\"2025-08-27T09:47:58+00:00\" \/>\n<meta property=\"og:image\" content=\"https:\/\/pinkfrogs.it\/wp-content\/uploads\/2024\/05\/DEF-Rane-45-10.png\" \/>\n\t<meta property=\"og:image:width\" content=\"800\" \/>\n\t<meta property=\"og:image:height\" content=\"800\" \/>\n\t<meta property=\"og:image:type\" content=\"image\/png\" \/>\n<meta name=\"twitter:card\" content=\"summary_large_image\" \/>\n<meta name=\"twitter:label1\" content=\"Tiempo de lectura\" \/>\n\t<meta name=\"twitter:data1\" content=\"5 minutos\" \/>\n<script type=\"application\/ld+json\" class=\"yoast-schema-graph\">{\"@context\":\"https:\/\/schema.org\",\"@graph\":[{\"@type\":\"WebPage\",\"@id\":\"https:\/\/pinkfrogs.it\/es\/historia\/\",\"url\":\"https:\/\/pinkfrogs.it\/es\/historia\/\",\"name\":\"Historia - Pink Frogs Cosmetics\",\"isPartOf\":{\"@id\":\"https:\/\/pinkfrogs.it\/es\/#website\"},\"datePublished\":\"2023-08-08T09:34:13+00:00\",\"dateModified\":\"2025-08-27T09:47:58+00:00\",\"breadcrumb\":{\"@id\":\"https:\/\/pinkfrogs.it\/es\/historia\/#breadcrumb\"},\"inLanguage\":\"es\",\"potentialAction\":[{\"@type\":\"ReadAction\",\"target\":[\"https:\/\/pinkfrogs.it\/es\/historia\/\"]}]},{\"@type\":\"BreadcrumbList\",\"@id\":\"https:\/\/pinkfrogs.it\/es\/historia\/#breadcrumb\",\"itemListElement\":[{\"@type\":\"ListItem\",\"position\":1,\"name\":\"Home\",\"item\":\"https:\/\/pinkfrogs.it\/es\/\"},{\"@type\":\"ListItem\",\"position\":2,\"name\":\"Historia\"}]},{\"@type\":\"WebSite\",\"@id\":\"https:\/\/pinkfrogs.it\/es\/#website\",\"url\":\"https:\/\/pinkfrogs.it\/es\/\",\"name\":\"Pink Frogs Cosmetics\",\"description\":\"\",\"potentialAction\":[{\"@type\":\"SearchAction\",\"target\":{\"@type\":\"EntryPoint\",\"urlTemplate\":\"https:\/\/pinkfrogs.it\/es\/?s={search_term_string}\"},\"query-input\":\"required name=search_term_string\"}],\"inLanguage\":\"es\"}]}<\/script>\n<!-- \/ Yoast SEO plugin. -->","yoast_head_json":{"title":"Historia - Pink Frogs Cosmetics","robots":{"index":"index","follow":"follow","max-snippet":"max-snippet:-1","max-image-preview":"max-image-preview:large","max-video-preview":"max-video-preview:-1"},"canonical":"https:\/\/pinkfrogs.it\/es\/historia\/","og_locale":"es_ES","og_type":"article","og_title":"Historia - Pink Frogs Cosmetics","og_url":"https:\/\/pinkfrogs.it\/es\/historia\/","og_site_name":"Pink Frogs Cosmetics","article_modified_time":"2025-08-27T09:47:58+00:00","og_image":[{"width":800,"height":800,"url":"https:\/\/pinkfrogs.it\/wp-content\/uploads\/2024\/05\/DEF-Rane-45-10.png","type":"image\/png"}],"twitter_card":"summary_large_image","twitter_misc":{"Tiempo de lectura":"5 minutos"},"schema":{"@context":"https:\/\/schema.org","@graph":[{"@type":"WebPage","@id":"https:\/\/pinkfrogs.it\/es\/historia\/","url":"https:\/\/pinkfrogs.it\/es\/historia\/","name":"Historia - Pink Frogs Cosmetics","isPartOf":{"@id":"https:\/\/pinkfrogs.it\/es\/#website"},"datePublished":"2023-08-08T09:34:13+00:00","dateModified":"2025-08-27T09:47:58+00:00","breadcrumb":{"@id":"https:\/\/pinkfrogs.it\/es\/historia\/#breadcrumb"},"inLanguage":"es","potentialAction":[{"@type":"ReadAction","target":["https:\/\/pinkfrogs.it\/es\/historia\/"]}]},{"@type":"BreadcrumbList","@id":"https:\/\/pinkfrogs.it\/es\/historia\/#breadcrumb","itemListElement":[{"@type":"ListItem","position":1,"name":"Home","item":"https:\/\/pinkfrogs.it\/es\/"},{"@type":"ListItem","position":2,"name":"Historia"}]},{"@type":"WebSite","@id":"https:\/\/pinkfrogs.it\/es\/#website","url":"https:\/\/pinkfrogs.it\/es\/","name":"Pink Frogs Cosmetics","description":"","potentialAction":[{"@type":"SearchAction","target":{"@type":"EntryPoint","urlTemplate":"https:\/\/pinkfrogs.it\/es\/?s={search_term_string}"},"query-input":"required name=search_term_string"}],"inLanguage":"es"}]}},"_links":{"self":[{"href":"https:\/\/pinkfrogs.it\/es\/wp-json\/wp\/v2\/pages\/3294","targetHints":{"allow":["GET"]}}],"collection":[{"href":"https:\/\/pinkfrogs.it\/es\/wp-json\/wp\/v2\/pages"}],"about":[{"href":"https:\/\/pinkfrogs.it\/es\/wp-json\/wp\/v2\/types\/page"}],"author":[{"embeddable":true,"href":"https:\/\/pinkfrogs.it\/es\/wp-json\/wp\/v2\/users\/1"}],"replies":[{"embeddable":true,"href":"https:\/\/pinkfrogs.it\/es\/wp-json\/wp\/v2\/comments?post=3294"}],"version-history":[{"count":5,"href":"https:\/\/pinkfrogs.it\/es\/wp-json\/wp\/v2\/pages\/3294\/revisions"}],"predecessor-version":[{"id":20426,"href":"https:\/\/pinkfrogs.it\/es\/wp-json\/wp\/v2\/pages\/3294\/revisions\/20426"}],"wp:featuredmedia":[{"embeddable":true,"href":"https:\/\/pinkfrogs.it\/es\/wp-json\/wp\/v2\/media\/8652"}],"wp:attachment":[{"href":"https:\/\/pinkfrogs.it\/es\/wp-json\/wp\/v2\/media?parent=3294"}],"curies":[{"name":"wp","href":"https:\/\/api.w.org\/{rel}","templated":true}]}}