{"id":4397,"date":"2023-08-08T09:34:13","date_gmt":"2023-08-08T09:34:13","guid":{"rendered":"https:\/\/pinkfrogs.kifadesign.it\/v02\/geschichte\/"},"modified":"2025-08-27T12:11:18","modified_gmt":"2025-08-27T12:11:18","slug":"geschichte","status":"publish","type":"page","link":"https:\/\/pinkfrogs.it\/de\/geschichte\/","title":{"rendered":"Geschichte"},"content":{"rendered":"<section class=\"l-section wpb_row height_large color_primary with_img parallax_ver\"><div class=\"l-section-img\" role=\"img\" data-img-width=\"2400\" data-img-height=\"800\" style=\"background-image: url(https:\/\/pinkfrogs.it\/wp-content\/uploads\/2023\/10\/AZIENDA-La-Storia.jpg);background-repeat: no-repeat;\"><\/div><div class=\"l-section-overlay\" style=\"background:linear-gradient(0deg,rgba(235,124,162,0.45),rgba(56,56,56,0.3))\"><\/div><div class=\"l-section-h i-cf\"><div class=\"g-cols vc_row via_grid cols_1 laptops-cols_inherit tablets-cols_inherit mobiles-cols_1 valign_middle type_default stacking_default\"><div class=\"wpb_column vc_column_container\"><div class=\"vc_column-inner\"><h1 class=\"w-text us_custom_06a2e8f9\"><span class=\"w-text-h\"><span class=\"w-text-value\">Geschichte<\/span><\/span><\/h1><div class=\"w-separator size_small\"><\/div><\/div><\/div><\/div><\/div><\/section><section class=\"l-section wpb_row us_custom_f5ed9809 height_medium\"><div class=\"l-section-h i-cf\"><div class=\"g-cols vc_row via_grid cols_1 laptops-cols_inherit tablets-cols_inherit mobiles-cols_1 valign_top type_default stacking_default\"><div class=\"wpb_column vc_column_container\"><div class=\"vc_column-inner\"><div class=\"g-cols wpb_row via_grid cols_1-2 laptops-cols_inherit tablets-cols_inherit mobiles-cols_1 valign_top type_default stacking_default\" style=\"--gap:3rem;\"><div class=\"wpb_column vc_column_container\"><div class=\"vc_column-inner\"><div class=\"w-image us_custom_70cfe74d has_ratio align_none\"><div class=\"w-image-h\"><div style=\"padding-bottom:150%\"><\/div><img loading=\"lazy\" decoding=\"async\" width=\"723\" height=\"1023\" src=\"https:\/\/pinkfrogs.it\/wp-content\/uploads\/2023\/09\/scuola-colore-1-1.png\" class=\"attachment-full size-full\" alt=\"\" srcset=\"https:\/\/pinkfrogs.it\/wp-content\/uploads\/2023\/09\/scuola-colore-1-1.png 723w, https:\/\/pinkfrogs.it\/wp-content\/uploads\/2023\/09\/scuola-colore-1-1-212x300.png 212w\" sizes=\"auto, (max-width: 723px) 100vw, 723px\" \/><\/div><\/div><\/div><\/div><div class=\"wpb_column vc_column_container\"><div class=\"vc_column-inner\"><h2 class=\"w-text us_custom_1f257949\"><span class=\"w-text-h\"><span class=\"w-text-value\">Eine kontinuierliche Entwicklung zwischen Forschung und Sch\u00f6nheit<\/span><\/span><\/h2><div class=\"wpb_text_column\"><div class=\"wpb_wrapper\"><p>Pink Frogs Cosmetics Srl ist ein auf die <strong>Herstellung von Kosmetika f\u00fcr Dritte<\/strong> spezialisiertes Unternehmen, das 1979 als Konsolidierung eines bereits 1939 gegr\u00fcndeten Familienunternehmens gegr\u00fcndet wurde.<br \/>\nUrspr\u00fcnglich auf <strong>Haarpflegeprodukte<\/strong> spezialisiert, haben wir im Laufe der Zeit unsere Produktionskapazit\u00e4ten und unser Fachwissen erweitert und unsere Kompetenz im gesamten Bereich der &#8222;wei\u00dfen Kosmetik&#8220; ausgebaut.<\/p>\n<\/div><\/div><div class=\"w-separator size_small\"><\/div><div class=\"w-hwrapper hide_on_tablets hide_on_mobiles valign_bottom align_none\" style=\"--hwrapper-gap:2rem\"><div class=\"w-image us_custom_70cfe74d has_ratio align_none\"><div class=\"w-image-h\"><div style=\"padding-bottom:133.3333%\"><\/div><img loading=\"lazy\" decoding=\"async\" width=\"502\" height=\"724\" src=\"https:\/\/pinkfrogs.it\/wp-content\/uploads\/2023\/09\/Locandina-Locatelli.png\" class=\"attachment-full size-full\" alt=\"\" srcset=\"https:\/\/pinkfrogs.it\/wp-content\/uploads\/2023\/09\/Locandina-Locatelli.png 502w, https:\/\/pinkfrogs.it\/wp-content\/uploads\/2023\/09\/Locandina-Locatelli-208x300.png 208w\" sizes=\"auto, (max-width: 502px) 100vw, 502px\" \/><\/div><\/div><div class=\"w-image us_custom_70cfe74d has_ratio align_none\"><div class=\"w-image-h\"><div style=\"padding-bottom:75%\"><\/div><img loading=\"lazy\" decoding=\"async\" width=\"961\" height=\"709\" src=\"https:\/\/pinkfrogs.it\/wp-content\/uploads\/2023\/09\/Nonna-con-Parrucchiere.png\" class=\"attachment-full size-full\" alt=\"\" srcset=\"https:\/\/pinkfrogs.it\/wp-content\/uploads\/2023\/09\/Nonna-con-Parrucchiere.png 961w, https:\/\/pinkfrogs.it\/wp-content\/uploads\/2023\/09\/Nonna-con-Parrucchiere-300x221.png 300w\" sizes=\"auto, (max-width: 961px) 100vw, 961px\" \/><\/div><\/div><div class=\"w-image us_custom_70cfe74d has_ratio align_none\"><div class=\"w-image-h\"><div style=\"padding-bottom:75%\"><\/div><img loading=\"lazy\" decoding=\"async\" width=\"576\" height=\"413\" src=\"https:\/\/pinkfrogs.it\/wp-content\/uploads\/2023\/09\/Anni-90.png\" class=\"attachment-full size-full\" alt=\"\" srcset=\"https:\/\/pinkfrogs.it\/wp-content\/uploads\/2023\/09\/Anni-90.png 576w, https:\/\/pinkfrogs.it\/wp-content\/uploads\/2023\/09\/Anni-90-300x215.png 300w\" sizes=\"auto, (max-width: 576px) 100vw, 576px\" \/><\/div><\/div><\/div><div class=\"w-image us_custom_70cfe74d hide_on_default hide_on_laptops has_ratio align_none\"><div class=\"w-image-h\"><div style=\"padding-bottom:133.3333%\"><\/div><img loading=\"lazy\" decoding=\"async\" width=\"502\" height=\"724\" src=\"https:\/\/pinkfrogs.it\/wp-content\/uploads\/2023\/09\/Locandina-Locatelli.png\" class=\"attachment-full size-full\" alt=\"\" srcset=\"https:\/\/pinkfrogs.it\/wp-content\/uploads\/2023\/09\/Locandina-Locatelli.png 502w, https:\/\/pinkfrogs.it\/wp-content\/uploads\/2023\/09\/Locandina-Locatelli-208x300.png 208w\" sizes=\"auto, (max-width: 502px) 100vw, 502px\" \/><\/div><\/div><div class=\"w-separator hide_on_default hide_on_laptops size_small\"><\/div><div class=\"w-image us_custom_70cfe74d hide_on_default hide_on_laptops has_ratio align_none\"><div class=\"w-image-h\"><div style=\"padding-bottom:75%\"><\/div><img loading=\"lazy\" decoding=\"async\" width=\"961\" height=\"709\" src=\"https:\/\/pinkfrogs.it\/wp-content\/uploads\/2023\/09\/Nonna-con-Parrucchiere.png\" class=\"attachment-full size-full\" alt=\"\" srcset=\"https:\/\/pinkfrogs.it\/wp-content\/uploads\/2023\/09\/Nonna-con-Parrucchiere.png 961w, https:\/\/pinkfrogs.it\/wp-content\/uploads\/2023\/09\/Nonna-con-Parrucchiere-300x221.png 300w\" sizes=\"auto, (max-width: 961px) 100vw, 961px\" \/><\/div><\/div><div class=\"w-separator hide_on_default hide_on_laptops size_small\"><\/div><div class=\"w-image us_custom_70cfe74d hide_on_default hide_on_laptops has_ratio align_none\"><div class=\"w-image-h\"><div style=\"padding-bottom:75%\"><\/div><img loading=\"lazy\" decoding=\"async\" width=\"576\" height=\"413\" src=\"https:\/\/pinkfrogs.it\/wp-content\/uploads\/2023\/09\/Anni-90.png\" class=\"attachment-full size-full\" alt=\"\" srcset=\"https:\/\/pinkfrogs.it\/wp-content\/uploads\/2023\/09\/Anni-90.png 576w, https:\/\/pinkfrogs.it\/wp-content\/uploads\/2023\/09\/Anni-90-300x215.png 300w\" sizes=\"auto, (max-width: 576px) 100vw, 576px\" \/><\/div><\/div><\/div><\/div><\/div><\/div><\/div><\/div><\/div><\/section><section class=\"l-section wpb_row height_medium\"><div class=\"l-section-h i-cf\"><div class=\"g-cols vc_row via_grid cols_2-1 laptops-cols_inherit tablets-cols_inherit mobiles-cols_1 valign_top type_default stacking_default\"><div class=\"wpb_column vc_column_container\"><div class=\"vc_column-inner\"><h2 class=\"w-text us_custom_1f257949\"><span class=\"w-text-h\"><span class=\"w-text-value\">Pink Frogs wurde gegr\u00fcndet<\/span><\/span><\/h2><div class=\"wpb_text_column\"><div class=\"wpb_wrapper\"><p>1979 \u2013 Wir befinden uns nun in der zweiten Generation: Der Sohn, Roberto Locatelli, kauft eine Industriehalle, um die Produktion der Locatelli-Produkte durch eine gr\u00f6\u00dfere Auftragsfertigung zu erg\u00e4nzen.<\/p>\n<p>Pink Frogs wurde gegr\u00fcndet: eine ausgefallene Marke, die Ende der 1970er Jahre f\u00fcr eine Reihe von trichologischen Produkten geschaffen wurde. Die f\u00fcr diese Zeit typischen leuchtenden Farben f\u00fchrten zu einem extravaganten Logo, das speziell als charakteristisches Element dieser Jahre ausgew\u00e4hlt wurde.<\/p>\n<p>Sp\u00e4ter verschwanden die rosa Fr\u00f6sche aus dem Logo, aber der Name Pink Frogs blieb bestehen und festigte die Erfahrung im Bereich der Auftragsfertigung von Kosmetika.<\/p>\n<p>Urspr\u00fcnglich auf Haarpflegeprodukte konzentriert, entwickelte sich das Unternehmen im Laufe der Zeit weiter, steigerte seine Produktionskapazit\u00e4t und sein Fachwissen und erweiterte schlie\u00dflich seine Kompetenzen auf alle \u201ewei\u00dfen Kosmetika\u201d.<\/p>\n<\/div><\/div><\/div><\/div><div class=\"wpb_column vc_column_container\"><div class=\"vc_column-inner\"><div class=\"w-image us_custom_70cfe74d has_ratio align_none\"><div class=\"w-image-h\"><div style=\"padding-bottom:66.6667%\"><\/div><img loading=\"lazy\" decoding=\"async\" width=\"1121\" height=\"656\" src=\"https:\/\/pinkfrogs.it\/wp-content\/uploads\/2023\/09\/LOGO-PINK-1979.png\" class=\"attachment-full size-full\" alt=\"\" srcset=\"https:\/\/pinkfrogs.it\/wp-content\/uploads\/2023\/09\/LOGO-PINK-1979.png 1121w, https:\/\/pinkfrogs.it\/wp-content\/uploads\/2023\/09\/LOGO-PINK-1979-300x176.png 300w, https:\/\/pinkfrogs.it\/wp-content\/uploads\/2023\/09\/LOGO-PINK-1979-1024x599.png 1024w\" sizes=\"auto, (max-width: 1121px) 100vw, 1121px\" \/><\/div><\/div><\/div><\/div><\/div><\/div><\/section><section class=\"l-section wpb_row height_medium\"><div class=\"l-section-h i-cf\"><div class=\"g-cols vc_row via_grid cols_1-2 laptops-cols_inherit tablets-cols_inherit mobiles-cols_1 valign_top type_default stacking_default\"><div class=\"wpb_column vc_column_container\"><div class=\"vc_column-inner\"><div class=\"w-image us_custom_70cfe74d has_ratio align_none\"><div class=\"w-image-h\"><div style=\"padding-bottom:133.3333%\"><\/div><img loading=\"lazy\" decoding=\"async\" width=\"693\" height=\"800\" src=\"https:\/\/pinkfrogs.it\/wp-content\/uploads\/2023\/09\/Matteo-2018-ok-e1528275051790-693x800-1.jpeg\" class=\"attachment-full size-full\" alt=\"\" srcset=\"https:\/\/pinkfrogs.it\/wp-content\/uploads\/2023\/09\/Matteo-2018-ok-e1528275051790-693x800-1.jpeg 693w, https:\/\/pinkfrogs.it\/wp-content\/uploads\/2023\/09\/Matteo-2018-ok-e1528275051790-693x800-1-260x300.jpeg 260w\" sizes=\"auto, (max-width: 693px) 100vw, 693px\" \/><\/div><\/div><\/div><\/div><div class=\"wpb_column vc_column_container\"><div class=\"vc_column-inner\"><h2 class=\"w-text us_custom_1f257949\"><span class=\"w-text-h\"><span class=\"w-text-value\">Pink Frogs Cosmetics Benefizgesellschaft heute<\/span><\/span><\/h2><div class=\"wpb_text_column\"><div class=\"wpb_wrapper\"><p>1996 \u00fcbernahm die dritte Generation das Ruder, was einen neuen Wendepunkt f\u00fcr das Unternehmen bedeutete: Der Eintritt von Matteo Locatelli, Biologe und derzeitiger CEO des Unternehmens, markierte den Beginn eines neuen Kapitels in der Unternehmensgeschichte und f\u00fchrte zur Ausweitung der Aktivit\u00e4ten ins Ausland.<\/p>\n<p>Pink Frogs verf\u00fcgt nun \u00fcber zwei Forschungs- und Entwicklungslabore, die j\u00e4hrlich \u00fcber 300 neue Formeln entwickeln, und steigert seine Produktion exponentiell durch die Diversifizierung seiner Kompetenzen und etabliert sich in den Bereichen Hautpflege, Haarpflege und Medizinprodukte.<\/p>\n<p>Das Firmenlogo wird grafisch \u00fcberarbeitet:<\/p>\n<p>&nbsp;<\/p>\n<p><img loading=\"lazy\" decoding=\"async\" class=\"alignnone wp-image-8722\" src=\"https:\/\/pinkfrogs.it\/wp-content\/uploads\/2024\/05\/00-Logo-Pink-300x82.png\" alt=\"\" width=\"230\" height=\"63\" srcset=\"https:\/\/pinkfrogs.it\/wp-content\/uploads\/2024\/05\/00-Logo-Pink-300x82.png 300w, https:\/\/pinkfrogs.it\/wp-content\/uploads\/2024\/05\/00-Logo-Pink-1024x279.png 1024w, https:\/\/pinkfrogs.it\/wp-content\/uploads\/2024\/05\/00-Logo-Pink.png 1983w\" sizes=\"auto, (max-width: 230px) 100vw, 230px\" \/><\/p>\n<\/div><\/div><\/div><\/div><\/div><\/div><\/section><section class=\"l-section wpb_row height_medium\"><div class=\"l-section-h i-cf\"><div class=\"g-cols vc_row via_grid cols_1-2 laptops-cols_inherit tablets-cols_inherit mobiles-cols_1 valign_top type_default stacking_default\"><div class=\"wpb_column vc_column_container\"><div class=\"vc_column-inner\"><div class=\"w-image us_custom_70cfe74d has_ratio align_none\"><div class=\"w-image-h\"><div style=\"padding-bottom:133.3333%\"><\/div><img loading=\"lazy\" decoding=\"async\" width=\"800\" height=\"600\" src=\"https:\/\/pinkfrogs.it\/wp-content\/uploads\/2024\/05\/IMMAGINI-SITO-RETT-800x600-2.png\" class=\"attachment-full size-full\" alt=\"\" srcset=\"https:\/\/pinkfrogs.it\/wp-content\/uploads\/2024\/05\/IMMAGINI-SITO-RETT-800x600-2.png 800w, https:\/\/pinkfrogs.it\/wp-content\/uploads\/2024\/05\/IMMAGINI-SITO-RETT-800x600-2-300x225.png 300w\" sizes=\"auto, (max-width: 800px) 100vw, 800px\" \/><\/div><\/div><\/div><\/div><div class=\"wpb_column vc_column_container\"><div class=\"vc_column-inner\"><h2 class=\"w-text us_custom_1f257949\"><span class=\"w-text-h\"><span class=\"w-text-value\">Feier zum 40-j\u00e4hrigen Jubil\u00e4um<\/span><\/span><\/h2><div class=\"wpb_text_column\"><div class=\"wpb_wrapper\"><p>Am 24. Mai 2019 feiert Pink Frogs sein 40-j\u00e4hriges Bestehen in der herrlichen Kulisse der Bagni Misteriosi in Mailand. Anl\u00e4sslich der Feierlichkeiten gibt Matteo Locatelli seine Mitgliedschaft als F\u00f6rderer der gemeinn\u00fctzigen Organisation La Forza e il sorriso bekannt und pr\u00e4sentiert den neuesten Nachhaltigkeitsbericht, der nach dem internationalen System der GRI (Global Reporting Initiative) zertifiziert ist, wobei er die Einzigartigkeit hervorhebt, das erste italienische KMU der Kosmetikbranche zu sein, das eine solche Zertifizierung erhalten hat.<\/p>\n<\/div><\/div><\/div><\/div><\/div><\/div><\/section><section class=\"l-section wpb_row height_medium\"><div class=\"l-section-h i-cf\"><div class=\"g-cols vc_row via_grid cols_1-2 laptops-cols_inherit tablets-cols_inherit mobiles-cols_1 valign_top type_default stacking_default\"><div class=\"wpb_column vc_column_container\"><div class=\"vc_column-inner\"><div class=\"w-image us_custom_70cfe74d has_ratio align_none\"><div class=\"w-image-h\"><div style=\"padding-bottom:133.3333%\"><\/div><img loading=\"lazy\" decoding=\"async\" width=\"800\" height=\"800\" src=\"https:\/\/pinkfrogs.it\/wp-content\/uploads\/2024\/05\/IMMAGINI-SITO-1.jpg\" class=\"attachment-full size-full\" alt=\"\" srcset=\"https:\/\/pinkfrogs.it\/wp-content\/uploads\/2024\/05\/IMMAGINI-SITO-1.jpg 800w, https:\/\/pinkfrogs.it\/wp-content\/uploads\/2024\/05\/IMMAGINI-SITO-1-300x300.jpg 300w, https:\/\/pinkfrogs.it\/wp-content\/uploads\/2024\/05\/IMMAGINI-SITO-1-150x150.jpg 150w\" sizes=\"auto, (max-width: 800px) 100vw, 800px\" \/><\/div><\/div><\/div><\/div><div class=\"wpb_column vc_column_container\"><div class=\"vc_column-inner\"><h2 class=\"w-text us_custom_1f257949\"><span class=\"w-text-h\"><span class=\"w-text-value\">Pink Frogs Cosmetics Benefizgesellschaft heute<\/span><\/span><\/h2><div class=\"wpb_text_column\"><div class=\"wpb_wrapper\"><p>Im Jahr 2023 wurde Pink Frogs S.r.l. zu einer Benefit Company: Das Engagement des Unternehmens f\u00fcr die Verfolgung von Gemeinwohlzielen bei der Aus\u00fcbung seiner wirtschaftlichen T\u00e4tigkeit wurde in seiner Satzung offiziell verankert. Ein weiterer Schritt, der unseren Weg der Nachhaltigkeit best\u00e4tigt und fortsetzt.<\/p>\n<p>Zu diesem Anlass erh\u00e4lt das Logo ein neues grafisches Erscheinungsbild: eine einzige Farbe und rundere Formen.<\/p>\n<p>&nbsp;<\/p>\n<p><img loading=\"lazy\" decoding=\"async\" class=\"alignnone wp-image-8727\" src=\"https:\/\/pinkfrogs.it\/wp-content\/uploads\/2024\/05\/00-Logo-2023-scontornato-300x87.png\" alt=\"\" width=\"217\" height=\"63\" srcset=\"https:\/\/pinkfrogs.it\/wp-content\/uploads\/2024\/05\/00-Logo-2023-scontornato-300x87.png 300w, https:\/\/pinkfrogs.it\/wp-content\/uploads\/2024\/05\/00-Logo-2023-scontornato-1024x296.png 1024w, https:\/\/pinkfrogs.it\/wp-content\/uploads\/2024\/05\/00-Logo-2023-scontornato-350x100.png 350w\" sizes=\"auto, (max-width: 217px) 100vw, 217px\" \/><\/p>\n<\/div><\/div><\/div><\/div><\/div><\/div><\/section><section class=\"l-section wpb_row height_medium\"><div class=\"l-section-h i-cf\"><div class=\"g-cols vc_row via_grid cols_1-2 laptops-cols_inherit tablets-cols_inherit mobiles-cols_1 valign_top type_default stacking_default\"><div class=\"wpb_column vc_column_container\"><div class=\"vc_column-inner\"><div class=\"w-image us_custom_70cfe74d has_ratio align_none\"><div class=\"w-image-h\"><div style=\"padding-bottom:133.3333%\"><\/div><img loading=\"lazy\" decoding=\"async\" width=\"800\" height=\"800\" src=\"https:\/\/pinkfrogs.it\/wp-content\/uploads\/2024\/05\/DEF-Rane-45-10.png\" class=\"attachment-full size-full\" alt=\"\" srcset=\"https:\/\/pinkfrogs.it\/wp-content\/uploads\/2024\/05\/DEF-Rane-45-10.png 800w, https:\/\/pinkfrogs.it\/wp-content\/uploads\/2024\/05\/DEF-Rane-45-10-300x300.png 300w, https:\/\/pinkfrogs.it\/wp-content\/uploads\/2024\/05\/DEF-Rane-45-10-150x150.png 150w\" sizes=\"auto, (max-width: 800px) 100vw, 800px\" \/><\/div><\/div><\/div><\/div><div class=\"wpb_column vc_column_container\"><div class=\"vc_column-inner\"><h2 class=\"w-text us_custom_1f257949\"><span class=\"w-text-h\"><span class=\"w-text-value\">45-j\u00e4hriges Jubil\u00e4um<\/span><\/span><\/h2><div class=\"wpb_text_column\"><div class=\"wpb_wrapper\"><p>Am 16. Mai 2024 feiert Pink Frogs Cosmetics sein 45-j\u00e4hriges Bestehen. Dank des kontinuierlichen Wachstums in Bezug auf Kundenzahl, Umsatz, produzierte St\u00fcckzahlen und Mitarbeiterzahl positioniert sich das Unternehmen als einer der f\u00fchrenden Auftragshersteller von Kosmetika in Italien.<\/p>\n<p>Bis heute entwickeln wir in unseren Forschungs- und Entwicklungslabors f\u00fcr Kosmetik mehr als 480 Formeln pro Jahr, und in unseren Produktionsst\u00e4tten werden mehr als 30 Millionen Kosmetikprodukte und etwa 14 Millionen Mini-Parf\u00fcmfl\u00e4schchen hergestellt.<\/p>\n<\/div><\/div><\/div><\/div><\/div><\/div><\/section><section class=\"l-section wpb_row height_medium\"><div class=\"l-section-h i-cf\"><div class=\"g-cols vc_row via_grid cols_1-2 laptops-cols_inherit tablets-cols_inherit mobiles-cols_1 valign_top type_default stacking_default\"><div class=\"wpb_column vc_column_container\"><div class=\"vc_column-inner\"><div class=\"w-image us_custom_70cfe74d has_ratio align_none\"><div class=\"w-image-h\"><div style=\"padding-bottom:133.3333%\"><\/div><img loading=\"lazy\" decoding=\"async\" width=\"400\" height=\"400\" src=\"https:\/\/pinkfrogs.it\/wp-content\/uploads\/2025\/07\/Dubai.jpg\" class=\"attachment-full size-full\" alt=\"\" srcset=\"https:\/\/pinkfrogs.it\/wp-content\/uploads\/2025\/07\/Dubai.jpg 400w, https:\/\/pinkfrogs.it\/wp-content\/uploads\/2025\/07\/Dubai-300x300.jpg 300w, https:\/\/pinkfrogs.it\/wp-content\/uploads\/2025\/07\/Dubai-150x150.jpg 150w\" sizes=\"auto, (max-width: 400px) 100vw, 400px\" \/><\/div><\/div><\/div><\/div><div class=\"wpb_column vc_column_container\"><div class=\"vc_column-inner\"><h2 class=\"w-text us_custom_1f257949\"><span class=\"w-text-h\"><span class=\"w-text-value\">Expansion der GCC-M\u00e4rkte<\/span><\/span><\/h2><div class=\"wpb_text_column\"><div class=\"wpb_wrapper\"><p>Im Jahr 2024 unternahm Pink Frogs Cosmetics einen bedeutenden Schritt in seiner internationalen Wachstumsstrategie, indem es seine kommerzielle Expansion in den Golfstaaten startete.<\/p>\n<p>Um seine lokalen Partner besser zu unterst\u00fctzen, etablierte Pink Frogs Cosmetics auch eine direkte Pr\u00e4senz in der Region mit einem Vertriebsmitarbeiter in Dubai, einem strategischen Knotenpunkt f\u00fcr den gesamten GCC-Markt.<\/p>\n<\/div><\/div><\/div><\/div><\/div><\/div><\/section><section class=\"l-section wpb_row height_small\"><div class=\"l-section-h i-cf\"><div class=\"g-cols vc_row via_grid cols_1 laptops-cols_inherit tablets-cols_inherit mobiles-cols_1 valign_top type_default stacking_default\"><div class=\"wpb_column vc_column_container\"><div class=\"vc_column-inner\"><\/div><\/div><\/div><\/div><\/section>\n","protected":false},"excerpt":{"rendered":"GeschichteEine kontinuierliche Entwicklung zwischen Forschung und Sch\u00f6nheitPink Frogs Cosmetics Srl ist ein auf die Herstellung von Kosmetika f\u00fcr Dritte spezialisiertes Unternehmen, das 1979 als Konsolidierung eines bereits 1939 gegr\u00fcndeten Familienunternehmens gegr\u00fcndet wurde. Urspr\u00fcnglich auf Haarpflegeprodukte spezialisiert, haben wir im Laufe der Zeit unsere Produktionskapazit\u00e4ten und unser Fachwissen erweitert und unsere Kompetenz im gesamten Bereich der...","protected":false},"author":1,"featured_media":8651,"parent":0,"menu_order":0,"comment_status":"closed","ping_status":"closed","template":"","meta":{"footnotes":""},"class_list":["post-4397","page","type-page","status-publish","has-post-thumbnail","hentry"],"acf":[],"yoast_head":"<!-- This site is optimized with the Yoast SEO plugin v21.5 - https:\/\/yoast.com\/wordpress\/plugins\/seo\/ -->\n<title>Geschichte - Pink Frogs Cosmetics<\/title>\n<meta name=\"robots\" content=\"index, follow, max-snippet:-1, max-image-preview:large, max-video-preview:-1\" \/>\n<link rel=\"canonical\" href=\"https:\/\/pinkfrogs.it\/de\/geschichte\/\" \/>\n<meta property=\"og:locale\" content=\"de_DE\" \/>\n<meta property=\"og:type\" content=\"article\" \/>\n<meta property=\"og:title\" content=\"Geschichte - Pink Frogs Cosmetics\" \/>\n<meta property=\"og:url\" content=\"https:\/\/pinkfrogs.it\/de\/geschichte\/\" \/>\n<meta property=\"og:site_name\" content=\"Pink Frogs Cosmetics\" \/>\n<meta property=\"article:modified_time\" content=\"2025-08-27T12:11:18+00:00\" \/>\n<meta property=\"og:image\" content=\"https:\/\/pinkfrogs.it\/wp-content\/uploads\/2024\/05\/DEF-Rane-45-10.png\" \/>\n\t<meta property=\"og:image:width\" content=\"800\" \/>\n\t<meta property=\"og:image:height\" content=\"800\" \/>\n\t<meta property=\"og:image:type\" content=\"image\/png\" \/>\n<meta name=\"twitter:card\" content=\"summary_large_image\" \/>\n<meta name=\"twitter:label1\" content=\"Gesch\u00e4tzte Lesezeit\" \/>\n\t<meta name=\"twitter:data1\" content=\"4\u00a0Minuten\" \/>\n<script type=\"application\/ld+json\" class=\"yoast-schema-graph\">{\"@context\":\"https:\/\/schema.org\",\"@graph\":[{\"@type\":\"WebPage\",\"@id\":\"https:\/\/pinkfrogs.it\/de\/geschichte\/\",\"url\":\"https:\/\/pinkfrogs.it\/de\/geschichte\/\",\"name\":\"Geschichte - Pink Frogs Cosmetics\",\"isPartOf\":{\"@id\":\"https:\/\/pinkfrogs.it\/de\/#website\"},\"datePublished\":\"2023-08-08T09:34:13+00:00\",\"dateModified\":\"2025-08-27T12:11:18+00:00\",\"breadcrumb\":{\"@id\":\"https:\/\/pinkfrogs.it\/de\/geschichte\/#breadcrumb\"},\"inLanguage\":\"de\",\"potentialAction\":[{\"@type\":\"ReadAction\",\"target\":[\"https:\/\/pinkfrogs.it\/de\/geschichte\/\"]}]},{\"@type\":\"BreadcrumbList\",\"@id\":\"https:\/\/pinkfrogs.it\/de\/geschichte\/#breadcrumb\",\"itemListElement\":[{\"@type\":\"ListItem\",\"position\":1,\"name\":\"Home\",\"item\":\"https:\/\/pinkfrogs.it\/de\/\"},{\"@type\":\"ListItem\",\"position\":2,\"name\":\"Geschichte\"}]},{\"@type\":\"WebSite\",\"@id\":\"https:\/\/pinkfrogs.it\/de\/#website\",\"url\":\"https:\/\/pinkfrogs.it\/de\/\",\"name\":\"Pink Frogs Cosmetics\",\"description\":\"\",\"potentialAction\":[{\"@type\":\"SearchAction\",\"target\":{\"@type\":\"EntryPoint\",\"urlTemplate\":\"https:\/\/pinkfrogs.it\/de\/?s={search_term_string}\"},\"query-input\":\"required name=search_term_string\"}],\"inLanguage\":\"de\"}]}<\/script>\n<!-- \/ Yoast SEO plugin. -->","yoast_head_json":{"title":"Geschichte - Pink Frogs Cosmetics","robots":{"index":"index","follow":"follow","max-snippet":"max-snippet:-1","max-image-preview":"max-image-preview:large","max-video-preview":"max-video-preview:-1"},"canonical":"https:\/\/pinkfrogs.it\/de\/geschichte\/","og_locale":"de_DE","og_type":"article","og_title":"Geschichte - Pink Frogs Cosmetics","og_url":"https:\/\/pinkfrogs.it\/de\/geschichte\/","og_site_name":"Pink Frogs Cosmetics","article_modified_time":"2025-08-27T12:11:18+00:00","og_image":[{"width":800,"height":800,"url":"https:\/\/pinkfrogs.it\/wp-content\/uploads\/2024\/05\/DEF-Rane-45-10.png","type":"image\/png"}],"twitter_card":"summary_large_image","twitter_misc":{"Gesch\u00e4tzte Lesezeit":"4\u00a0Minuten"},"schema":{"@context":"https:\/\/schema.org","@graph":[{"@type":"WebPage","@id":"https:\/\/pinkfrogs.it\/de\/geschichte\/","url":"https:\/\/pinkfrogs.it\/de\/geschichte\/","name":"Geschichte - Pink Frogs Cosmetics","isPartOf":{"@id":"https:\/\/pinkfrogs.it\/de\/#website"},"datePublished":"2023-08-08T09:34:13+00:00","dateModified":"2025-08-27T12:11:18+00:00","breadcrumb":{"@id":"https:\/\/pinkfrogs.it\/de\/geschichte\/#breadcrumb"},"inLanguage":"de","potentialAction":[{"@type":"ReadAction","target":["https:\/\/pinkfrogs.it\/de\/geschichte\/"]}]},{"@type":"BreadcrumbList","@id":"https:\/\/pinkfrogs.it\/de\/geschichte\/#breadcrumb","itemListElement":[{"@type":"ListItem","position":1,"name":"Home","item":"https:\/\/pinkfrogs.it\/de\/"},{"@type":"ListItem","position":2,"name":"Geschichte"}]},{"@type":"WebSite","@id":"https:\/\/pinkfrogs.it\/de\/#website","url":"https:\/\/pinkfrogs.it\/de\/","name":"Pink Frogs Cosmetics","description":"","potentialAction":[{"@type":"SearchAction","target":{"@type":"EntryPoint","urlTemplate":"https:\/\/pinkfrogs.it\/de\/?s={search_term_string}"},"query-input":"required name=search_term_string"}],"inLanguage":"de"}]}},"_links":{"self":[{"href":"https:\/\/pinkfrogs.it\/de\/wp-json\/wp\/v2\/pages\/4397","targetHints":{"allow":["GET"]}}],"collection":[{"href":"https:\/\/pinkfrogs.it\/de\/wp-json\/wp\/v2\/pages"}],"about":[{"href":"https:\/\/pinkfrogs.it\/de\/wp-json\/wp\/v2\/types\/page"}],"author":[{"embeddable":true,"href":"https:\/\/pinkfrogs.it\/de\/wp-json\/wp\/v2\/users\/1"}],"replies":[{"embeddable":true,"href":"https:\/\/pinkfrogs.it\/de\/wp-json\/wp\/v2\/comments?post=4397"}],"version-history":[{"count":4,"href":"https:\/\/pinkfrogs.it\/de\/wp-json\/wp\/v2\/pages\/4397\/revisions"}],"predecessor-version":[{"id":20431,"href":"https:\/\/pinkfrogs.it\/de\/wp-json\/wp\/v2\/pages\/4397\/revisions\/20431"}],"wp:featuredmedia":[{"embeddable":true,"href":"https:\/\/pinkfrogs.it\/de\/wp-json\/wp\/v2\/media\/8651"}],"wp:attachment":[{"href":"https:\/\/pinkfrogs.it\/de\/wp-json\/wp\/v2\/media?parent=4397"}],"curies":[{"name":"wp","href":"https:\/\/api.w.org\/{rel}","templated":true}]}}