{"id":4244,"date":"2023-08-08T09:55:00","date_gmt":"2023-08-08T09:55:00","guid":{"rendered":"https:\/\/pinkfrogs.kifadesign.it\/v02\/produktion\/"},"modified":"2023-11-07T13:42:42","modified_gmt":"2023-11-07T13:42:42","slug":"produktion","status":"publish","type":"page","link":"https:\/\/pinkfrogs.it\/de\/produktion\/","title":{"rendered":"Produktion"},"content":{"rendered":"<section class=\"l-section wpb_row height_large color_primary with_img parallax_ver\"><div class=\"l-section-img\" role=\"img\" data-img-width=\"2400\" data-img-height=\"800\" style=\"background-image: url(https:\/\/pinkfrogs.it\/wp-content\/uploads\/2023\/10\/PRODUZIONE.jpg);background-repeat: no-repeat;\"><\/div><div class=\"l-section-overlay\" style=\"background:linear-gradient(0deg,rgba(235,124,162,0.45),rgba(56,56,56,0.3))\"><\/div><div class=\"l-section-h i-cf\"><div class=\"g-cols vc_row via_grid cols_1 laptops-cols_inherit tablets-cols_inherit mobiles-cols_1 valign_middle type_default stacking_default\"><div class=\"wpb_column vc_column_container\"><div class=\"vc_column-inner\"><h1 class=\"w-text us_custom_9168b939\"><span class=\"w-text-h\"><span class=\"w-text-value\">Produktion<\/span><\/span><\/h1><div class=\"w-separator size_small\"><\/div><\/div><\/div><\/div><\/div><\/section><section class=\"l-section wpb_row us_custom_f5ed9809 height_medium\"><div class=\"l-section-h i-cf\"><div class=\"g-cols vc_row via_grid cols_1 laptops-cols_inherit tablets-cols_inherit mobiles-cols_1 valign_top type_default stacking_default\"><div class=\"wpb_column vc_column_container\"><div class=\"vc_column-inner\"><div class=\"wpb_text_column us_custom_1f257949\"><div class=\"wpb_wrapper\"><p class=\"cvGsUA direction-ltr align-start para-style-body\">Wir sind stolz darauf, eine breite Palette von Produkten und Formaten mit unterschiedlichen Produktionsmerkmalen zu verarbeiten<span class=\"OYPEnA text-decoration-none text-strikethrough-none\">. <\/span><br \/>\nWir verf\u00fcgen \u00fcber einen gro\u00dfen technologischen Bereich f\u00fcr die Auftragsproduktion von Emulsionen, Tensioliten, Lotionen, Gelen, Salben, Hotmelts (Sticks, Wachse,&#8230;), Parf\u00fcms, Minigr\u00f6\u00dfen. Mit acht <strong>Turboemulgatoren<\/strong> von 5 bis 3000 Litern mit einer <strong>t\u00e4glichen Produktionskapazit\u00e4t von \u00fcber 13000 kg<\/strong>, einem Alkoholmischer und zwei Hei\u00dfschmelzger\u00e4ten gew\u00e4hrleisten wir <strong>Vielseitigkeit und Zuverl\u00e4ssigkeit<\/strong> in einem einzigen Prozess.<\/p>\n<\/div><\/div><div class=\"w-separator size_large\"><\/div><h2 class=\"w-text us_custom_1f257949\"><span class=\"w-text-h\"><span class=\"w-text-value\">Siehe unten die Kategorien der Vertragsprodukte<\/span><\/span><\/h2><div class=\"w-separator size_custom\" style=\"height:40px\" id=\"vcb4\"><style>@media(max-width:600px){ #vcb4{height:30px!important}}<\/style><\/div><div class=\"w-grid type_grid layout_829 cols_3\" id=\"us_grid_1\" style=\"--gap:2vw;\" data-filterable=\"true\"><style>@media (max-width:1024px){#us_grid_1 .w-grid-item{width:50%}}@media (max-width:600px){#us_grid_1 .w-grid-list{margin:0}#us_grid_1 .w-grid-item{width:100%;padding:0;margin-bottom:var(--gap,0px)}}.layout_829 .w-grid-item-h{}.layout_829 .usg_post_image_1{border-radius:40px!important}.layout_829 .usg_post_title_1{text-align:center!important;font-weight:400!important;padding-top:1%!important;padding-bottom:4%!important}@media (min-width:601px) and (max-width:1024px){.layout_829 .usg_vwrapper_1{padding-left:10px!important;padding-right:10px!important}}@media (max-width:600px){.layout_829 .usg_vwrapper_1{padding-left:12px!important;padding-right:12px!important}}<\/style><div class=\"w-grid-list\">\t<article class=\"w-grid-item size_1x1 post-4671 produzione-cosmetici type-produzione-cosmetici status-publish has-post-thumbnail hentry\" data-id=\"4671\">\r\n\t\t<div class=\"w-grid-item-h\">\r\n\t\t\t\t\t\t\t<a href=\"https:\/\/pinkfrogs.it\/de\/produzione-cosmetici\/dermokosmetika\/\" class=\"w-grid-item-anchor\" aria-label=\"Dermokosmetika\"><\/a>\r\n\t\t\t\t\t\t<div class=\"w-vwrapper usg_vwrapper_1 align_none valign_top\"><div class=\"w-post-elm post_image usg_post_image_1 has_ratio\"><div style=\"padding-bottom:158.3333%\"><\/div><a href=\"https:\/\/pinkfrogs.it\/de\/produzione-cosmetici\/dermokosmetika\/\" aria-label=\"Dermokosmetika\"><img loading=\"lazy\" decoding=\"async\" width=\"300\" height=\"500\" src=\"https:\/\/pinkfrogs.it\/wp-content\/uploads\/2023\/09\/dermocosmesi.jpeg\" class=\"attachment-large size-large wp-post-image\" alt=\"\" srcset=\"https:\/\/pinkfrogs.it\/wp-content\/uploads\/2023\/09\/dermocosmesi.jpeg 300w, https:\/\/pinkfrogs.it\/wp-content\/uploads\/2023\/09\/dermocosmesi-180x300.jpeg 180w\" sizes=\"auto, (max-width: 300px) 100vw, 300px\" \/><\/a><\/div><h3 class=\"w-post-elm post_title usg_post_title_1 entry-title color_link_inherit\"><a href=\"https:\/\/pinkfrogs.it\/de\/produzione-cosmetici\/dermokosmetika\/\">Dermokosmetika<\/a><\/h3><\/div>\t\t<\/div>\r\n\t<\/article>\r\n\t<article class=\"w-grid-item size_1x1 post-4659 produzione-cosmetici type-produzione-cosmetici status-publish has-post-thumbnail hentry\" data-id=\"4659\">\r\n\t\t<div class=\"w-grid-item-h\">\r\n\t\t\t\t\t\t\t<a href=\"https:\/\/pinkfrogs.it\/de\/produzione-cosmetici\/parfuems\/\" class=\"w-grid-item-anchor\" aria-label=\"Parf\u00fcms\"><\/a>\r\n\t\t\t\t\t\t<div class=\"w-vwrapper usg_vwrapper_1 align_none valign_top\"><div class=\"w-post-elm post_image usg_post_image_1 has_ratio\"><div style=\"padding-bottom:158.3333%\"><\/div><a href=\"https:\/\/pinkfrogs.it\/de\/produzione-cosmetici\/parfuems\/\" aria-label=\"Parf\u00fcms\"><img loading=\"lazy\" decoding=\"async\" width=\"300\" height=\"500\" src=\"https:\/\/pinkfrogs.it\/wp-content\/uploads\/2023\/08\/HOME-Profumi.jpeg\" class=\"attachment-large size-large wp-post-image\" alt=\"\" srcset=\"https:\/\/pinkfrogs.it\/wp-content\/uploads\/2023\/08\/HOME-Profumi.jpeg 300w, https:\/\/pinkfrogs.it\/wp-content\/uploads\/2023\/08\/HOME-Profumi-180x300.jpeg 180w\" sizes=\"auto, (max-width: 300px) 100vw, 300px\" \/><\/a><\/div><h3 class=\"w-post-elm post_title usg_post_title_1 entry-title color_link_inherit\"><a href=\"https:\/\/pinkfrogs.it\/de\/produzione-cosmetici\/parfuems\/\">Parf\u00fcms<\/a><\/h3><\/div>\t\t<\/div>\r\n\t<\/article>\r\n\t<article class=\"w-grid-item size_1x1 post-4646 produzione-cosmetici type-produzione-cosmetici status-publish has-post-thumbnail hentry\" data-id=\"4646\">\r\n\t\t<div class=\"w-grid-item-h\">\r\n\t\t\t\t\t\t\t<a href=\"https:\/\/pinkfrogs.it\/de\/produzione-cosmetici\/stick-und-gussteile\/\" class=\"w-grid-item-anchor\" aria-label=\"Stick und Gussteile\"><\/a>\r\n\t\t\t\t\t\t<div class=\"w-vwrapper usg_vwrapper_1 align_none valign_top\"><div class=\"w-post-elm post_image usg_post_image_1 has_ratio\"><div style=\"padding-bottom:158.3333%\"><\/div><a href=\"https:\/\/pinkfrogs.it\/de\/produzione-cosmetici\/stick-und-gussteile\/\" aria-label=\"Stick und Gussteile\"><img loading=\"lazy\" decoding=\"async\" width=\"300\" height=\"500\" src=\"https:\/\/pinkfrogs.it\/wp-content\/uploads\/2023\/07\/Home-STICK.jpeg\" class=\"attachment-large size-large wp-post-image\" alt=\"\" srcset=\"https:\/\/pinkfrogs.it\/wp-content\/uploads\/2023\/07\/Home-STICK.jpeg 300w, https:\/\/pinkfrogs.it\/wp-content\/uploads\/2023\/07\/Home-STICK-180x300.jpeg 180w\" sizes=\"auto, (max-width: 300px) 100vw, 300px\" \/><\/a><\/div><h3 class=\"w-post-elm post_title usg_post_title_1 entry-title color_link_inherit\"><a href=\"https:\/\/pinkfrogs.it\/de\/produzione-cosmetici\/stick-und-gussteile\/\">Stick und Gussteile<\/a><\/h3><\/div>\t\t<\/div>\r\n\t<\/article>\r\n\t<article class=\"w-grid-item size_1x1 post-4631 produzione-cosmetici type-produzione-cosmetici status-publish has-post-thumbnail hentry\" data-id=\"4631\">\r\n\t\t<div class=\"w-grid-item-h\">\r\n\t\t\t\t\t\t\t<a href=\"https:\/\/pinkfrogs.it\/de\/produzione-cosmetici\/sonnenschutzkosmetik\/\" class=\"w-grid-item-anchor\" aria-label=\"Sonnenschutzkosmetik\"><\/a>\r\n\t\t\t\t\t\t<div class=\"w-vwrapper usg_vwrapper_1 align_none valign_top\"><div class=\"w-post-elm post_image usg_post_image_1 has_ratio\"><div style=\"padding-bottom:158.3333%\"><\/div><a href=\"https:\/\/pinkfrogs.it\/de\/produzione-cosmetici\/sonnenschutzkosmetik\/\" aria-label=\"Sonnenschutzkosmetik\"><img loading=\"lazy\" decoding=\"async\" width=\"300\" height=\"500\" src=\"https:\/\/pinkfrogs.it\/wp-content\/uploads\/2023\/07\/Solari.jpeg\" class=\"attachment-large size-large wp-post-image\" alt=\"\" srcset=\"https:\/\/pinkfrogs.it\/wp-content\/uploads\/2023\/07\/Solari.jpeg 300w, https:\/\/pinkfrogs.it\/wp-content\/uploads\/2023\/07\/Solari-180x300.jpeg 180w\" sizes=\"auto, (max-width: 300px) 100vw, 300px\" \/><\/a><\/div><h3 class=\"w-post-elm post_title usg_post_title_1 entry-title color_link_inherit\"><a href=\"https:\/\/pinkfrogs.it\/de\/produzione-cosmetici\/sonnenschutzkosmetik\/\">Sonnenschutzkosmetik<\/a><\/h3><\/div>\t\t<\/div>\r\n\t<\/article>\r\n\t<article class=\"w-grid-item size_1x1 post-4626 produzione-cosmetici type-produzione-cosmetici status-publish has-post-thumbnail hentry\" data-id=\"4626\">\r\n\t\t<div class=\"w-grid-item-h\">\r\n\t\t\t\t\t\t\t<a href=\"https:\/\/pinkfrogs.it\/de\/produzione-cosmetici\/auftragsherstellung-haareprodukten\/\" class=\"w-grid-item-anchor\" aria-label=\"Haare\"><\/a>\r\n\t\t\t\t\t\t<div class=\"w-vwrapper usg_vwrapper_1 align_none valign_top\"><div class=\"w-post-elm post_image usg_post_image_1 has_ratio\"><div style=\"padding-bottom:158.3333%\"><\/div><a href=\"https:\/\/pinkfrogs.it\/de\/produzione-cosmetici\/auftragsherstellung-haareprodukten\/\" aria-label=\"Haare\"><img loading=\"lazy\" decoding=\"async\" width=\"300\" height=\"500\" src=\"https:\/\/pinkfrogs.it\/wp-content\/uploads\/2023\/07\/capelli.jpeg\" class=\"attachment-large size-large wp-post-image\" alt=\"\" srcset=\"https:\/\/pinkfrogs.it\/wp-content\/uploads\/2023\/07\/capelli.jpeg 300w, https:\/\/pinkfrogs.it\/wp-content\/uploads\/2023\/07\/capelli-180x300.jpeg 180w\" sizes=\"auto, (max-width: 300px) 100vw, 300px\" \/><\/a><\/div><h3 class=\"w-post-elm post_title usg_post_title_1 entry-title color_link_inherit\"><a href=\"https:\/\/pinkfrogs.it\/de\/produzione-cosmetici\/auftragsherstellung-haareprodukten\/\">Haare<\/a><\/h3><\/div>\t\t<\/div>\r\n\t<\/article>\r\n\t<article class=\"w-grid-item size_1x1 post-4614 produzione-cosmetici type-produzione-cosmetici status-publish has-post-thumbnail hentry\" data-id=\"4614\">\r\n\t\t<div class=\"w-grid-item-h\">\r\n\t\t\t\t\t\t\t<a href=\"https:\/\/pinkfrogs.it\/de\/produzione-cosmetici\/lohnherstellung-hautpflege\/\" class=\"w-grid-item-anchor\" aria-label=\"Hautpflege\"><\/a>\r\n\t\t\t\t\t\t<div class=\"w-vwrapper usg_vwrapper_1 align_none valign_top\"><div class=\"w-post-elm post_image usg_post_image_1 has_ratio\"><div style=\"padding-bottom:158.3333%\"><\/div><a href=\"https:\/\/pinkfrogs.it\/de\/produzione-cosmetici\/lohnherstellung-hautpflege\/\" aria-label=\"Hautpflege\"><img loading=\"lazy\" decoding=\"async\" width=\"300\" height=\"500\" src=\"https:\/\/pinkfrogs.it\/wp-content\/uploads\/2023\/07\/Skincare.jpeg\" class=\"attachment-large size-large wp-post-image\" alt=\"\" srcset=\"https:\/\/pinkfrogs.it\/wp-content\/uploads\/2023\/07\/Skincare.jpeg 300w, https:\/\/pinkfrogs.it\/wp-content\/uploads\/2023\/07\/Skincare-180x300.jpeg 180w\" sizes=\"auto, (max-width: 300px) 100vw, 300px\" \/><\/a><\/div><h3 class=\"w-post-elm post_title usg_post_title_1 entry-title color_link_inherit\"><a href=\"https:\/\/pinkfrogs.it\/de\/produzione-cosmetici\/lohnherstellung-hautpflege\/\">Hautpflege<\/a><\/h3><\/div>\t\t<\/div>\r\n\t<\/article>\r\n<\/div><div class=\"w-grid-preloader\">\t<div class=\"g-preloader type_1\">\r\n\t\t<div><\/div>\r\n\t<\/div>\r\n\t<\/div>\t<div class=\"w-grid-json hidden\" onclick='return {&quot;action&quot;:&quot;us_ajax_grid&quot;,&quot;ajax_url&quot;:&quot;https:\\\/\\\/pinkfrogs.it\\\/wp-admin\\\/admin-ajax.php&quot;,&quot;infinite_scroll&quot;:0,&quot;max_num_pages&quot;:1,&quot;pagination&quot;:&quot;none&quot;,&quot;template_vars&quot;:{&quot;columns&quot;:&quot;3&quot;,&quot;exclude_items&quot;:&quot;none&quot;,&quot;img_size&quot;:&quot;default&quot;,&quot;ignore_items_size&quot;:0,&quot;items_layout&quot;:&quot;829&quot;,&quot;items_offset&quot;:&quot;1&quot;,&quot;load_animation&quot;:&quot;none&quot;,&quot;overriding_link&quot;:&quot;%7B%22type%22%3A%22post%22%7D&quot;,&quot;post_id&quot;:0,&quot;query_args&quot;:{&quot;post_type&quot;:[&quot;produzione-cosmetici&quot;],&quot;post_status&quot;:[&quot;publish&quot;,&quot;acf-disabled&quot;],&quot;posts_per_page&quot;:&quot;50&quot;},&quot;orderby_query_args&quot;:{&quot;orderby&quot;:{&quot;date&quot;:&quot;DESC&quot;}},&quot;type&quot;:&quot;grid&quot;,&quot;us_grid_ajax_index&quot;:1,&quot;us_grid_filter_params&quot;:[],&quot;us_grid_index&quot;:1,&quot;_us_grid_post_type&quot;:&quot;produzione-cosmetici&quot;,&quot;page_args&quot;:[],&quot;lang&quot;:&quot;de&quot;}}'><\/div>\r\n\t<\/div><div class=\"w-separator size_huge\"><\/div><\/div><\/div><\/div><\/div><\/section>\n","protected":false},"excerpt":{"rendered":"GesichtEgal, ob es sich um eine Basisformel oder eine hochwirksame Behandlung handelt, wir sind in der Lage, unsere Kunden zu \u00fcberraschen, indem wir das perfekte Gleichgewicht zwischen Wirksamkeit und Sinnlichkeit finden. Wir stellen f\u00fcr Dritte kosmetische Produkte her, die verschiedenen Hautbed\u00fcrfnissen gerecht werden: Anti-Aging Anti-Talg Feuchtigkeitsspender spezifisch (trockene, empfindliche Haut, Hautdyschromie,&#8230;) K\u00f6rperSch\u00f6nheit und Wellness gehen...","protected":false},"author":1,"featured_media":0,"parent":0,"menu_order":0,"comment_status":"closed","ping_status":"closed","template":"","meta":{"footnotes":""},"class_list":["post-4244","page","type-page","status-publish","hentry"],"acf":[],"yoast_head":"<!-- This site is optimized with the Yoast SEO plugin v21.5 - https:\/\/yoast.com\/wordpress\/plugins\/seo\/ -->\n<title>Produktion - Pink Frogs Cosmetics<\/title>\n<meta name=\"robots\" content=\"index, follow, max-snippet:-1, max-image-preview:large, max-video-preview:-1\" \/>\n<link rel=\"canonical\" href=\"https:\/\/pinkfrogs.it\/de\/produktion\/\" \/>\n<meta property=\"og:locale\" content=\"de_DE\" \/>\n<meta property=\"og:type\" content=\"article\" \/>\n<meta property=\"og:title\" content=\"Produktion - Pink Frogs Cosmetics\" \/>\n<meta property=\"og:url\" content=\"https:\/\/pinkfrogs.it\/de\/produktion\/\" \/>\n<meta property=\"og:site_name\" content=\"Pink Frogs Cosmetics\" \/>\n<meta property=\"article:modified_time\" content=\"2023-11-07T13:42:42+00:00\" \/>\n<meta name=\"twitter:card\" content=\"summary_large_image\" \/>\n<meta name=\"twitter:label1\" content=\"Gesch\u00e4tzte Lesezeit\" \/>\n\t<meta name=\"twitter:data1\" content=\"1\u00a0Minute\" \/>\n<script type=\"application\/ld+json\" class=\"yoast-schema-graph\">{\"@context\":\"https:\/\/schema.org\",\"@graph\":[{\"@type\":\"WebPage\",\"@id\":\"https:\/\/pinkfrogs.it\/de\/produktion\/\",\"url\":\"https:\/\/pinkfrogs.it\/de\/produktion\/\",\"name\":\"Produktion - Pink Frogs Cosmetics\",\"isPartOf\":{\"@id\":\"https:\/\/pinkfrogs.it\/de\/#website\"},\"datePublished\":\"2023-08-08T09:55:00+00:00\",\"dateModified\":\"2023-11-07T13:42:42+00:00\",\"breadcrumb\":{\"@id\":\"https:\/\/pinkfrogs.it\/de\/produktion\/#breadcrumb\"},\"inLanguage\":\"de\",\"potentialAction\":[{\"@type\":\"ReadAction\",\"target\":[\"https:\/\/pinkfrogs.it\/de\/produktion\/\"]}]},{\"@type\":\"BreadcrumbList\",\"@id\":\"https:\/\/pinkfrogs.it\/de\/produktion\/#breadcrumb\",\"itemListElement\":[{\"@type\":\"ListItem\",\"position\":1,\"name\":\"Home\",\"item\":\"https:\/\/pinkfrogs.it\/de\/\"},{\"@type\":\"ListItem\",\"position\":2,\"name\":\"Produktion\"}]},{\"@type\":\"WebSite\",\"@id\":\"https:\/\/pinkfrogs.it\/de\/#website\",\"url\":\"https:\/\/pinkfrogs.it\/de\/\",\"name\":\"Pink Frogs Cosmetics\",\"description\":\"\",\"potentialAction\":[{\"@type\":\"SearchAction\",\"target\":{\"@type\":\"EntryPoint\",\"urlTemplate\":\"https:\/\/pinkfrogs.it\/de\/?s={search_term_string}\"},\"query-input\":\"required name=search_term_string\"}],\"inLanguage\":\"de\"}]}<\/script>\n<!-- \/ Yoast SEO plugin. -->","yoast_head_json":{"title":"Produktion - Pink Frogs Cosmetics","robots":{"index":"index","follow":"follow","max-snippet":"max-snippet:-1","max-image-preview":"max-image-preview:large","max-video-preview":"max-video-preview:-1"},"canonical":"https:\/\/pinkfrogs.it\/de\/produktion\/","og_locale":"de_DE","og_type":"article","og_title":"Produktion - Pink Frogs Cosmetics","og_url":"https:\/\/pinkfrogs.it\/de\/produktion\/","og_site_name":"Pink Frogs Cosmetics","article_modified_time":"2023-11-07T13:42:42+00:00","twitter_card":"summary_large_image","twitter_misc":{"Gesch\u00e4tzte Lesezeit":"1\u00a0Minute"},"schema":{"@context":"https:\/\/schema.org","@graph":[{"@type":"WebPage","@id":"https:\/\/pinkfrogs.it\/de\/produktion\/","url":"https:\/\/pinkfrogs.it\/de\/produktion\/","name":"Produktion - Pink Frogs Cosmetics","isPartOf":{"@id":"https:\/\/pinkfrogs.it\/de\/#website"},"datePublished":"2023-08-08T09:55:00+00:00","dateModified":"2023-11-07T13:42:42+00:00","breadcrumb":{"@id":"https:\/\/pinkfrogs.it\/de\/produktion\/#breadcrumb"},"inLanguage":"de","potentialAction":[{"@type":"ReadAction","target":["https:\/\/pinkfrogs.it\/de\/produktion\/"]}]},{"@type":"BreadcrumbList","@id":"https:\/\/pinkfrogs.it\/de\/produktion\/#breadcrumb","itemListElement":[{"@type":"ListItem","position":1,"name":"Home","item":"https:\/\/pinkfrogs.it\/de\/"},{"@type":"ListItem","position":2,"name":"Produktion"}]},{"@type":"WebSite","@id":"https:\/\/pinkfrogs.it\/de\/#website","url":"https:\/\/pinkfrogs.it\/de\/","name":"Pink Frogs Cosmetics","description":"","potentialAction":[{"@type":"SearchAction","target":{"@type":"EntryPoint","urlTemplate":"https:\/\/pinkfrogs.it\/de\/?s={search_term_string}"},"query-input":"required name=search_term_string"}],"inLanguage":"de"}]}},"_links":{"self":[{"href":"https:\/\/pinkfrogs.it\/de\/wp-json\/wp\/v2\/pages\/4244","targetHints":{"allow":["GET"]}}],"collection":[{"href":"https:\/\/pinkfrogs.it\/de\/wp-json\/wp\/v2\/pages"}],"about":[{"href":"https:\/\/pinkfrogs.it\/de\/wp-json\/wp\/v2\/types\/page"}],"author":[{"embeddable":true,"href":"https:\/\/pinkfrogs.it\/de\/wp-json\/wp\/v2\/users\/1"}],"replies":[{"embeddable":true,"href":"https:\/\/pinkfrogs.it\/de\/wp-json\/wp\/v2\/comments?post=4244"}],"version-history":[{"count":2,"href":"https:\/\/pinkfrogs.it\/de\/wp-json\/wp\/v2\/pages\/4244\/revisions"}],"predecessor-version":[{"id":5021,"href":"https:\/\/pinkfrogs.it\/de\/wp-json\/wp\/v2\/pages\/4244\/revisions\/5021"}],"wp:attachment":[{"href":"https:\/\/pinkfrogs.it\/de\/wp-json\/wp\/v2\/media?parent=4244"}],"curies":[{"name":"wp","href":"https:\/\/api.w.org\/{rel}","templated":true}]}}