{"id":4216,"date":"2022-02-04T22:39:43","date_gmt":"2022-02-04T22:39:43","guid":{"rendered":"https:\/\/pinkfrogs.kifadesign.it\/v02\/team\/"},"modified":"2023-11-03T15:53:03","modified_gmt":"2023-11-03T15:53:03","slug":"team","status":"publish","type":"page","link":"https:\/\/pinkfrogs.it\/de\/team\/","title":{"rendered":"Team"},"content":{"rendered":"<section class=\"l-section wpb_row us_custom_9dc5eed9 height_large\"><div class=\"l-section-h i-cf\"><div class=\"g-cols vc_row via_grid cols_1 laptops-cols_inherit tablets-cols_inherit mobiles-cols_1 valign_top type_default stacking_default\"><div class=\"wpb_column vc_column_container\"><div class=\"vc_column-inner\"><h1 class=\"w-post-elm post_title align_center entry-title color_link_inherit\">Team<\/h1><\/div><\/div><\/div><\/div><\/section><section class=\"l-section wpb_row us_custom_887a049b height_huge\"><div class=\"l-section-h i-cf\"><div class=\"g-cols vc_row via_grid cols_3 laptops-cols_inherit tablets-cols_2 mobiles-cols_1 valign_top type_default\" style=\"--gap:3vw;\"><div class=\"wpb_column vc_column_container\"><div class=\"vc_column-inner\"><div class=\"w-image us_custom_81dbcac1 align_none\"><div class=\"w-image-h\"><img loading=\"lazy\" decoding=\"async\" width=\"1024\" height=\"576\" src=\"https:\/\/pinkfrogs.it\/wp-content\/uploads\/2023\/11\/sfondo-bianco-1024x576.png\" class=\"g-placeholder\" alt=\"\" srcset=\"https:\/\/pinkfrogs.it\/wp-content\/uploads\/2023\/11\/sfondo-bianco-1024x576.png 1024w, https:\/\/pinkfrogs.it\/wp-content\/uploads\/2023\/11\/sfondo-bianco-300x169.png 300w, https:\/\/pinkfrogs.it\/wp-content\/uploads\/2023\/11\/sfondo-bianco.png 1920w\" sizes=\"auto, (max-width: 1024px) 100vw, 1024px\" \/><\/div><\/div><div class=\"w-separator size_small\"><\/div><h2 class=\"w-text us_custom_5adac3db\"><span class=\"w-text-h\"><span class=\"w-text-value\">Miriam Cox<\/span><\/span><\/h2><div class=\"w-text us_custom_619f34e3 has_text_color\"><span class=\"w-text-h\"><span class=\"w-text-value\">Sch\u00f6nheitsbehandlungen<\/span><\/span><\/div><div class=\"w-separator size_small\"><\/div><\/div><\/div><div class=\"wpb_column vc_column_container\"><div class=\"vc_column-inner\"><div class=\"w-image us_custom_81dbcac1 align_none\"><div class=\"w-image-h\"><img loading=\"lazy\" decoding=\"async\" width=\"1024\" height=\"576\" src=\"https:\/\/pinkfrogs.it\/wp-content\/uploads\/2023\/11\/sfondo-bianco-1024x576.png\" class=\"g-placeholder\" alt=\"\" srcset=\"https:\/\/pinkfrogs.it\/wp-content\/uploads\/2023\/11\/sfondo-bianco-1024x576.png 1024w, https:\/\/pinkfrogs.it\/wp-content\/uploads\/2023\/11\/sfondo-bianco-300x169.png 300w, https:\/\/pinkfrogs.it\/wp-content\/uploads\/2023\/11\/sfondo-bianco.png 1920w\" sizes=\"auto, (max-width: 1024px) 100vw, 1024px\" \/><\/div><\/div><div class=\"w-separator size_small\"><\/div><h4 class=\"w-text us_custom_eb849559\"><span class=\"w-text-h\"><span class=\"w-text-value\">Pam Frank<\/span><\/span><\/h4><h6 class=\"w-text us_custom_ef929af2 has_text_color\"><span class=\"w-text-h\"><span class=\"w-text-value\">Schminke<\/span><\/span><\/h6><div class=\"w-separator size_small\"><\/div><\/div><\/div><div class=\"wpb_column vc_column_container\"><div class=\"vc_column-inner\"><div class=\"w-image us_custom_81dbcac1 align_none\"><div class=\"w-image-h\"><img loading=\"lazy\" decoding=\"async\" width=\"1024\" height=\"576\" src=\"https:\/\/pinkfrogs.it\/wp-content\/uploads\/2023\/11\/sfondo-bianco-1024x576.png\" class=\"g-placeholder\" alt=\"\" srcset=\"https:\/\/pinkfrogs.it\/wp-content\/uploads\/2023\/11\/sfondo-bianco-1024x576.png 1024w, https:\/\/pinkfrogs.it\/wp-content\/uploads\/2023\/11\/sfondo-bianco-300x169.png 300w, https:\/\/pinkfrogs.it\/wp-content\/uploads\/2023\/11\/sfondo-bianco.png 1920w\" sizes=\"auto, (max-width: 1024px) 100vw, 1024px\" \/><\/div><\/div><div class=\"w-separator size_small\"><\/div><h4 class=\"w-text us_custom_eb849559\"><span class=\"w-text-h\"><span class=\"w-text-value\">Raquel Pierce<\/span><\/span><\/h4><h6 class=\"w-text us_custom_ef929af2 has_text_color\"><span class=\"w-text-h\"><span class=\"w-text-value\">Sch\u00f6nheitsbehandlungen<\/span><\/span><\/h6><div class=\"w-separator size_small\"><\/div><\/div><\/div><div class=\"wpb_column vc_column_container\"><div class=\"vc_column-inner\"><div class=\"w-image us_custom_81dbcac1 align_none\"><div class=\"w-image-h\"><img loading=\"lazy\" decoding=\"async\" width=\"1024\" height=\"576\" src=\"https:\/\/pinkfrogs.it\/wp-content\/uploads\/2023\/11\/sfondo-bianco-1024x576.png\" class=\"g-placeholder\" alt=\"\" srcset=\"https:\/\/pinkfrogs.it\/wp-content\/uploads\/2023\/11\/sfondo-bianco-1024x576.png 1024w, https:\/\/pinkfrogs.it\/wp-content\/uploads\/2023\/11\/sfondo-bianco-300x169.png 300w, https:\/\/pinkfrogs.it\/wp-content\/uploads\/2023\/11\/sfondo-bianco.png 1920w\" sizes=\"auto, (max-width: 1024px) 100vw, 1024px\" \/><\/div><\/div><div class=\"w-separator size_small\"><\/div><h4 class=\"w-text us_custom_eb849559\"><span class=\"w-text-h\"><span class=\"w-text-value\">Brooke Busch<\/span><\/span><\/h4><h6 class=\"w-text us_custom_ef929af2 has_text_color\"><span class=\"w-text-h\"><span class=\"w-text-value\">Hautpflege<\/span><\/span><\/h6><div class=\"w-separator size_small\"><\/div><\/div><\/div><div class=\"wpb_column vc_column_container\"><div class=\"vc_column-inner\"><div class=\"w-image us_custom_81dbcac1 align_none\"><div class=\"w-image-h\"><img loading=\"lazy\" decoding=\"async\" width=\"1024\" height=\"576\" src=\"https:\/\/pinkfrogs.it\/wp-content\/uploads\/2023\/11\/sfondo-bianco-1024x576.png\" class=\"g-placeholder\" alt=\"\" srcset=\"https:\/\/pinkfrogs.it\/wp-content\/uploads\/2023\/11\/sfondo-bianco-1024x576.png 1024w, https:\/\/pinkfrogs.it\/wp-content\/uploads\/2023\/11\/sfondo-bianco-300x169.png 300w, https:\/\/pinkfrogs.it\/wp-content\/uploads\/2023\/11\/sfondo-bianco.png 1920w\" sizes=\"auto, (max-width: 1024px) 100vw, 1024px\" \/><\/div><\/div><div class=\"w-separator size_small\"><\/div><h4 class=\"w-text us_custom_eb849559\"><span class=\"w-text-h\"><span class=\"w-text-value\">Edith Lamm<\/span><\/span><\/h4><h6 class=\"w-text us_custom_ef929af2 has_text_color\"><span class=\"w-text-h\"><span class=\"w-text-value\">Wimpernverl\u00e4ngerung<\/span><\/span><\/h6><div class=\"w-separator size_small\"><\/div><\/div><\/div><div class=\"wpb_column vc_column_container\"><div class=\"vc_column-inner\"><div class=\"w-image us_custom_81dbcac1 align_none\"><div class=\"w-image-h\"><img loading=\"lazy\" decoding=\"async\" width=\"1024\" height=\"576\" src=\"https:\/\/pinkfrogs.it\/wp-content\/uploads\/2023\/11\/sfondo-bianco-1024x576.png\" class=\"g-placeholder\" alt=\"\" srcset=\"https:\/\/pinkfrogs.it\/wp-content\/uploads\/2023\/11\/sfondo-bianco-1024x576.png 1024w, https:\/\/pinkfrogs.it\/wp-content\/uploads\/2023\/11\/sfondo-bianco-300x169.png 300w, https:\/\/pinkfrogs.it\/wp-content\/uploads\/2023\/11\/sfondo-bianco.png 1920w\" sizes=\"auto, (max-width: 1024px) 100vw, 1024px\" \/><\/div><\/div><div class=\"w-separator size_small\"><\/div><h4 class=\"w-text us_custom_eb849559\"><span class=\"w-text-h\"><span class=\"w-text-value\">Jenny Allen<\/span><\/span><\/h4><h6 class=\"w-text us_custom_ef929af2 has_text_color\"><span class=\"w-text-h\"><span class=\"w-text-value\">Schminke<\/span><\/span><\/h6><div class=\"w-separator size_small\"><\/div><\/div><\/div><div class=\"wpb_column vc_column_container\"><div class=\"vc_column-inner\"><div class=\"w-image us_custom_81dbcac1 align_none\"><div class=\"w-image-h\"><img loading=\"lazy\" decoding=\"async\" width=\"1024\" height=\"576\" src=\"https:\/\/pinkfrogs.it\/wp-content\/uploads\/2023\/11\/sfondo-bianco-1024x576.png\" class=\"g-placeholder\" alt=\"\" srcset=\"https:\/\/pinkfrogs.it\/wp-content\/uploads\/2023\/11\/sfondo-bianco-1024x576.png 1024w, https:\/\/pinkfrogs.it\/wp-content\/uploads\/2023\/11\/sfondo-bianco-300x169.png 300w, https:\/\/pinkfrogs.it\/wp-content\/uploads\/2023\/11\/sfondo-bianco.png 1920w\" sizes=\"auto, (max-width: 1024px) 100vw, 1024px\" \/><\/div><\/div><div class=\"w-separator size_small\"><\/div><h4 class=\"w-text us_custom_eb849559\"><span class=\"w-text-h\"><span class=\"w-text-value\">Doreen Ross<\/span><\/span><\/h4><h6 class=\"w-text us_custom_ef929af2 has_text_color\"><span class=\"w-text-h\"><span class=\"w-text-value\">K\u00f6rperliche Erholung<\/span><\/span><\/h6><div class=\"w-separator size_small\"><\/div><\/div><\/div><div class=\"wpb_column vc_column_container\"><div class=\"vc_column-inner\"><div class=\"w-image us_custom_81dbcac1 align_none\"><div class=\"w-image-h\"><img loading=\"lazy\" decoding=\"async\" width=\"1024\" height=\"576\" src=\"https:\/\/pinkfrogs.it\/wp-content\/uploads\/2023\/11\/sfondo-bianco-1024x576.png\" class=\"g-placeholder\" alt=\"\" srcset=\"https:\/\/pinkfrogs.it\/wp-content\/uploads\/2023\/11\/sfondo-bianco-1024x576.png 1024w, https:\/\/pinkfrogs.it\/wp-content\/uploads\/2023\/11\/sfondo-bianco-300x169.png 300w, https:\/\/pinkfrogs.it\/wp-content\/uploads\/2023\/11\/sfondo-bianco.png 1920w\" sizes=\"auto, (max-width: 1024px) 100vw, 1024px\" \/><\/div><\/div><div class=\"w-separator size_small\"><\/div><h4 class=\"w-text us_custom_eb849559\"><span class=\"w-text-h\"><span class=\"w-text-value\">Cora Lloyd<\/span><\/span><\/h4><h6 class=\"w-text us_custom_ef929af2 has_text_color\"><span class=\"w-text-h\"><span class=\"w-text-value\">Schminke<\/span><\/span><\/h6><div class=\"w-separator size_small\"><\/div><\/div><\/div><div class=\"wpb_column vc_column_container\"><div class=\"vc_column-inner\"><div class=\"w-image us_custom_81dbcac1 align_none\"><div class=\"w-image-h\"><img loading=\"lazy\" decoding=\"async\" width=\"1024\" height=\"576\" src=\"https:\/\/pinkfrogs.it\/wp-content\/uploads\/2023\/11\/sfondo-bianco-1024x576.png\" class=\"g-placeholder\" alt=\"\" srcset=\"https:\/\/pinkfrogs.it\/wp-content\/uploads\/2023\/11\/sfondo-bianco-1024x576.png 1024w, https:\/\/pinkfrogs.it\/wp-content\/uploads\/2023\/11\/sfondo-bianco-300x169.png 300w, https:\/\/pinkfrogs.it\/wp-content\/uploads\/2023\/11\/sfondo-bianco.png 1920w\" sizes=\"auto, (max-width: 1024px) 100vw, 1024px\" \/><\/div><\/div><div class=\"w-separator size_small\"><\/div><h4 class=\"w-text us_custom_eb849559\"><span class=\"w-text-h\"><span class=\"w-text-value\">Emma Day<\/span><\/span><\/h4><h6 class=\"w-text us_custom_ef929af2 has_text_color\"><span class=\"w-text-h\"><span class=\"w-text-value\">Sch\u00f6nheitsbehandlungen<\/span><\/span><\/h6><div class=\"w-separator size_small\"><\/div><\/div><\/div><\/div><\/div><\/section>\n","protected":false},"excerpt":{"rendered":"TeamMiriam CoxSch\u00f6nheitsbehandlungenPam FrankSchminkeRaquel PierceSch\u00f6nheitsbehandlungenBrooke BuschHautpflegeEdith LammWimpernverl\u00e4ngerungJenny AllenSchminkeDoreen RossK\u00f6rperliche ErholungCora LloydSchminkeEmma DaySch\u00f6nheitsbehandlungen","protected":false},"author":1,"featured_media":0,"parent":0,"menu_order":0,"comment_status":"closed","ping_status":"closed","template":"","meta":{"footnotes":""},"class_list":["post-4216","page","type-page","status-publish","hentry"],"acf":[],"yoast_head":"<!-- This site is optimized with the Yoast SEO plugin v21.5 - https:\/\/yoast.com\/wordpress\/plugins\/seo\/ -->\n<title>Team - Pink Frogs Cosmetics<\/title>\n<meta name=\"robots\" content=\"index, follow, max-snippet:-1, max-image-preview:large, max-video-preview:-1\" \/>\n<link rel=\"canonical\" href=\"https:\/\/pinkfrogs.it\/de\/team\/\" \/>\n<meta property=\"og:locale\" content=\"de_DE\" \/>\n<meta property=\"og:type\" content=\"article\" \/>\n<meta property=\"og:title\" content=\"Team - Pink Frogs Cosmetics\" \/>\n<meta property=\"og:url\" content=\"https:\/\/pinkfrogs.it\/de\/team\/\" \/>\n<meta property=\"og:site_name\" content=\"Pink Frogs Cosmetics\" \/>\n<meta property=\"article:modified_time\" content=\"2023-11-03T15:53:03+00:00\" \/>\n<meta name=\"twitter:card\" content=\"summary_large_image\" \/>\n<meta name=\"twitter:label1\" content=\"Gesch\u00e4tzte Lesezeit\" \/>\n\t<meta name=\"twitter:data1\" content=\"3\u00a0Minuten\" \/>\n<script type=\"application\/ld+json\" class=\"yoast-schema-graph\">{\"@context\":\"https:\/\/schema.org\",\"@graph\":[{\"@type\":\"WebPage\",\"@id\":\"https:\/\/pinkfrogs.it\/de\/team\/\",\"url\":\"https:\/\/pinkfrogs.it\/de\/team\/\",\"name\":\"Team - Pink Frogs Cosmetics\",\"isPartOf\":{\"@id\":\"https:\/\/pinkfrogs.it\/de\/#website\"},\"datePublished\":\"2022-02-04T22:39:43+00:00\",\"dateModified\":\"2023-11-03T15:53:03+00:00\",\"breadcrumb\":{\"@id\":\"https:\/\/pinkfrogs.it\/de\/team\/#breadcrumb\"},\"inLanguage\":\"de\",\"potentialAction\":[{\"@type\":\"ReadAction\",\"target\":[\"https:\/\/pinkfrogs.it\/de\/team\/\"]}]},{\"@type\":\"BreadcrumbList\",\"@id\":\"https:\/\/pinkfrogs.it\/de\/team\/#breadcrumb\",\"itemListElement\":[{\"@type\":\"ListItem\",\"position\":1,\"name\":\"Home\",\"item\":\"https:\/\/pinkfrogs.it\/de\/\"},{\"@type\":\"ListItem\",\"position\":2,\"name\":\"Team\"}]},{\"@type\":\"WebSite\",\"@id\":\"https:\/\/pinkfrogs.it\/de\/#website\",\"url\":\"https:\/\/pinkfrogs.it\/de\/\",\"name\":\"Pink Frogs Cosmetics\",\"description\":\"\",\"potentialAction\":[{\"@type\":\"SearchAction\",\"target\":{\"@type\":\"EntryPoint\",\"urlTemplate\":\"https:\/\/pinkfrogs.it\/de\/?s={search_term_string}\"},\"query-input\":\"required name=search_term_string\"}],\"inLanguage\":\"de\"}]}<\/script>\n<!-- \/ Yoast SEO plugin. -->","yoast_head_json":{"title":"Team - Pink Frogs Cosmetics","robots":{"index":"index","follow":"follow","max-snippet":"max-snippet:-1","max-image-preview":"max-image-preview:large","max-video-preview":"max-video-preview:-1"},"canonical":"https:\/\/pinkfrogs.it\/de\/team\/","og_locale":"de_DE","og_type":"article","og_title":"Team - Pink Frogs Cosmetics","og_url":"https:\/\/pinkfrogs.it\/de\/team\/","og_site_name":"Pink Frogs Cosmetics","article_modified_time":"2023-11-03T15:53:03+00:00","twitter_card":"summary_large_image","twitter_misc":{"Gesch\u00e4tzte Lesezeit":"3\u00a0Minuten"},"schema":{"@context":"https:\/\/schema.org","@graph":[{"@type":"WebPage","@id":"https:\/\/pinkfrogs.it\/de\/team\/","url":"https:\/\/pinkfrogs.it\/de\/team\/","name":"Team - Pink Frogs Cosmetics","isPartOf":{"@id":"https:\/\/pinkfrogs.it\/de\/#website"},"datePublished":"2022-02-04T22:39:43+00:00","dateModified":"2023-11-03T15:53:03+00:00","breadcrumb":{"@id":"https:\/\/pinkfrogs.it\/de\/team\/#breadcrumb"},"inLanguage":"de","potentialAction":[{"@type":"ReadAction","target":["https:\/\/pinkfrogs.it\/de\/team\/"]}]},{"@type":"BreadcrumbList","@id":"https:\/\/pinkfrogs.it\/de\/team\/#breadcrumb","itemListElement":[{"@type":"ListItem","position":1,"name":"Home","item":"https:\/\/pinkfrogs.it\/de\/"},{"@type":"ListItem","position":2,"name":"Team"}]},{"@type":"WebSite","@id":"https:\/\/pinkfrogs.it\/de\/#website","url":"https:\/\/pinkfrogs.it\/de\/","name":"Pink Frogs Cosmetics","description":"","potentialAction":[{"@type":"SearchAction","target":{"@type":"EntryPoint","urlTemplate":"https:\/\/pinkfrogs.it\/de\/?s={search_term_string}"},"query-input":"required name=search_term_string"}],"inLanguage":"de"}]}},"_links":{"self":[{"href":"https:\/\/pinkfrogs.it\/de\/wp-json\/wp\/v2\/pages\/4216","targetHints":{"allow":["GET"]}}],"collection":[{"href":"https:\/\/pinkfrogs.it\/de\/wp-json\/wp\/v2\/pages"}],"about":[{"href":"https:\/\/pinkfrogs.it\/de\/wp-json\/wp\/v2\/types\/page"}],"author":[{"embeddable":true,"href":"https:\/\/pinkfrogs.it\/de\/wp-json\/wp\/v2\/users\/1"}],"replies":[{"embeddable":true,"href":"https:\/\/pinkfrogs.it\/de\/wp-json\/wp\/v2\/comments?post=4216"}],"version-history":[{"count":1,"href":"https:\/\/pinkfrogs.it\/de\/wp-json\/wp\/v2\/pages\/4216\/revisions"}],"predecessor-version":[{"id":4255,"href":"https:\/\/pinkfrogs.it\/de\/wp-json\/wp\/v2\/pages\/4216\/revisions\/4255"}],"wp:attachment":[{"href":"https:\/\/pinkfrogs.it\/de\/wp-json\/wp\/v2\/media?parent=4216"}],"curies":[{"name":"wp","href":"https:\/\/api.w.org\/{rel}","templated":true}]}}