{"id":4201,"date":"2023-09-15T09:54:09","date_gmt":"2023-09-15T09:54:09","guid":{"rendered":"https:\/\/pinkfrogs.kifadesign.it\/v02\/dienstleistungen\/"},"modified":"2023-11-03T15:52:58","modified_gmt":"2023-11-03T15:52:58","slug":"dienstleistungen","status":"publish","type":"page","link":"https:\/\/pinkfrogs.it\/de\/dienstleistungen\/","title":{"rendered":"Dienstleistungen"},"content":{"rendered":"<section class=\"l-section wpb_row height_large color_primary with_img parallax_ver\"><div class=\"l-section-img\" role=\"img\" data-img-width=\"2400\" data-img-height=\"800\" style=\"background-image: url(https:\/\/pinkfrogs.it\/wp-content\/uploads\/2023\/10\/SERVIZI-1.jpg);background-position: top center;background-repeat: no-repeat;\"><\/div><div class=\"l-section-overlay\" style=\"background:linear-gradient(0deg,rgba(235,124,162,0.45),rgba(56,56,56,0.3))\"><\/div><div class=\"l-section-h i-cf\"><div class=\"g-cols vc_row via_grid cols_1 laptops-cols_inherit tablets-cols_inherit mobiles-cols_1 valign_middle type_default stacking_default\"><div class=\"wpb_column vc_column_container\"><div class=\"vc_column-inner\"><h1 class=\"w-text us_custom_06a2e8f9\"><span class=\"w-text-h\"><span class=\"w-text-value\">Dienstleistungen<\/span><\/span><\/h1><div class=\"w-separator size_small\"><\/div><\/div><\/div><\/div><\/div><\/section><section class=\"l-section wpb_row us_custom_f5ed9809 height_medium\"><div class=\"l-section-h i-cf\"><div class=\"g-cols vc_row via_grid cols_1 laptops-cols_inherit tablets-cols_inherit mobiles-cols_1 valign_top type_default stacking_default\"><div class=\"wpb_column vc_column_container\"><div class=\"vc_column-inner\"><div class=\"wpb_text_column\"><div class=\"wpb_wrapper\"><p>Dank unserer langj\u00e4hrigen Erfahrung in der Kosmetikindustrie und einer gut etablierten internen Struktur beherrschen wir alle Prozesse zur <strong>Herstellung von Lohnkosmetik<\/strong> und k\u00f6nnen unseren Kunden eine breite Palette von Dienstleistungen zur Unterst\u00fctzung ihrer Markteinf\u00fchrungsstrategie auf dem Kosmetikmarkt anbieten.<\/p>\n<\/div><\/div><\/div><\/div><\/div><\/div><\/section><section class=\"l-section wpb_row height_medium\" id=\"supportomarketing\"><div class=\"l-section-h i-cf\"><div class=\"g-cols vc_row via_grid cols_1 laptops-cols_inherit tablets-cols_inherit mobiles-cols_1 valign_top type_default stacking_default\"><div class=\"wpb_column vc_column_container\"><div class=\"vc_column-inner\"><div class=\"g-cols wpb_row via_grid cols_1-2 laptops-cols_inherit tablets-cols_inherit mobiles-cols_1 valign_top type_default stacking_default\" style=\"--gap:3rem;\"><div class=\"wpb_column vc_column_container\"><div class=\"vc_column-inner\"><div class=\"w-image us_custom_81dbcac1 align_none\"><div class=\"w-image-h\"><img loading=\"lazy\" decoding=\"async\" width=\"800\" height=\"800\" src=\"https:\/\/pinkfrogs.it\/wp-content\/uploads\/2023\/10\/supporto-marketing.jpeg\" class=\"attachment-large size-large\" alt=\"\" srcset=\"https:\/\/pinkfrogs.it\/wp-content\/uploads\/2023\/10\/supporto-marketing.jpeg 800w, https:\/\/pinkfrogs.it\/wp-content\/uploads\/2023\/10\/supporto-marketing-300x300.jpeg 300w, https:\/\/pinkfrogs.it\/wp-content\/uploads\/2023\/10\/supporto-marketing-150x150.jpeg 150w\" sizes=\"auto, (max-width: 800px) 100vw, 800px\" \/><\/div><\/div><\/div><\/div><div class=\"wpb_column vc_column_container\"><div class=\"vc_column-inner\"><h2 class=\"w-text us_custom_1f257949\"><span class=\"w-text-h\"><span class=\"w-text-value\">Marketing-Unterst\u00fctzung<\/span><\/span><\/h2><div class=\"wpb_text_column\"><div class=\"wpb_wrapper\"><p>Affinit\u00e4ten zu Parallelbranchen (von Food bis Mode) aufgreifen, sich von Kontaminationen aus anderen L\u00e4ndern inspirieren lassen, mit neuen Gesten experimentieren und neue Konzepte kreieren: Das Marketing blickt bei uns weit voraus und unterst\u00fctzt unsere Kunden mit einer umfassenden Beratung, die bei der Konzeption beginnt und bis zur Produktschulung des Au\u00dfendienstes reicht.<br \/>\nWir lieben es, unsere Kunden \u00fcber Einf\u00fchrungsstrategien und neue Marktchancen zu informieren, wir beraten sie bei der Auswahl der modernsten Assets und jedes Projekt wird von Ad-hoc-Kommunikationsmitteln begleitet, um seine Eigenschaften und Funktionen zu f\u00f6rdern.<\/p>\n<\/div><\/div><\/div><\/div><\/div><\/div><\/div><\/div><\/div><\/section><section class=\"l-section wpb_row us_custom_b91424ac height_huge\" id=\"Forschungsvorschlag\"><div class=\"l-section-h i-cf\"><div class=\"g-cols vc_row via_grid cols_1 laptops-cols_inherit tablets-cols_inherit mobiles-cols_1 valign_top type_default stacking_default\"><div class=\"wpb_column vc_column_container\"><div class=\"vc_column-inner\"><div class=\"g-cols wpb_row via_grid cols_2-1 laptops-cols_inherit tablets-cols_inherit mobiles-cols_1 valign_top type_default stacking_default\" style=\"--gap:3rem;\"><div class=\"wpb_column vc_column_container\"><div class=\"vc_column-inner\"><h2 class=\"w-text us_custom_1f257949\"><span class=\"w-text-h\"><span class=\"w-text-value\">Verpackungsforschung und -vorschlag<\/span><\/span><\/h2><div class=\"wpb_text_column\"><div class=\"wpb_wrapper\"><p><span class=\"OYPEnA text-decoration-none text-strikethrough-none\">Eine ausgezeichnete Formel muss in einer geeigneten Verpackung enthalten sein, die ihre Wirksamkeit unterstreicht und eine Markenidentit\u00e4t widerspiegelt. Aus diesem Grund unterst\u00fctzen wir Sie bei der Auswahl und dem Kauf der am besten geeigneten Verpackung (von der Prim\u00e4r- bis zur Sekund\u00e4rverpackung), indem wir auf eine ausgew\u00e4hlte Lieferantenkette zur\u00fcckgreifen und Ihnen die beste L\u00f6sung in Bezug auf Material und Verarbeitung garantieren.<\/span><\/p>\n<\/div><\/div><\/div><\/div><div class=\"wpb_column vc_column_container\"><div class=\"vc_column-inner\"><div class=\"w-image us_custom_81dbcac1 align_none\"><div class=\"w-image-h\"><img loading=\"lazy\" decoding=\"async\" width=\"800\" height=\"800\" src=\"https:\/\/pinkfrogs.it\/wp-content\/uploads\/2023\/10\/Ricerca-proposta-pack.jpeg\" class=\"attachment-large size-large\" alt=\"\" srcset=\"https:\/\/pinkfrogs.it\/wp-content\/uploads\/2023\/10\/Ricerca-proposta-pack.jpeg 800w, https:\/\/pinkfrogs.it\/wp-content\/uploads\/2023\/10\/Ricerca-proposta-pack-300x300.jpeg 300w, https:\/\/pinkfrogs.it\/wp-content\/uploads\/2023\/10\/Ricerca-proposta-pack-150x150.jpeg 150w\" sizes=\"auto, (max-width: 800px) 100vw, 800px\" \/><\/div><\/div><\/div><\/div><\/div><\/div><\/div><\/div><\/div><\/section><section class=\"l-section wpb_row us_custom_b91424ac height_huge\" id=\"regulatorische Beratung\"><div class=\"l-section-h i-cf\"><div class=\"g-cols vc_row via_grid cols_1 laptops-cols_inherit tablets-cols_inherit mobiles-cols_1 valign_top type_default stacking_default\"><div class=\"wpb_column vc_column_container\"><div class=\"vc_column-inner\"><div class=\"g-cols wpb_row via_grid cols_1-2 laptops-cols_inherit tablets-cols_inherit mobiles-cols_1 valign_top type_default stacking_default\" style=\"--gap:3rem;\"><div class=\"wpb_column vc_column_container\"><div class=\"vc_column-inner\"><div class=\"w-image us_custom_81dbcac1 align_none\"><div class=\"w-image-h\"><img loading=\"lazy\" decoding=\"async\" width=\"800\" height=\"800\" src=\"https:\/\/pinkfrogs.it\/wp-content\/uploads\/2023\/10\/Consulenza-Regolatoria-Internazionale.jpeg\" class=\"attachment-large size-large\" alt=\"\" srcset=\"https:\/\/pinkfrogs.it\/wp-content\/uploads\/2023\/10\/Consulenza-Regolatoria-Internazionale.jpeg 800w, https:\/\/pinkfrogs.it\/wp-content\/uploads\/2023\/10\/Consulenza-Regolatoria-Internazionale-300x300.jpeg 300w, https:\/\/pinkfrogs.it\/wp-content\/uploads\/2023\/10\/Consulenza-Regolatoria-Internazionale-150x150.jpeg 150w\" sizes=\"auto, (max-width: 800px) 100vw, 800px\" \/><\/div><\/div><\/div><\/div><div class=\"wpb_column vc_column_container\"><div class=\"vc_column-inner\"><h2 class=\"w-text us_custom_1f257949\"><span class=\"w-text-h\"><span class=\"w-text-value\">Internationale regulatorische Beratung<\/span><\/span><\/h2><div class=\"wpb_text_column\"><div class=\"wpb_wrapper\"><p><span class=\"OYPEnA text-decoration-none text-strikethrough-none\">Wir verf\u00fcgen \u00fcber eine eigene Zulassungsabteilung, die sich st\u00e4ndig \u00fcber die geltenden Vorschriften informiert, um die Konformit\u00e4t der Produkte sicherzustellen und die entsprechenden technischen und wissenschaftlichen Unterlagen zu erstellen. Zu den angebotenen Dienstleistungen geh\u00f6ren: Erstellung von PIF (Product Information File), CPNP-Meldung, Produktsicherheitsbewertung, Unterst\u00fctzung der Kunden bei der \u00dcberpr\u00fcfung von Etikettenangaben und -anforderungen, Beantragung von Freiverkaufszertifikaten (CLV).<\/span><\/p>\n<\/div><\/div><\/div><\/div><\/div><\/div><\/div><\/div><\/div><\/section><section class=\"l-section wpb_row height_huge\" id=\"Testanalyse\"><div class=\"l-section-h i-cf\"><div class=\"g-cols vc_row via_grid cols_1 laptops-cols_inherit tablets-cols_inherit mobiles-cols_1 valign_top type_default stacking_default\"><div class=\"wpb_column vc_column_container\"><div class=\"vc_column-inner\"><div class=\"g-cols wpb_row via_grid cols_2-1 laptops-cols_inherit tablets-cols_inherit mobiles-cols_1 valign_top type_default stacking_default\" style=\"--gap:3rem;\"><div class=\"wpb_column vc_column_container\"><div class=\"vc_column-inner\"><h2 class=\"w-text us_custom_1f257949\"><span class=\"w-text-h\"><span class=\"w-text-value\">Wirksamkeitstests<\/span><\/span><\/h2><div class=\"wpb_text_column\"><div class=\"wpb_wrapper\"><p>Wir entwickeln die innovativsten Produkte, indem wir alle Labort\u00e4tigkeiten koordinieren, um ihre Wirksamkeit zur Unterst\u00fctzung einer wirkungsvollen Kommunikation zu testen.<br \/>\nKundenanfragen zur Wirksamkeitspr\u00fcfung von Rezepturen bearbeiten wir in Zusammenarbeit mit zertifizierten Pr\u00fcflabors.<br \/>\nWir bieten einen direkten Testservice f\u00fcr Formeln an, um die feuchtigkeitsspendende, pigmentierende, schuppungshemmende und elastifizierende Wirkung von Gesichts- und K\u00f6rperprodukten nachzuweisen.<br \/>\nAu\u00dferdem f\u00fchren wir bei jeder Produktionscharge Schwermetalltests durch, um den Schutz empfindlicher Verbraucher zu gew\u00e4hrleisten. <\/p>\n<\/div><\/div><\/div><\/div><div class=\"wpb_column vc_column_container\"><div class=\"vc_column-inner\"><div class=\"w-image us_custom_81dbcac1 align_none\"><div class=\"w-image-h\"><img loading=\"lazy\" decoding=\"async\" width=\"800\" height=\"800\" src=\"https:\/\/pinkfrogs.it\/wp-content\/uploads\/2023\/10\/test-analisi.jpeg\" class=\"attachment-large size-large\" alt=\"\" srcset=\"https:\/\/pinkfrogs.it\/wp-content\/uploads\/2023\/10\/test-analisi.jpeg 800w, https:\/\/pinkfrogs.it\/wp-content\/uploads\/2023\/10\/test-analisi-300x300.jpeg 300w, https:\/\/pinkfrogs.it\/wp-content\/uploads\/2023\/10\/test-analisi-150x150.jpeg 150w\" sizes=\"auto, (max-width: 800px) 100vw, 800px\" \/><\/div><\/div><\/div><\/div><\/div><\/div><\/div><\/div><\/div><\/section>\n","protected":false},"excerpt":{"rendered":"DienstleistungenDank unserer langj\u00e4hrigen Erfahrung in der Kosmetikindustrie und einer gut etablierten internen Struktur beherrschen wir alle Prozesse zur Herstellung von Lohnkosmetik und k\u00f6nnen unseren Kunden eine breite Palette von Dienstleistungen zur Unterst\u00fctzung ihrer Markteinf\u00fchrungsstrategie auf dem Kosmetikmarkt anbieten. Marketing-Unterst\u00fctzungAffinit\u00e4ten zu Parallelbranchen (von Food bis Mode) aufgreifen, sich von Kontaminationen aus anderen L\u00e4ndern inspirieren lassen, mit...","protected":false},"author":1,"featured_media":0,"parent":0,"menu_order":0,"comment_status":"closed","ping_status":"closed","template":"","meta":{"footnotes":""},"class_list":["post-4201","page","type-page","status-publish","hentry"],"acf":[],"yoast_head":"<!-- This site is optimized with the Yoast SEO plugin v21.5 - https:\/\/yoast.com\/wordpress\/plugins\/seo\/ -->\n<title>Dienstleistungen - Pink Frogs Cosmetics<\/title>\n<meta name=\"robots\" content=\"index, follow, max-snippet:-1, max-image-preview:large, max-video-preview:-1\" \/>\n<link rel=\"canonical\" href=\"https:\/\/pinkfrogs.it\/de\/dienstleistungen\/\" \/>\n<meta property=\"og:locale\" content=\"de_DE\" \/>\n<meta property=\"og:type\" content=\"article\" \/>\n<meta property=\"og:title\" content=\"Dienstleistungen - Pink Frogs Cosmetics\" \/>\n<meta property=\"og:url\" content=\"https:\/\/pinkfrogs.it\/de\/dienstleistungen\/\" \/>\n<meta property=\"og:site_name\" content=\"Pink Frogs Cosmetics\" \/>\n<meta property=\"article:modified_time\" content=\"2023-11-03T15:52:58+00:00\" \/>\n<meta name=\"twitter:card\" content=\"summary_large_image\" \/>\n<meta name=\"twitter:label1\" content=\"Gesch\u00e4tzte Lesezeit\" \/>\n\t<meta name=\"twitter:data1\" content=\"4\u00a0Minuten\" \/>\n<script type=\"application\/ld+json\" class=\"yoast-schema-graph\">{\"@context\":\"https:\/\/schema.org\",\"@graph\":[{\"@type\":\"WebPage\",\"@id\":\"https:\/\/pinkfrogs.it\/de\/dienstleistungen\/\",\"url\":\"https:\/\/pinkfrogs.it\/de\/dienstleistungen\/\",\"name\":\"Dienstleistungen - Pink Frogs Cosmetics\",\"isPartOf\":{\"@id\":\"https:\/\/pinkfrogs.it\/de\/#website\"},\"datePublished\":\"2023-09-15T09:54:09+00:00\",\"dateModified\":\"2023-11-03T15:52:58+00:00\",\"breadcrumb\":{\"@id\":\"https:\/\/pinkfrogs.it\/de\/dienstleistungen\/#breadcrumb\"},\"inLanguage\":\"de\",\"potentialAction\":[{\"@type\":\"ReadAction\",\"target\":[\"https:\/\/pinkfrogs.it\/de\/dienstleistungen\/\"]}]},{\"@type\":\"BreadcrumbList\",\"@id\":\"https:\/\/pinkfrogs.it\/de\/dienstleistungen\/#breadcrumb\",\"itemListElement\":[{\"@type\":\"ListItem\",\"position\":1,\"name\":\"Home\",\"item\":\"https:\/\/pinkfrogs.it\/de\/\"},{\"@type\":\"ListItem\",\"position\":2,\"name\":\"Dienstleistungen\"}]},{\"@type\":\"WebSite\",\"@id\":\"https:\/\/pinkfrogs.it\/de\/#website\",\"url\":\"https:\/\/pinkfrogs.it\/de\/\",\"name\":\"Pink Frogs Cosmetics\",\"description\":\"\",\"potentialAction\":[{\"@type\":\"SearchAction\",\"target\":{\"@type\":\"EntryPoint\",\"urlTemplate\":\"https:\/\/pinkfrogs.it\/de\/?s={search_term_string}\"},\"query-input\":\"required name=search_term_string\"}],\"inLanguage\":\"de\"}]}<\/script>\n<!-- \/ Yoast SEO plugin. -->","yoast_head_json":{"title":"Dienstleistungen - Pink Frogs Cosmetics","robots":{"index":"index","follow":"follow","max-snippet":"max-snippet:-1","max-image-preview":"max-image-preview:large","max-video-preview":"max-video-preview:-1"},"canonical":"https:\/\/pinkfrogs.it\/de\/dienstleistungen\/","og_locale":"de_DE","og_type":"article","og_title":"Dienstleistungen - Pink Frogs Cosmetics","og_url":"https:\/\/pinkfrogs.it\/de\/dienstleistungen\/","og_site_name":"Pink Frogs Cosmetics","article_modified_time":"2023-11-03T15:52:58+00:00","twitter_card":"summary_large_image","twitter_misc":{"Gesch\u00e4tzte Lesezeit":"4\u00a0Minuten"},"schema":{"@context":"https:\/\/schema.org","@graph":[{"@type":"WebPage","@id":"https:\/\/pinkfrogs.it\/de\/dienstleistungen\/","url":"https:\/\/pinkfrogs.it\/de\/dienstleistungen\/","name":"Dienstleistungen - Pink Frogs Cosmetics","isPartOf":{"@id":"https:\/\/pinkfrogs.it\/de\/#website"},"datePublished":"2023-09-15T09:54:09+00:00","dateModified":"2023-11-03T15:52:58+00:00","breadcrumb":{"@id":"https:\/\/pinkfrogs.it\/de\/dienstleistungen\/#breadcrumb"},"inLanguage":"de","potentialAction":[{"@type":"ReadAction","target":["https:\/\/pinkfrogs.it\/de\/dienstleistungen\/"]}]},{"@type":"BreadcrumbList","@id":"https:\/\/pinkfrogs.it\/de\/dienstleistungen\/#breadcrumb","itemListElement":[{"@type":"ListItem","position":1,"name":"Home","item":"https:\/\/pinkfrogs.it\/de\/"},{"@type":"ListItem","position":2,"name":"Dienstleistungen"}]},{"@type":"WebSite","@id":"https:\/\/pinkfrogs.it\/de\/#website","url":"https:\/\/pinkfrogs.it\/de\/","name":"Pink Frogs Cosmetics","description":"","potentialAction":[{"@type":"SearchAction","target":{"@type":"EntryPoint","urlTemplate":"https:\/\/pinkfrogs.it\/de\/?s={search_term_string}"},"query-input":"required name=search_term_string"}],"inLanguage":"de"}]}},"_links":{"self":[{"href":"https:\/\/pinkfrogs.it\/de\/wp-json\/wp\/v2\/pages\/4201","targetHints":{"allow":["GET"]}}],"collection":[{"href":"https:\/\/pinkfrogs.it\/de\/wp-json\/wp\/v2\/pages"}],"about":[{"href":"https:\/\/pinkfrogs.it\/de\/wp-json\/wp\/v2\/types\/page"}],"author":[{"embeddable":true,"href":"https:\/\/pinkfrogs.it\/de\/wp-json\/wp\/v2\/users\/1"}],"replies":[{"embeddable":true,"href":"https:\/\/pinkfrogs.it\/de\/wp-json\/wp\/v2\/comments?post=4201"}],"version-history":[{"count":1,"href":"https:\/\/pinkfrogs.it\/de\/wp-json\/wp\/v2\/pages\/4201\/revisions"}],"predecessor-version":[{"id":4210,"href":"https:\/\/pinkfrogs.it\/de\/wp-json\/wp\/v2\/pages\/4201\/revisions\/4210"}],"wp:attachment":[{"href":"https:\/\/pinkfrogs.it\/de\/wp-json\/wp\/v2\/media?parent=4201"}],"curies":[{"name":"wp","href":"https:\/\/api.w.org\/{rel}","templated":true}]}}