{"id":4191,"date":"2023-08-08T09:38:19","date_gmt":"2023-08-08T09:38:19","guid":{"rendered":"https:\/\/pinkfrogs.kifadesign.it\/v02\/qualitaet\/"},"modified":"2024-01-30T09:15:05","modified_gmt":"2024-01-30T09:15:05","slug":"qualitaet","status":"publish","type":"page","link":"https:\/\/pinkfrogs.it\/de\/qualitaet\/","title":{"rendered":"Qualit\u00e4t"},"content":{"rendered":"<section class=\"l-section wpb_row height_large color_primary with_img parallax_ver\"><div class=\"l-section-img\" role=\"img\" data-img-width=\"2400\" data-img-height=\"800\" style=\"background-image: url(https:\/\/pinkfrogs.it\/wp-content\/uploads\/2023\/10\/AZIENDA-La-qualita.jpg);background-repeat: no-repeat;\"><\/div><div class=\"l-section-overlay\" style=\"background:linear-gradient(0deg,rgba(235,124,162,0.45),rgba(56,56,56,0.3))\"><\/div><div class=\"l-section-h i-cf\"><div class=\"g-cols vc_row via_grid cols_1 laptops-cols_inherit tablets-cols_inherit mobiles-cols_1 valign_middle type_default stacking_default\"><div class=\"wpb_column vc_column_container\"><div class=\"vc_column-inner\"><h1 class=\"w-text us_custom_d2692c71\"><span class=\"w-text-h\"><span class=\"w-text-value\">Qualit\u00e4t<\/span><\/span><\/h1><div class=\"w-separator size_small\"><\/div><\/div><\/div><\/div><\/div><\/section><section class=\"l-section wpb_row us_custom_f5ed9809 height_medium\"><div class=\"l-section-h i-cf\"><div class=\"g-cols vc_row via_grid cols_1 laptops-cols_inherit tablets-cols_inherit mobiles-cols_1 valign_top type_default stacking_default\"><div class=\"wpb_column vc_column_container\"><div class=\"vc_column-inner\"><div class=\"wpb_text_column\"><div class=\"wpb_wrapper\"><p>Pink Frogs Cosmetics ist seit 45 Jahren ein industrieller Partner f\u00fcr die Entwicklung, Produktion und Verpackung f\u00fchrender <strong>italienischer und internationaler Kosmetikmarken<\/strong>.<\/p>\n<p>Als <strong>Hersteller von Vertragskosmetika<\/strong>, der sich durch hohe Standards in Bezug auf Qualit\u00e4t, Sicherheit und Wirksamkeit auszeichnet, sind wir bestrebt, unsere Arbeit st\u00e4ndig zu verbessern.\u00a0Unsere Arbeit wird gewissenhaft nach den Regeln und Ma\u00dfnahmen der Garantie und Qualit\u00e4t verwaltet. Ein pr\u00e4ziser Service, der f\u00fcr unsere Kunden den Unterschied ausmacht.<\/p>\n<p>Durch <strong>Certiquality<\/strong> hat Pink Frogs Cosmetics sein Qualit\u00e4tssystem nach <strong>ISO 9001, 22716, 14001<\/strong> zertifiziert.<\/p>\n<\/div><\/div><div class=\"w-separator size_large\"><\/div><div class=\"g-cols wpb_row via_grid cols_3 laptops-cols_inherit tablets-cols_inherit mobiles-cols_1 valign_top type_default stacking_default\" style=\"--gap:3rem;\"><div class=\"wpb_column vc_column_container us_custom_eb849559\"><div class=\"vc_column-inner\"><div class=\"w-image us_custom_3162ec6e align_center\"><div class=\"w-image-h\"><img loading=\"lazy\" decoding=\"async\" width=\"426\" height=\"426\" src=\"https:\/\/pinkfrogs.it\/wp-content\/uploads\/2023\/09\/Iso9001-2015.png\" class=\"attachment-large size-large\" alt=\"\" srcset=\"https:\/\/pinkfrogs.it\/wp-content\/uploads\/2023\/09\/Iso9001-2015.png 426w, https:\/\/pinkfrogs.it\/wp-content\/uploads\/2023\/09\/Iso9001-2015-300x300.png 300w, https:\/\/pinkfrogs.it\/wp-content\/uploads\/2023\/09\/Iso9001-2015-150x150.png 150w\" sizes=\"auto, (max-width: 426px) 100vw, 426px\" \/><\/div><\/div><h3 class=\"w-text us_custom_aedc6d51\"><span class=\"w-text-h\"><span class=\"w-text-value\">ISO 9001<\/span><\/span><\/h3><div class=\"wpb_text_column\"><div class=\"wpb_wrapper\"><p style=\"text-align: center;\"><span class=\"OYPEnA text-decoration-none text-strikethrough-none\">Die international anerkannte Qualit\u00e4tsnorm ISO 9001 ist ein unverzichtbarer Indikator f\u00fcr die \u00dcberwachung eines kontinuierlichen Verbesserungsprozesses in Qualit\u00e4tsmanagementsystemen.<\/span><\/p>\n<p style=\"text-align: center;\"><a href=\"https:\/\/pinkfrogs.it\/wp-content\/uploads\/2024\/01\/ISO9001_131023.pdf\">Klicken Sie hier<\/a>, um das von Certiquality ausgestellte Zertifikat einzusehen.<\/p>\n<\/div><\/div><\/div><\/div><div class=\"wpb_column vc_column_container\"><div class=\"vc_column-inner\"><div class=\"w-image us_custom_3162ec6e align_center\"><div class=\"w-image-h\"><img loading=\"lazy\" decoding=\"async\" width=\"426\" height=\"426\" src=\"https:\/\/pinkfrogs.it\/wp-content\/uploads\/2023\/09\/Iso22716-2007.png\" class=\"attachment-large size-large\" alt=\"\" srcset=\"https:\/\/pinkfrogs.it\/wp-content\/uploads\/2023\/09\/Iso22716-2007.png 426w, https:\/\/pinkfrogs.it\/wp-content\/uploads\/2023\/09\/Iso22716-2007-300x300.png 300w, https:\/\/pinkfrogs.it\/wp-content\/uploads\/2023\/09\/Iso22716-2007-150x150.png 150w\" sizes=\"auto, (max-width: 426px) 100vw, 426px\" \/><\/div><\/div><h3 class=\"w-text us_custom_aedc6d51\"><span class=\"w-text-h\"><span class=\"w-text-value\">ISO 22716<\/span><\/span><\/h3><div class=\"wpb_text_column\"><div class=\"wpb_wrapper\"><p style=\"text-align: center;\">Gute Herstellungspraktiken (GMP) sind eine grundlegende Konstante in unserer Arbeit.<\/p>\n<p style=\"text-align: center;\"><a href=\"https:\/\/pinkfrogs.it\/wp-content\/uploads\/2024\/01\/ISO-22716-60857_091023.pdf\">Klicken Sie hier<\/a>, um das von Certiquality ausgestellte Zertifikat einzusehen.<\/p>\n<\/div><\/div><\/div><\/div><div class=\"wpb_column vc_column_container\"><div class=\"vc_column-inner\"><div class=\"w-image us_custom_3162ec6e align_center\"><div class=\"w-image-h\"><img loading=\"lazy\" decoding=\"async\" width=\"426\" height=\"426\" src=\"https:\/\/pinkfrogs.it\/wp-content\/uploads\/2023\/09\/Iso14001-2015.png\" class=\"attachment-large size-large\" alt=\"\" srcset=\"https:\/\/pinkfrogs.it\/wp-content\/uploads\/2023\/09\/Iso14001-2015.png 426w, https:\/\/pinkfrogs.it\/wp-content\/uploads\/2023\/09\/Iso14001-2015-300x300.png 300w, https:\/\/pinkfrogs.it\/wp-content\/uploads\/2023\/09\/Iso14001-2015-150x150.png 150w\" sizes=\"auto, (max-width: 426px) 100vw, 426px\" \/><\/div><\/div><h3 class=\"w-text us_custom_aedc6d51\"><span class=\"w-text-h\"><span class=\"w-text-value\">ISO 14001<\/span><\/span><\/h3><div class=\"wpb_text_column\"><div class=\"wpb_wrapper\"><p style=\"text-align: center;\">Zur Unterst\u00fctzung unseres Nachhaltigkeitsplans haben wir auch die Zertifizierung nach ISO 14001 erhalten, um unser Umweltmanagement zu bewerten.<\/p>\n<p style=\"text-align: center;\"><a href=\"https:\/\/pinkfrogs.it\/wp-content\/uploads\/2024\/01\/ISO-140001-19857_311023.pdf\">Klicken Sie hier<\/a>, um das von Certiquality ausgestellte Zertifikat einzusehen.<\/p>\n<\/div><\/div><\/div><\/div><\/div><div class=\"w-separator size_huge\"><\/div><\/div><\/div><\/div><\/div><\/section>\n","protected":false},"excerpt":{"rendered":"Qualit\u00e4tPink Frogs Cosmetics ist seit 45 Jahren ein industrieller Partner f\u00fcr die Entwicklung, Produktion und Verpackung f\u00fchrender italienischer und internationaler Kosmetikmarken. Als Hersteller von Vertragskosmetika, der sich durch hohe Standards in Bezug auf Qualit\u00e4t, Sicherheit und Wirksamkeit auszeichnet, sind wir bestrebt, unsere Arbeit st\u00e4ndig zu verbessern.\u00a0Unsere Arbeit wird gewissenhaft nach den Regeln und Ma\u00dfnahmen der...","protected":false},"author":1,"featured_media":0,"parent":0,"menu_order":0,"comment_status":"closed","ping_status":"closed","template":"","meta":{"footnotes":""},"class_list":["post-4191","page","type-page","status-publish","hentry"],"acf":[],"yoast_head":"<!-- This site is optimized with the Yoast SEO plugin v21.5 - https:\/\/yoast.com\/wordpress\/plugins\/seo\/ -->\n<title>Qualit\u00e4t - Pink Frogs Cosmetics<\/title>\n<meta name=\"robots\" content=\"index, follow, max-snippet:-1, max-image-preview:large, max-video-preview:-1\" \/>\n<link rel=\"canonical\" href=\"https:\/\/pinkfrogs.it\/de\/qualitaet\/\" \/>\n<meta property=\"og:locale\" content=\"de_DE\" \/>\n<meta property=\"og:type\" content=\"article\" \/>\n<meta property=\"og:title\" content=\"Qualit\u00e4t - Pink Frogs Cosmetics\" \/>\n<meta property=\"og:url\" content=\"https:\/\/pinkfrogs.it\/de\/qualitaet\/\" \/>\n<meta property=\"og:site_name\" content=\"Pink Frogs Cosmetics\" \/>\n<meta property=\"article:modified_time\" content=\"2024-01-30T09:15:05+00:00\" \/>\n<meta name=\"twitter:card\" content=\"summary_large_image\" \/>\n<meta name=\"twitter:label1\" content=\"Gesch\u00e4tzte Lesezeit\" \/>\n\t<meta name=\"twitter:data1\" content=\"2\u00a0Minuten\" \/>\n<script type=\"application\/ld+json\" class=\"yoast-schema-graph\">{\"@context\":\"https:\/\/schema.org\",\"@graph\":[{\"@type\":\"WebPage\",\"@id\":\"https:\/\/pinkfrogs.it\/de\/qualitaet\/\",\"url\":\"https:\/\/pinkfrogs.it\/de\/qualitaet\/\",\"name\":\"Qualit\u00e4t - Pink Frogs Cosmetics\",\"isPartOf\":{\"@id\":\"https:\/\/pinkfrogs.it\/de\/#website\"},\"datePublished\":\"2023-08-08T09:38:19+00:00\",\"dateModified\":\"2024-01-30T09:15:05+00:00\",\"breadcrumb\":{\"@id\":\"https:\/\/pinkfrogs.it\/de\/qualitaet\/#breadcrumb\"},\"inLanguage\":\"de\",\"potentialAction\":[{\"@type\":\"ReadAction\",\"target\":[\"https:\/\/pinkfrogs.it\/de\/qualitaet\/\"]}]},{\"@type\":\"BreadcrumbList\",\"@id\":\"https:\/\/pinkfrogs.it\/de\/qualitaet\/#breadcrumb\",\"itemListElement\":[{\"@type\":\"ListItem\",\"position\":1,\"name\":\"Home\",\"item\":\"https:\/\/pinkfrogs.it\/de\/\"},{\"@type\":\"ListItem\",\"position\":2,\"name\":\"Qualit\u00e4t\"}]},{\"@type\":\"WebSite\",\"@id\":\"https:\/\/pinkfrogs.it\/de\/#website\",\"url\":\"https:\/\/pinkfrogs.it\/de\/\",\"name\":\"Pink Frogs Cosmetics\",\"description\":\"\",\"potentialAction\":[{\"@type\":\"SearchAction\",\"target\":{\"@type\":\"EntryPoint\",\"urlTemplate\":\"https:\/\/pinkfrogs.it\/de\/?s={search_term_string}\"},\"query-input\":\"required name=search_term_string\"}],\"inLanguage\":\"de\"}]}<\/script>\n<!-- \/ Yoast SEO plugin. -->","yoast_head_json":{"title":"Qualit\u00e4t - Pink Frogs Cosmetics","robots":{"index":"index","follow":"follow","max-snippet":"max-snippet:-1","max-image-preview":"max-image-preview:large","max-video-preview":"max-video-preview:-1"},"canonical":"https:\/\/pinkfrogs.it\/de\/qualitaet\/","og_locale":"de_DE","og_type":"article","og_title":"Qualit\u00e4t - Pink Frogs Cosmetics","og_url":"https:\/\/pinkfrogs.it\/de\/qualitaet\/","og_site_name":"Pink Frogs Cosmetics","article_modified_time":"2024-01-30T09:15:05+00:00","twitter_card":"summary_large_image","twitter_misc":{"Gesch\u00e4tzte Lesezeit":"2\u00a0Minuten"},"schema":{"@context":"https:\/\/schema.org","@graph":[{"@type":"WebPage","@id":"https:\/\/pinkfrogs.it\/de\/qualitaet\/","url":"https:\/\/pinkfrogs.it\/de\/qualitaet\/","name":"Qualit\u00e4t - Pink Frogs Cosmetics","isPartOf":{"@id":"https:\/\/pinkfrogs.it\/de\/#website"},"datePublished":"2023-08-08T09:38:19+00:00","dateModified":"2024-01-30T09:15:05+00:00","breadcrumb":{"@id":"https:\/\/pinkfrogs.it\/de\/qualitaet\/#breadcrumb"},"inLanguage":"de","potentialAction":[{"@type":"ReadAction","target":["https:\/\/pinkfrogs.it\/de\/qualitaet\/"]}]},{"@type":"BreadcrumbList","@id":"https:\/\/pinkfrogs.it\/de\/qualitaet\/#breadcrumb","itemListElement":[{"@type":"ListItem","position":1,"name":"Home","item":"https:\/\/pinkfrogs.it\/de\/"},{"@type":"ListItem","position":2,"name":"Qualit\u00e4t"}]},{"@type":"WebSite","@id":"https:\/\/pinkfrogs.it\/de\/#website","url":"https:\/\/pinkfrogs.it\/de\/","name":"Pink Frogs Cosmetics","description":"","potentialAction":[{"@type":"SearchAction","target":{"@type":"EntryPoint","urlTemplate":"https:\/\/pinkfrogs.it\/de\/?s={search_term_string}"},"query-input":"required name=search_term_string"}],"inLanguage":"de"}]}},"_links":{"self":[{"href":"https:\/\/pinkfrogs.it\/de\/wp-json\/wp\/v2\/pages\/4191","targetHints":{"allow":["GET"]}}],"collection":[{"href":"https:\/\/pinkfrogs.it\/de\/wp-json\/wp\/v2\/pages"}],"about":[{"href":"https:\/\/pinkfrogs.it\/de\/wp-json\/wp\/v2\/types\/page"}],"author":[{"embeddable":true,"href":"https:\/\/pinkfrogs.it\/de\/wp-json\/wp\/v2\/users\/1"}],"replies":[{"embeddable":true,"href":"https:\/\/pinkfrogs.it\/de\/wp-json\/wp\/v2\/comments?post=4191"}],"version-history":[{"count":5,"href":"https:\/\/pinkfrogs.it\/de\/wp-json\/wp\/v2\/pages\/4191\/revisions"}],"predecessor-version":[{"id":6366,"href":"https:\/\/pinkfrogs.it\/de\/wp-json\/wp\/v2\/pages\/4191\/revisions\/6366"}],"wp:attachment":[{"href":"https:\/\/pinkfrogs.it\/de\/wp-json\/wp\/v2\/media?parent=4191"}],"curies":[{"name":"wp","href":"https:\/\/api.w.org\/{rel}","templated":true}]}}