{"id":4144,"date":"2023-08-08T09:37:05","date_gmt":"2023-08-08T09:37:05","guid":{"rendered":"https:\/\/pinkfrogs.kifadesign.it\/v02\/organisation\/"},"modified":"2023-11-03T15:52:59","modified_gmt":"2023-11-03T15:52:59","slug":"organisation","status":"publish","type":"page","link":"https:\/\/pinkfrogs.it\/de\/organisation\/","title":{"rendered":"Organisation"},"content":{"rendered":"<section class=\"l-section wpb_row height_large color_primary with_img parallax_ver\"><div class=\"l-section-img\" role=\"img\" data-img-width=\"2400\" data-img-height=\"800\" style=\"background-image: url(https:\/\/pinkfrogs.it\/wp-content\/uploads\/2023\/10\/AZIENDA-Organizzazione.jpg);background-repeat: no-repeat;\"><\/div><div class=\"l-section-overlay\" style=\"background:linear-gradient(0deg,rgba(235,124,162,0.45),rgba(56,56,56,0.3))\"><\/div><div class=\"l-section-h i-cf\"><div class=\"g-cols vc_row via_grid cols_1 laptops-cols_inherit tablets-cols_inherit mobiles-cols_1 valign_middle type_default stacking_default\"><div class=\"wpb_column vc_column_container\"><div class=\"vc_column-inner\"><h1 class=\"w-text us_custom_06a2e8f9\"><span class=\"w-text-h\"><span class=\"w-text-value\">Organisation<\/span><\/span><\/h1><div class=\"w-separator size_small\"><\/div><\/div><\/div><\/div><\/div><\/section><section class=\"l-section wpb_row us_custom_f5ed9809 height_medium\"><div class=\"l-section-h i-cf\"><div class=\"g-cols vc_row via_grid cols_1 laptops-cols_inherit tablets-cols_inherit mobiles-cols_1 valign_middle type_default stacking_default\"><div class=\"wpb_column vc_column_container\"><div class=\"vc_column-inner\"><div class=\"wpb_text_column\"><div class=\"wpb_wrapper\"><p>Dank einer umfassenden, integrierten Organisationsstruktur k\u00f6nnen wir <strong>einen kompletten Service<\/strong> zur Identifizierung und Positionierung kosmetischer Produkte in den Zielm\u00e4rkten <strong>anbieten<\/strong> und unsere Kunden bei ihrem Erfolg unterst\u00fctzen.<br \/>\nWir verf\u00fcgen \u00fcber ein Team von Fachleuten, die in Synergie zusammenarbeiten, um die <strong>Kundenunternehmen<\/strong> umfassend <strong>zu unterst\u00fctzen<\/strong>. Heute geht es bei der kosmetischen Auftragsproduktion nicht nur darum, die Anforderungen eines Kunden zu erf\u00fcllen, sondern <strong>eine echte Partnerschaft<\/strong> mit dem Ziel einer kontinuierlichen Unterst\u00fctzung aufzubauen. <strong>Wir sind ein Partner<\/strong>, nicht nur ein Lieferant.<\/p>\n<\/div><\/div><\/div><\/div><\/div><\/div><\/section><section class=\"l-section wpb_row height_medium\"><div class=\"l-section-h i-cf\"><div class=\"g-cols vc_row via_grid cols_1-2 laptops-cols_inherit tablets-cols_inherit mobiles-cols_1 valign_top type_default stacking_default\"><div class=\"wpb_column vc_column_container\"><div class=\"vc_column-inner\"><div class=\"w-image us_custom_70cfe74d has_ratio align_none\"><div class=\"w-image-h\"><div style=\"padding-bottom:75%\"><\/div><img loading=\"lazy\" decoding=\"async\" width=\"800\" height=\"800\" src=\"https:\/\/pinkfrogs.it\/wp-content\/uploads\/2023\/10\/ORGANIZZAZIONE-RicercaSviluppo.jpg\" class=\"attachment-full size-full\" alt=\"\" srcset=\"https:\/\/pinkfrogs.it\/wp-content\/uploads\/2023\/10\/ORGANIZZAZIONE-RicercaSviluppo.jpg 800w, https:\/\/pinkfrogs.it\/wp-content\/uploads\/2023\/10\/ORGANIZZAZIONE-RicercaSviluppo-300x300.jpg 300w, https:\/\/pinkfrogs.it\/wp-content\/uploads\/2023\/10\/ORGANIZZAZIONE-RicercaSviluppo-150x150.jpg 150w\" sizes=\"auto, (max-width: 800px) 100vw, 800px\" \/><\/div><\/div><\/div><\/div><div class=\"wpb_column vc_column_container\"><div class=\"vc_column-inner\"><h2 class=\"w-text us_custom_1f257949\"><span class=\"w-text-h\"><span class=\"w-text-value\">Forschung und Entwicklung<\/span><\/span><\/h2><div class=\"wpb_text_column\"><div class=\"wpb_wrapper\"><p>Wir k\u00f6nnen auf ein Team von <strong>Formulierern und Labortechnikern<\/strong> z\u00e4hlen, die jeden Tag <strong>innovative<\/strong> und innovative <strong>Texturen<\/strong> kreieren und verfeinern, die den Anforderungen an Modernit\u00e4t, saubere Sch\u00f6nheit, Sinnlichkeit und Nat\u00fcrlichkeit entsprechen.<br \/>\nInnovation ist das Leitmotiv, das uns auszeichnet: Wir haben uns auf die Kreation und <strong>Auftragsherstellung von Formeln<\/strong> mit &#8222;Wow-Effekt&#8220; spezialisiert, die durch ihr sektor\u00fcbergreifendes Know-how in den Bereichen Gesicht, K\u00f6rper, Haar, Duft und Pharmazeutika bestechen.<br \/>\nBereits in der Entwicklungs- und Konzeptionsphase der Formel <strong>testen<\/strong> wir ihre <strong>Leistungsf\u00e4higkeit<\/strong> mit Hilfe von Instrumenten, die es uns erm\u00f6glichen, ihre Wirksamkeit in Bezug auf die <strong>Hydratation<\/strong>, die <strong>Talgregationsregulierung<\/strong>, die <strong>Dyschromie<\/strong> und die <strong>Elastizit\u00e4t<\/strong> der <strong>Haut<\/strong> im Verlauf zu messen.<\/p>\n<\/div><\/div><\/div><\/div><\/div><\/div><\/section><section class=\"l-section wpb_row height_medium\"><div class=\"l-section-h i-cf\"><div class=\"g-cols vc_row via_grid cols_2-1 laptops-cols_inherit tablets-cols_inherit mobiles-cols_1 valign_top type_default stacking_default\"><div class=\"wpb_column vc_column_container\"><div class=\"vc_column-inner\"><h2 class=\"w-text us_custom_1f257949\"><span class=\"w-text-h\"><span class=\"w-text-value\">Marketing<\/span><\/span><\/h2><div class=\"wpb_text_column\"><div class=\"wpb_wrapper\"><p>Die Marketingabteilung ist eine perfekte Kombination aus Fachwissen und Innovation. Sie ist ein Schl\u00fcsselelement, um die W\u00fcnsche der Kunden mit dem besten Produktangebot zu verbinden.<br \/>\nSie antizipiert Trends, identifiziert die erfolgreichsten Produkte, setzt sie in innovative Ideen um und passt sie an, indem sie eine<strong>ma\u00dfgeschneiderte Markenidentit\u00e4t<\/strong> schafft.<br \/>\nKontinuierliche Beobachtung des Marktes, der Trends und der weltweiten Markteinf\u00fchrungen erm\u00f6glichen es uns, kompetenten Service und<strong>Unterst\u00fctzung<\/strong> in Bezug auf <strong>Rezeptur<\/strong> und <strong>Verpackung<\/strong> zu bieten.<\/p>\n<\/div><\/div><\/div><\/div><div class=\"wpb_column vc_column_container\"><div class=\"vc_column-inner\"><div class=\"w-image us_custom_70cfe74d has_ratio align_none\"><div class=\"w-image-h\"><div style=\"padding-bottom:75%\"><\/div><img loading=\"lazy\" decoding=\"async\" width=\"800\" height=\"800\" src=\"https:\/\/pinkfrogs.it\/wp-content\/uploads\/2023\/10\/ORGANIZZAZIONE-Marketing.jpg\" class=\"attachment-full size-full\" alt=\"\" srcset=\"https:\/\/pinkfrogs.it\/wp-content\/uploads\/2023\/10\/ORGANIZZAZIONE-Marketing.jpg 800w, https:\/\/pinkfrogs.it\/wp-content\/uploads\/2023\/10\/ORGANIZZAZIONE-Marketing-300x300.jpg 300w, https:\/\/pinkfrogs.it\/wp-content\/uploads\/2023\/10\/ORGANIZZAZIONE-Marketing-150x150.jpg 150w\" sizes=\"auto, (max-width: 800px) 100vw, 800px\" \/><\/div><\/div><\/div><\/div><\/div><\/div><\/section><section class=\"l-section wpb_row height_medium\"><div class=\"l-section-h i-cf\"><div class=\"g-cols vc_row via_grid cols_1-2 laptops-cols_inherit tablets-cols_inherit mobiles-cols_1 valign_top type_default stacking_default\"><div class=\"wpb_column vc_column_container\"><div class=\"vc_column-inner\"><div class=\"w-image us_custom_70cfe74d has_ratio align_none\"><div class=\"w-image-h\"><div style=\"padding-bottom:75%\"><\/div><img loading=\"lazy\" decoding=\"async\" width=\"800\" height=\"800\" src=\"https:\/\/pinkfrogs.it\/wp-content\/uploads\/2023\/10\/ORGANIZZAZIONE-Sviluppo-Prodotto.jpg\" class=\"attachment-full size-full\" alt=\"\" srcset=\"https:\/\/pinkfrogs.it\/wp-content\/uploads\/2023\/10\/ORGANIZZAZIONE-Sviluppo-Prodotto.jpg 800w, https:\/\/pinkfrogs.it\/wp-content\/uploads\/2023\/10\/ORGANIZZAZIONE-Sviluppo-Prodotto-300x300.jpg 300w, https:\/\/pinkfrogs.it\/wp-content\/uploads\/2023\/10\/ORGANIZZAZIONE-Sviluppo-Prodotto-150x150.jpg 150w\" sizes=\"auto, (max-width: 800px) 100vw, 800px\" \/><\/div><\/div><\/div><\/div><div class=\"wpb_column vc_column_container\"><div class=\"vc_column-inner\"><h2 class=\"w-text us_custom_1f257949\"><span class=\"w-text-h\"><span class=\"w-text-value\">Produktentwicklung<\/span><\/span><\/h2><div class=\"wpb_text_column\"><div class=\"wpb_wrapper\"><p class=\"cvGsUA direction-ltr align-start para-style-body\"><span class=\"OYPEnA text-decoration-none text-strikethrough-none\">Ein kosmetisches Produkt auf den Markt zu bringen bedeutet f\u00fcr uns, den gesamten Prozess seiner Entstehung unter Kontrolle zu haben. Die Beauftragung unserer Experten erm\u00f6glicht es uns, einen exzellenten Service zu gew\u00e4hrleisten, um die Verf\u00fcgbarkeit eines Produkts oder ganzer Produktlinien zum richtigen Zeitpunkt zu garantieren, indem wir jede Phase der Umsetzung \u00fcberwachen und die Beziehungen zu allen beteiligten Lieferanten verwalten.<\/span><\/p>\n<\/div><\/div><\/div><\/div><\/div><\/div><\/section><section class=\"l-section wpb_row height_medium\"><div class=\"l-section-h i-cf\"><div class=\"g-cols vc_row via_grid cols_2-1 laptops-cols_inherit tablets-cols_inherit mobiles-cols_1 valign_top type_default stacking_default\"><div class=\"wpb_column vc_column_container\"><div class=\"vc_column-inner\"><h2 class=\"w-text us_custom_1f257949\"><span class=\"w-text-h\"><span class=\"w-text-value\">Produktion und Verpackung<\/span><\/span><\/h2><div class=\"wpb_text_column\"><div class=\"wpb_wrapper\"><p>Wir befassen uns mit mehreren Arten von Formeln in ebenso vielen verschiedenen Verpackungen. Wir verf\u00fcgen \u00fcber einen <b>gro\u00dfen technologischen Bereich<\/b> f\u00fcr die Herstellung von Emulsionen, Tensiolithen, Lotionen, Gelen, Salben, Hotmelts (Sticks, Wachse,&#8230;), Parf\u00fcms, Minigr\u00f6\u00dfen. Unser Rohstofflager ist vollst\u00e4ndig mit Strichcodes versehen, so dass jede <b>Produktion genau und leicht r\u00fcckverfolgbar<\/b> ist. Wir k\u00fcmmern uns um jede Phase der Verpackung im Haus: manuelles und automatisches Kartonieren, Etikettieren und Cellophanieren.<br \/>\nDar\u00fcber hinaus verf\u00fcgen wir \u00fcber eine Hochleistungsmaschine, die das Abf\u00fcllen und Verpacken von Mini-Parf\u00fcmfl\u00e4schchen (mit Karton und Flow-Pack) in einem Schritt erledigen kann.<\/p>\n<\/div><\/div><\/div><\/div><div class=\"wpb_column vc_column_container\"><div class=\"vc_column-inner\"><div class=\"w-image us_custom_70cfe74d has_ratio align_none\"><div class=\"w-image-h\"><div style=\"padding-bottom:75%\"><\/div><img loading=\"lazy\" decoding=\"async\" width=\"800\" height=\"800\" src=\"https:\/\/pinkfrogs.it\/wp-content\/uploads\/2023\/10\/ORGANIZZAZIONE-Reparti-Produzione-confezionamento.jpg\" class=\"attachment-full size-full\" alt=\"\" srcset=\"https:\/\/pinkfrogs.it\/wp-content\/uploads\/2023\/10\/ORGANIZZAZIONE-Reparti-Produzione-confezionamento.jpg 800w, https:\/\/pinkfrogs.it\/wp-content\/uploads\/2023\/10\/ORGANIZZAZIONE-Reparti-Produzione-confezionamento-300x300.jpg 300w, https:\/\/pinkfrogs.it\/wp-content\/uploads\/2023\/10\/ORGANIZZAZIONE-Reparti-Produzione-confezionamento-150x150.jpg 150w\" sizes=\"auto, (max-width: 800px) 100vw, 800px\" \/><\/div><\/div><\/div><\/div><\/div><\/div><\/section><section class=\"l-section wpb_row height_auto\"><div class=\"l-section-h i-cf\"><div class=\"g-cols vc_row via_grid cols_1 laptops-cols_inherit tablets-cols_inherit mobiles-cols_1 valign_top type_default stacking_default\"><div class=\"wpb_column vc_column_container\"><div class=\"vc_column-inner\"><div class=\"w-separator size_medium\"><\/div><\/div><\/div><\/div><\/div><\/section>\n","protected":false},"excerpt":{"rendered":"OrganisationDank einer umfassenden, integrierten Organisationsstruktur k\u00f6nnen wir einen kompletten Service zur Identifizierung und Positionierung kosmetischer Produkte in den Zielm\u00e4rkten anbieten und unsere Kunden bei ihrem Erfolg unterst\u00fctzen. Wir verf\u00fcgen \u00fcber ein Team von Fachleuten, die in Synergie zusammenarbeiten, um die Kundenunternehmen umfassend zu unterst\u00fctzen. Heute geht es bei der kosmetischen Auftragsproduktion nicht nur darum, die...","protected":false},"author":1,"featured_media":0,"parent":0,"menu_order":0,"comment_status":"closed","ping_status":"closed","template":"","meta":{"footnotes":""},"class_list":["post-4144","page","type-page","status-publish","hentry"],"acf":[],"yoast_head":"<!-- This site is optimized with the Yoast SEO plugin v21.5 - https:\/\/yoast.com\/wordpress\/plugins\/seo\/ -->\n<title>Organisation - Pink Frogs Cosmetics<\/title>\n<meta name=\"robots\" content=\"index, follow, max-snippet:-1, max-image-preview:large, max-video-preview:-1\" \/>\n<link rel=\"canonical\" href=\"https:\/\/pinkfrogs.it\/de\/organisation\/\" \/>\n<meta property=\"og:locale\" content=\"de_DE\" \/>\n<meta property=\"og:type\" content=\"article\" \/>\n<meta property=\"og:title\" content=\"Organisation - Pink Frogs Cosmetics\" \/>\n<meta property=\"og:url\" content=\"https:\/\/pinkfrogs.it\/de\/organisation\/\" \/>\n<meta property=\"og:site_name\" content=\"Pink Frogs Cosmetics\" \/>\n<meta property=\"article:modified_time\" content=\"2023-11-03T15:52:59+00:00\" \/>\n<meta name=\"twitter:card\" content=\"summary_large_image\" \/>\n<meta name=\"twitter:label1\" content=\"Gesch\u00e4tzte Lesezeit\" \/>\n\t<meta name=\"twitter:data1\" content=\"5\u00a0Minuten\" \/>\n<script type=\"application\/ld+json\" class=\"yoast-schema-graph\">{\"@context\":\"https:\/\/schema.org\",\"@graph\":[{\"@type\":\"WebPage\",\"@id\":\"https:\/\/pinkfrogs.it\/de\/organisation\/\",\"url\":\"https:\/\/pinkfrogs.it\/de\/organisation\/\",\"name\":\"Organisation - Pink Frogs Cosmetics\",\"isPartOf\":{\"@id\":\"https:\/\/pinkfrogs.it\/de\/#website\"},\"datePublished\":\"2023-08-08T09:37:05+00:00\",\"dateModified\":\"2023-11-03T15:52:59+00:00\",\"breadcrumb\":{\"@id\":\"https:\/\/pinkfrogs.it\/de\/organisation\/#breadcrumb\"},\"inLanguage\":\"de\",\"potentialAction\":[{\"@type\":\"ReadAction\",\"target\":[\"https:\/\/pinkfrogs.it\/de\/organisation\/\"]}]},{\"@type\":\"BreadcrumbList\",\"@id\":\"https:\/\/pinkfrogs.it\/de\/organisation\/#breadcrumb\",\"itemListElement\":[{\"@type\":\"ListItem\",\"position\":1,\"name\":\"Home\",\"item\":\"https:\/\/pinkfrogs.it\/de\/\"},{\"@type\":\"ListItem\",\"position\":2,\"name\":\"Organisation\"}]},{\"@type\":\"WebSite\",\"@id\":\"https:\/\/pinkfrogs.it\/de\/#website\",\"url\":\"https:\/\/pinkfrogs.it\/de\/\",\"name\":\"Pink Frogs Cosmetics\",\"description\":\"\",\"potentialAction\":[{\"@type\":\"SearchAction\",\"target\":{\"@type\":\"EntryPoint\",\"urlTemplate\":\"https:\/\/pinkfrogs.it\/de\/?s={search_term_string}\"},\"query-input\":\"required name=search_term_string\"}],\"inLanguage\":\"de\"}]}<\/script>\n<!-- \/ Yoast SEO plugin. -->","yoast_head_json":{"title":"Organisation - Pink Frogs Cosmetics","robots":{"index":"index","follow":"follow","max-snippet":"max-snippet:-1","max-image-preview":"max-image-preview:large","max-video-preview":"max-video-preview:-1"},"canonical":"https:\/\/pinkfrogs.it\/de\/organisation\/","og_locale":"de_DE","og_type":"article","og_title":"Organisation - Pink Frogs Cosmetics","og_url":"https:\/\/pinkfrogs.it\/de\/organisation\/","og_site_name":"Pink Frogs Cosmetics","article_modified_time":"2023-11-03T15:52:59+00:00","twitter_card":"summary_large_image","twitter_misc":{"Gesch\u00e4tzte Lesezeit":"5\u00a0Minuten"},"schema":{"@context":"https:\/\/schema.org","@graph":[{"@type":"WebPage","@id":"https:\/\/pinkfrogs.it\/de\/organisation\/","url":"https:\/\/pinkfrogs.it\/de\/organisation\/","name":"Organisation - Pink Frogs Cosmetics","isPartOf":{"@id":"https:\/\/pinkfrogs.it\/de\/#website"},"datePublished":"2023-08-08T09:37:05+00:00","dateModified":"2023-11-03T15:52:59+00:00","breadcrumb":{"@id":"https:\/\/pinkfrogs.it\/de\/organisation\/#breadcrumb"},"inLanguage":"de","potentialAction":[{"@type":"ReadAction","target":["https:\/\/pinkfrogs.it\/de\/organisation\/"]}]},{"@type":"BreadcrumbList","@id":"https:\/\/pinkfrogs.it\/de\/organisation\/#breadcrumb","itemListElement":[{"@type":"ListItem","position":1,"name":"Home","item":"https:\/\/pinkfrogs.it\/de\/"},{"@type":"ListItem","position":2,"name":"Organisation"}]},{"@type":"WebSite","@id":"https:\/\/pinkfrogs.it\/de\/#website","url":"https:\/\/pinkfrogs.it\/de\/","name":"Pink Frogs Cosmetics","description":"","potentialAction":[{"@type":"SearchAction","target":{"@type":"EntryPoint","urlTemplate":"https:\/\/pinkfrogs.it\/de\/?s={search_term_string}"},"query-input":"required name=search_term_string"}],"inLanguage":"de"}]}},"_links":{"self":[{"href":"https:\/\/pinkfrogs.it\/de\/wp-json\/wp\/v2\/pages\/4144","targetHints":{"allow":["GET"]}}],"collection":[{"href":"https:\/\/pinkfrogs.it\/de\/wp-json\/wp\/v2\/pages"}],"about":[{"href":"https:\/\/pinkfrogs.it\/de\/wp-json\/wp\/v2\/types\/page"}],"author":[{"embeddable":true,"href":"https:\/\/pinkfrogs.it\/de\/wp-json\/wp\/v2\/users\/1"}],"replies":[{"embeddable":true,"href":"https:\/\/pinkfrogs.it\/de\/wp-json\/wp\/v2\/comments?post=4144"}],"version-history":[{"count":10,"href":"https:\/\/pinkfrogs.it\/de\/wp-json\/wp\/v2\/pages\/4144\/revisions"}],"predecessor-version":[{"id":4301,"href":"https:\/\/pinkfrogs.it\/de\/wp-json\/wp\/v2\/pages\/4144\/revisions\/4301"}],"wp:attachment":[{"href":"https:\/\/pinkfrogs.it\/de\/wp-json\/wp\/v2\/media?parent=4144"}],"curies":[{"name":"wp","href":"https:\/\/api.w.org\/{rel}","templated":true}]}}